{"id":3696,"date":"2020-01-31T12:35:30","date_gmt":"2020-01-31T11:35:30","guid":{"rendered":"https:\/\/stalag-moosburg.de\/?page_id=3696"},"modified":"2026-03-17T13:48:43","modified_gmt":"2026-03-17T12:48:43","slug":"wir-ueber-uns","status":"publish","type":"page","link":"https:\/\/stalag-moosburg.de\/fr\/verein\/wir-ueber-uns\/","title":{"rendered":"Qui sommes-nous"},"content":{"rendered":"<p><div class=\"fusion-fullwidth fullwidth-box fusion-builder-row-1 nonhundred-percent-fullwidth non-hundred-percent-height-scrolling\" style=\"--awb-border-radius-top-left:0px;--awb-border-radius-top-right:0px;--awb-border-radius-bottom-right:0px;--awb-border-radius-bottom-left:0px;--awb-padding-bottom:0px;--awb-margin-bottom:0px;--awb-flex-wrap:wrap;\" ><div class=\"fusion-builder-row fusion-row\"><div class=\"fusion-layout-column fusion_builder_column fusion-builder-column-0 fusion_builder_column_1_1 1_1 fusion-one-full fusion-column-first fusion-column-last\" style=\"--awb-bg-size:cover;\"><div class=\"fusion-column-wrapper fusion-column-has-shadow fusion-flex-column-wrapper-legacy\"><div class=\"fusion-text fusion-text-1\"><h1 style=\"text-align: center;\">Stalag Moosburg e.V.<\/h1>\n<h2 style=\"text-align: center;\">Verein zur F\u00f6rderung interkultureller Begegnung<\/h2>\n<\/div><div class=\"fusion-clearfix\"><\/div><\/div><\/div><\/div><\/div><div class=\"fusion-fullwidth fullwidth-box fusion-builder-row-2 fusion-flex-container nonhundred-percent-fullwidth non-hundred-percent-height-scrolling\" style=\"--awb-border-radius-top-left:0px;--awb-border-radius-top-right:0px;--awb-border-radius-bottom-right:0px;--awb-border-radius-bottom-left:0px;--awb-flex-wrap:wrap;\" ><div class=\"fusion-builder-row fusion-row fusion-flex-align-items-flex-start fusion-flex-content-wrap\" style=\"max-width:1216.8px;margin-left: calc(-4% \/ 2 );margin-right: calc(-4% \/ 2 );\"><div class=\"fusion-layout-column fusion_builder_column fusion-builder-column-1 fusion_builder_column_1_1 1_1 fusion-flex-column\" style=\"--awb-bg-size:cover;--awb-width-large:100%;--awb-margin-top-large:0px;--awb-spacing-right-large:1.92%;--awb-margin-bottom-large:20px;--awb-spacing-left-large:1.92%;--awb-width-medium:100%;--awb-order-medium:0;--awb-spacing-right-medium:1.92%;--awb-spacing-left-medium:1.92%;--awb-width-small:100%;--awb-order-small:0;--awb-spacing-right-small:1.92%;--awb-spacing-left-small:1.92%;\"><div class=\"fusion-column-wrapper fusion-column-has-shadow fusion-flex-justify-content-flex-start fusion-content-layout-column\"><div class=\"fusion-text fusion-text-2\"><p><span style=\"background-color: rgba(255, 255, 255, 0); color: var(--body_typography-color); font-family: var(--body_typography-font-family); font-size: var(--body_typography-font-size); font-style: var(--body_typography-font-style,normal); font-weight: var(--body_typography-font-weight); letter-spacing: var(--body_typography-letter-spacing);\">L'association d\u00e9clar\u00e9e a \u00e9t\u00e9 fond\u00e9e fin 2013 et est reconnue \u00e0 but non lucratif.<\/span><\/p>\n<h3 class=\"fusion-responsive-typography-calculated\" style=\"--fontsize: 20; line-height: 1.2; --minfontsize: 20;\" data-fontsize=\"20\" data-lineheight=\"24px\">Objectifs<\/h3>\n<p class=\"translation-block\">Notre objectif est de pr\u00e9server pour les g\u00e9n\u00e9rations actuelles et futures la m\u00e9moire de l'histoire de l'ancien camp de prisonniers de guerre Stalag VII A de Moosburg et des d\u00e9veloppements qui en ont d\u00e9coul\u00e9 et de les rendre perceptibles. Cette histoire n'est pas seulement un chapitre du pass\u00e9, mais elle a un lien vivant avec le pr\u00e9sent et l'avenir de notre soci\u00e9t\u00e9 et de notre d\u00e9mocratie.<\/p>\n<p class=\"translation-block\">Le camp a fa\u00e7onn\u00e9 la vie de personnes d'origines et de cultures diff\u00e9rentes dans une communaut\u00e9 de fortune. Ce n'est pas seulement pendant la captivit\u00e9 que des rencontres humaines et des mouvements cr\u00e9atifs se sont d\u00e9velopp\u00e9s, plus tard aussi, lorsque des milliers de nouveaux citoyens se sont m\u00eal\u00e9s \u00e0 la population autochtone, Moosburg a re\u00e7u une impulsion d\u00e9cisive en mati\u00e8re de d\u00e9veloppement urbain. Cette rencontre interculturelle est tout autant un d\u00e9fi social aujourd'hui qu'\u00e0 l'\u00e9poque.<\/p>\n<p class=\"translation-block\">Nous souhaitons rendre hommage \u00e0 ces <b>personnes et \u00e0 leur destin<\/b> avec des \u00e9v\u00e9nements, des projets de recherche et des visites guid\u00e9es, et contribuer \u00e0 pr\u00e9server le patrimoine historique de la ville dans le pr\u00e9sent et \u00e0 l'avenir par le biais de rencontres internationales et interculturelles avec des citoyens, des visiteurs et des parents d'anciens prisonniers de guerre.<\/p>\n<p class=\"translation-block\">Le travail de l'association est <b>orient\u00e9 sur des projets<\/b>. Les membres viennent de diff\u00e9rents domaines et travaillent b\u00e9n\u00e9volement dans les projets respectifs. Un remerciement tout  particulier est adress\u00e9 au conseil municipal et \u00e0 la ville de Moosburg pour leur soutien id\u00e9el et financier \u00e0 la r\u00e9alisation ainsi qu'\u00e0 tous les coop\u00e9rateurs externes pour les projets.<\/p>\n<\/div><\/div><\/div><\/div><\/div><div class=\"fusion-fullwidth fullwidth-box fusion-builder-row-3 fusion-flex-container has-pattern-background has-mask-background nonhundred-percent-fullwidth non-hundred-percent-height-scrolling\" style=\"--awb-border-radius-top-left:0px;--awb-border-radius-top-right:0px;--awb-border-radius-bottom-right:0px;--awb-border-radius-bottom-left:0px;--awb-flex-wrap:wrap;\" ><div class=\"fusion-builder-row fusion-row fusion-flex-align-items-flex-start fusion-flex-content-wrap\" style=\"max-width:1216.8px;margin-left: calc(-4% \/ 2 );margin-right: calc(-4% \/ 2 );\"><div class=\"fusion-layout-column fusion_builder_column fusion-builder-column-2 fusion_builder_column_1_1 1_1 fusion-flex-column\" style=\"--awb-bg-size:cover;--awb-width-large:100%;--awb-margin-top-large:0px;--awb-spacing-right-large:1.92%;--awb-margin-bottom-large:20px;--awb-spacing-left-large:1.92%;--awb-width-medium:100%;--awb-order-medium:0;--awb-spacing-right-medium:1.92%;--awb-spacing-left-medium:1.92%;--awb-width-small:100%;--awb-order-small:0;--awb-spacing-right-small:1.92%;--awb-spacing-left-small:1.92%;\"><div class=\"fusion-column-wrapper fusion-column-has-shadow fusion-flex-justify-content-flex-start fusion-content-layout-column\"><div class=\"fusion-text fusion-text-3\"><h3 class=\"fusion-responsive-typography-calculated\" style=\"--fontsize: 20; line-height: 1.2; --minfontsize: 20;\" data-fontsize=\"20\" data-lineheight=\"24px\">Statuts<\/h3>\n<p class=\"translation-block\">Les grands <b>axes statutaires<\/b> sont :<\/p>\n<ul>\n<li>Documentation sur le camp et son histoire en tant que (1) camp de prisonniers de guerre Stalag VII A, (2) camp d'internement n\u00b0 6, (3) installation d\u2019expuls\u00e9s.<\/li>\n<li>Pr\u00e9servation du patrimoine en accord avec le pr\u00e9sent et l'avenir dans le sens d\u2019une responsabilit\u00e9 historique.<\/li>\n<li>Rencontres internationales et interculturelles, actions et programmes<\/li>\n<li>Acquisition de connaissances pour la recherche sur la paix et les conflits \u00e0 partir de la coexistence et de la coop\u00e9ration de personnes de cultures diff\u00e9rentes.<\/li>\n<\/ul>\n<\/div><\/div><\/div><div class=\"fusion-layout-column fusion_builder_column fusion-builder-column-3 fusion_builder_column_1_2 1_2 fusion-flex-column\" style=\"--awb-bg-size:cover;--awb-width-large:50%;--awb-margin-top-large:0px;--awb-spacing-right-large:3.84%;--awb-margin-bottom-large:20px;--awb-spacing-left-large:3.84%;--awb-width-medium:100%;--awb-order-medium:0;--awb-spacing-right-medium:1.92%;--awb-spacing-left-medium:1.92%;--awb-width-small:100%;--awb-order-small:0;--awb-spacing-right-small:1.92%;--awb-spacing-left-small:1.92%;\"><div class=\"fusion-column-wrapper fusion-column-has-shadow fusion-flex-justify-content-flex-start fusion-content-layout-column\"><div ><a class=\"fusion-button button-3d fusion-button-default-size button-default fusion-button-default button-1 fusion-button-default-span fusion-button-default-type\" target=\"_self\" href=\"https:\/\/stalag-moosburg.de\/wp-content\/uploads\/2021\/03\/Stalag-Verein-Satzung-16.12.13.pdf\"><span class=\"fusion-button-text awb-button__text awb-button__text--default\">T\u00e9l\u00e9charger les statuts<\/span><\/a><\/div><\/div><\/div><div class=\"fusion-layout-column fusion_builder_column fusion-builder-column-4 fusion_builder_column_1_2 1_2 fusion-flex-column\" style=\"--awb-bg-size:cover;--awb-width-large:50%;--awb-margin-top-large:0px;--awb-spacing-right-large:3.84%;--awb-margin-bottom-large:20px;--awb-spacing-left-large:3.84%;--awb-width-medium:100%;--awb-order-medium:0;--awb-spacing-right-medium:1.92%;--awb-spacing-left-medium:1.92%;--awb-width-small:100%;--awb-order-small:0;--awb-spacing-right-small:1.92%;--awb-spacing-left-small:1.92%;\"><div class=\"fusion-column-wrapper fusion-column-has-shadow fusion-flex-justify-content-flex-start fusion-content-layout-column\"><div ><a class=\"fusion-button button-3d fusion-button-default-size button-default fusion-button-default button-2 fusion-button-default-span fusion-button-default-type\" target=\"_self\" href=\"https:\/\/stalag-moosburg.de\/wp-content\/uploads\/2022\/08\/Mitgliedsantrag-Formular.pdf\"><span class=\"fusion-button-text awb-button__text awb-button__text--default\">T\u00e9l\u00e9charger la emande d'adh\u00e9sion<\/span><\/a><\/div><\/div><\/div><\/div><\/div><div class=\"fusion-fullwidth fullwidth-box fusion-builder-row-4 fusion-flex-container has-pattern-background has-mask-background nonhundred-percent-fullwidth non-hundred-percent-height-scrolling\" style=\"--awb-border-radius-top-left:0px;--awb-border-radius-top-right:0px;--awb-border-radius-bottom-right:0px;--awb-border-radius-bottom-left:0px;--awb-flex-wrap:wrap;\" ><div class=\"fusion-builder-row fusion-row fusion-flex-align-items-flex-start fusion-flex-content-wrap\" style=\"max-width:1216.8px;margin-left: calc(-4% \/ 2 );margin-right: calc(-4% \/ 2 );\"><div class=\"fusion-layout-column fusion_builder_column fusion-builder-column-5 fusion_builder_column_1_1 1_1 fusion-flex-column\" style=\"--awb-bg-size:cover;--awb-width-large:100%;--awb-margin-top-large:25px;--awb-spacing-right-large:1.92%;--awb-margin-bottom-large:20px;--awb-spacing-left-large:1.92%;--awb-width-medium:100%;--awb-order-medium:0;--awb-spacing-right-medium:1.92%;--awb-spacing-left-medium:1.92%;--awb-width-small:100%;--awb-order-small:0;--awb-spacing-right-small:1.92%;--awb-spacing-left-small:1.92%;\"><div class=\"fusion-column-wrapper fusion-column-has-shadow fusion-flex-justify-content-flex-start fusion-content-layout-column\"><div class=\"fusion-text fusion-text-4\"><h3 data-fontsize=\"20\" style=\"--fontSize: 20; line-height: 1.2; --minFontSize: 20;\" data-lineheight=\"24px\" class=\"fusion-responsive-typography-calculated\">Vorstand<\/h3>\n<blockquote>\n<p><span style=\"font-style: normal;\">L'association a \u00e9t\u00e9 fond\u00e9e par l'ancien maire Herbert Franz, pour qui la pr\u00e9servation du souvenir du Stalag VII A a toujours \u00e9t\u00e9 une mission importante. Pendant son mandat (1978-84), la commune a acquis le terrain de l'ancien cimeti\u00e8re de prisonniers de guerre \u00e0 Oberreit pour en faire un m\u00e9morial. En tant que pr\u00e9sident, il a initi\u00e9 des projets et des activit\u00e9s pionniers de l'association. Herbert Franz est aujourd'hui pr\u00e9sident d'honneur de l'association.<\/span><\/p>\n<\/blockquote>\n<p>Die bisherigen Vorst\u00e4nde des Vereins: (1. Vors. \/ 2. Vors. \/ Kassier \/ Schriftf\u00fchrer)<\/p>\n<ul>\n<li>2013 Gr\u00fcndung: Herbert Franz \/ Richard Lang \/ Bernhard Gruber \/ Horst M\u00fcller<\/li>\n<li>2014 &#8211; 2018: Herbert Franz \/ Richard Lang \/ Bernhard Gruber \/ G\u00fcnther Strehle<\/li>\n<li>2018 &#8211; 2020: G\u00fcnther Strehle \/ Karl Rausch \/ Bernhard Gruber \/ Elke Abstiens<\/li>\n<li>2020 &#8211; 2022: G\u00fcnther Strehle \/ Karl Rausch \/ Bernhard Gruber \/ Elke Abstiens<\/li>\n<li>2022 &#8211; 2024: Tina Naumovi\u0107 \/ Simon Klingel \/ Bernhard Gruber \/ Karl Rausch<\/li>\n<li>2024 &#8211; 2026: Tina Naumovi\u0107 \/ Simon Klingel\/  Bernhard Gruber \/ Niko Firnkees<\/li>\n<li>2026 &#8211; heute: Tina Naumovi\u0107 \/ Elena Petuhova \/ Martin Deutinger \/ Niko Firnkees<\/li>\n<\/ul>\n<\/div><\/div><\/div><\/div><\/div><\/p>","protected":false},"excerpt":{"rendered":"","protected":false},"author":1,"featured_media":0,"parent":6188,"menu_order":19,"comment_status":"closed","ping_status":"closed","template":"","meta":{"footnotes":""},"class_list":["post-3696","page","type-page","status-publish","hentry"],"yoast_head":"<!-- This site is optimized with the Yoast SEO plugin v27.4 - https:\/\/yoast.com\/product\/yoast-seo-wordpress\/ -->\n<title>Wir \u00fcber uns - Stalag Moosburg e.V.<\/title>\n<meta name=\"robots\" content=\"index, follow, max-snippet:-1, max-image-preview:large, max-video-preview:-1\" \/>\n<link rel=\"canonical\" href=\"https:\/\/stalag-moosburg.de\/fr\/verein\/wir-ueber-uns\/\" \/>\n<meta property=\"og:locale\" content=\"fr_FR\" \/>\n<meta property=\"og:type\" content=\"article\" \/>\n<meta property=\"og:title\" content=\"Wir \u00fcber uns - Stalag Moosburg e.V.\" \/>\n<meta property=\"og:url\" content=\"https:\/\/stalag-moosburg.de\/fr\/verein\/wir-ueber-uns\/\" \/>\n<meta property=\"og:site_name\" content=\"Stalag Moosburg e.V.\" \/>\n<meta property=\"article:publisher\" content=\"https:\/\/www.facebook.com\/stalag.moosburg\" \/>\n<meta property=\"article:modified_time\" content=\"2026-03-17T12:48:43+00:00\" \/>\n<meta name=\"twitter:card\" content=\"summary_large_image\" \/>\n<meta name=\"twitter:label1\" content=\"Dur\u00e9e de lecture estim\u00e9e\" \/>\n\t<meta name=\"twitter:data1\" content=\"3 minutes\" \/>\n<script type=\"application\/ld+json\" class=\"yoast-schema-graph\">{\"@context\":\"https:\\\/\\\/schema.org\",\"@graph\":[{\"@type\":\"WebPage\",\"@id\":\"https:\\\/\\\/stalag-moosburg.de\\\/verein\\\/wir-ueber-uns\\\/\",\"url\":\"https:\\\/\\\/stalag-moosburg.de\\\/verein\\\/wir-ueber-uns\\\/\",\"name\":\"Wir \u00fcber uns - Stalag Moosburg e.V.\",\"isPartOf\":{\"@id\":\"https:\\\/\\\/stalag-moosburg.de\\\/#website\"},\"datePublished\":\"2020-01-31T11:35:30+00:00\",\"dateModified\":\"2026-03-17T12:48:43+00:00\",\"breadcrumb\":{\"@id\":\"https:\\\/\\\/stalag-moosburg.de\\\/verein\\\/wir-ueber-uns\\\/#breadcrumb\"},\"inLanguage\":\"fr-FR\",\"potentialAction\":[{\"@type\":\"ReadAction\",\"target\":[\"https:\\\/\\\/stalag-moosburg.de\\\/verein\\\/wir-ueber-uns\\\/\"]}]},{\"@type\":\"BreadcrumbList\",\"@id\":\"https:\\\/\\\/stalag-moosburg.de\\\/verein\\\/wir-ueber-uns\\\/#breadcrumb\",\"itemListElement\":[{\"@type\":\"ListItem\",\"position\":1,\"name\":\"Home\",\"item\":\"https:\\\/\\\/stalag-moosburg.de\\\/\"},{\"@type\":\"ListItem\",\"position\":2,\"name\":\"Verein\",\"item\":\"https:\\\/\\\/stalag-moosburg.de\\\/verein\\\/\"},{\"@type\":\"ListItem\",\"position\":3,\"name\":\"Wir \u00fcber uns\"}]},{\"@type\":\"WebSite\",\"@id\":\"https:\\\/\\\/stalag-moosburg.de\\\/#website\",\"url\":\"https:\\\/\\\/stalag-moosburg.de\\\/\",\"name\":\"Stalag Moosburg e.V.\",\"description\":\"Verein zur F\u00f6rderung interkultureller Begegnung\",\"publisher\":{\"@id\":\"https:\\\/\\\/stalag-moosburg.de\\\/#organization\"},\"potentialAction\":[{\"@type\":\"SearchAction\",\"target\":{\"@type\":\"EntryPoint\",\"urlTemplate\":\"https:\\\/\\\/stalag-moosburg.de\\\/?s={search_term_string}\"},\"query-input\":{\"@type\":\"PropertyValueSpecification\",\"valueRequired\":true,\"valueName\":\"search_term_string\"}}],\"inLanguage\":\"fr-FR\"},{\"@type\":\"Organization\",\"@id\":\"https:\\\/\\\/stalag-moosburg.de\\\/#organization\",\"name\":\"Stalag Moosburg e.V.\",\"url\":\"https:\\\/\\\/stalag-moosburg.de\\\/\",\"logo\":{\"@type\":\"ImageObject\",\"inLanguage\":\"fr-FR\",\"@id\":\"https:\\\/\\\/stalag-moosburg.de\\\/#\\\/schema\\\/logo\\\/image\\\/\",\"url\":\"https:\\\/\\\/stalag-moosburg.de\\\/wp-content\\\/uploads\\\/2021\\\/04\\\/Logo-Stalag-Verein-Rechteck.jpg\",\"contentUrl\":\"https:\\\/\\\/stalag-moosburg.de\\\/wp-content\\\/uploads\\\/2021\\\/04\\\/Logo-Stalag-Verein-Rechteck.jpg\",\"width\":1074,\"height\":960,\"caption\":\"Stalag Moosburg e.V.\"},\"image\":{\"@id\":\"https:\\\/\\\/stalag-moosburg.de\\\/#\\\/schema\\\/logo\\\/image\\\/\"},\"sameAs\":[\"https:\\\/\\\/www.facebook.com\\\/stalag.moosburg\"]}]}<\/script>\n<!-- \/ Yoast SEO plugin. -->","yoast_head_json":{"title":"Wir \u00fcber uns - Stalag Moosburg e.V.","robots":{"index":"index","follow":"follow","max-snippet":"max-snippet:-1","max-image-preview":"max-image-preview:large","max-video-preview":"max-video-preview:-1"},"canonical":"https:\/\/stalag-moosburg.de\/fr\/verein\/wir-ueber-uns\/","og_locale":"fr_FR","og_type":"article","og_title":"Wir \u00fcber uns - Stalag Moosburg e.V.","og_url":"https:\/\/stalag-moosburg.de\/fr\/verein\/wir-ueber-uns\/","og_site_name":"Stalag Moosburg e.V.","article_publisher":"https:\/\/www.facebook.com\/stalag.moosburg","article_modified_time":"2026-03-17T12:48:43+00:00","twitter_card":"summary_large_image","twitter_misc":{"Dur\u00e9e de lecture estim\u00e9e":"3 minutes"},"schema":{"@context":"https:\/\/schema.org","@graph":[{"@type":"WebPage","@id":"https:\/\/stalag-moosburg.de\/verein\/wir-ueber-uns\/","url":"https:\/\/stalag-moosburg.de\/verein\/wir-ueber-uns\/","name":"Wir \u00fcber uns - Stalag Moosburg e.V.","isPartOf":{"@id":"https:\/\/stalag-moosburg.de\/#website"},"datePublished":"2020-01-31T11:35:30+00:00","dateModified":"2026-03-17T12:48:43+00:00","breadcrumb":{"@id":"https:\/\/stalag-moosburg.de\/verein\/wir-ueber-uns\/#breadcrumb"},"inLanguage":"fr-FR","potentialAction":[{"@type":"ReadAction","target":["https:\/\/stalag-moosburg.de\/verein\/wir-ueber-uns\/"]}]},{"@type":"BreadcrumbList","@id":"https:\/\/stalag-moosburg.de\/verein\/wir-ueber-uns\/#breadcrumb","itemListElement":[{"@type":"ListItem","position":1,"name":"Home","item":"https:\/\/stalag-moosburg.de\/"},{"@type":"ListItem","position":2,"name":"Verein","item":"https:\/\/stalag-moosburg.de\/verein\/"},{"@type":"ListItem","position":3,"name":"Wir \u00fcber uns"}]},{"@type":"WebSite","@id":"https:\/\/stalag-moosburg.de\/#website","url":"https:\/\/stalag-moosburg.de\/","name":"Stalag Moosburg e.V.","description":"Verein zur F\u00f6rderung interkultureller Begegnung","publisher":{"@id":"https:\/\/stalag-moosburg.de\/#organization"},"potentialAction":[{"@type":"SearchAction","target":{"@type":"EntryPoint","urlTemplate":"https:\/\/stalag-moosburg.de\/?s={search_term_string}"},"query-input":{"@type":"PropertyValueSpecification","valueRequired":true,"valueName":"search_term_string"}}],"inLanguage":"fr-FR"},{"@type":"Organization","@id":"https:\/\/stalag-moosburg.de\/#organization","name":"Stalag Moosburg e.V.","url":"https:\/\/stalag-moosburg.de\/","logo":{"@type":"ImageObject","inLanguage":"fr-FR","@id":"https:\/\/stalag-moosburg.de\/#\/schema\/logo\/image\/","url":"https:\/\/stalag-moosburg.de\/wp-content\/uploads\/2021\/04\/Logo-Stalag-Verein-Rechteck.jpg","contentUrl":"https:\/\/stalag-moosburg.de\/wp-content\/uploads\/2021\/04\/Logo-Stalag-Verein-Rechteck.jpg","width":1074,"height":960,"caption":"Stalag Moosburg e.V."},"image":{"@id":"https:\/\/stalag-moosburg.de\/#\/schema\/logo\/image\/"},"sameAs":["https:\/\/www.facebook.com\/stalag.moosburg"]}]}},"_links":{"self":[{"href":"https:\/\/stalag-moosburg.de\/fr\/wp-json\/wp\/v2\/pages\/3696","targetHints":{"allow":["GET"]}}],"collection":[{"href":"https:\/\/stalag-moosburg.de\/fr\/wp-json\/wp\/v2\/pages"}],"about":[{"href":"https:\/\/stalag-moosburg.de\/fr\/wp-json\/wp\/v2\/types\/page"}],"author":[{"embeddable":true,"href":"https:\/\/stalag-moosburg.de\/fr\/wp-json\/wp\/v2\/users\/1"}],"replies":[{"embeddable":true,"href":"https:\/\/stalag-moosburg.de\/fr\/wp-json\/wp\/v2\/comments?post=3696"}],"version-history":[{"count":48,"href":"https:\/\/stalag-moosburg.de\/fr\/wp-json\/wp\/v2\/pages\/3696\/revisions"}],"predecessor-version":[{"id":11905,"href":"https:\/\/stalag-moosburg.de\/fr\/wp-json\/wp\/v2\/pages\/3696\/revisions\/11905"}],"up":[{"embeddable":true,"href":"https:\/\/stalag-moosburg.de\/fr\/wp-json\/wp\/v2\/pages\/6188"}],"wp:attachment":[{"href":"https:\/\/stalag-moosburg.de\/fr\/wp-json\/wp\/v2\/media?parent=3696"}],"curies":[{"name":"wp","href":"https:\/\/api.w.org\/{rel}","templated":true}]}}