{"id":3645,"date":"2020-02-20T12:01:53","date_gmt":"2020-02-20T11:01:53","guid":{"rendered":"https:\/\/stalag-moosburg.de\/?page_id=3645"},"modified":"2022-03-06T16:44:19","modified_gmt":"2022-03-06T15:44:19","slug":"dokumentationen","status":"publish","type":"page","link":"https:\/\/stalag-moosburg.de\/fr\/dokumentationen\/","title":{"rendered":"Documentation"},"content":{"rendered":"<p><div class=\"fusion-fullwidth fullwidth-box fusion-builder-row-1 nonhundred-percent-fullwidth non-hundred-percent-height-scrolling\" style=\"--awb-border-radius-top-left:0px;--awb-border-radius-top-right:0px;--awb-border-radius-bottom-right:0px;--awb-border-radius-bottom-left:0px;--awb-flex-wrap:wrap;\" ><div class=\"fusion-builder-row fusion-row\"><div class=\"fusion-layout-column fusion_builder_column fusion-builder-column-0 fusion_builder_column_1_1 1_1 fusion-one-full fusion-column-first fusion-column-last\" style=\"--awb-bg-size:cover;--awb-margin-bottom:0px;\"><div class=\"fusion-column-wrapper fusion-column-has-shadow fusion-flex-column-wrapper-legacy\"><div class=\"fusion-title title fusion-title-1 fusion-title-center fusion-title-text fusion-title-size-one\" style=\"--awb-margin-top-small:0px;--awb-margin-right-small:0px;--awb-margin-bottom-small:20px;--awb-margin-left-small:0px;\"><div class=\"title-sep-container title-sep-container-left\"><div class=\"title-sep sep- sep-solid\" style=\"border-color:#e2e2e2;\"><\/div><\/div><span class=\"awb-title-spacer\"><\/span><h1 class=\"fusion-title-heading title-heading-center fusion-responsive-typography-calculated\" style=\"margin:0;--fontSize:40;line-height:1.2;\"><h1 style=\"text-align: center;\">Documentation<\/h1><\/h1><span class=\"awb-title-spacer\"><\/span><div class=\"title-sep-container title-sep-container-right\"><div class=\"title-sep sep- sep-solid\" style=\"border-color:#e2e2e2;\"><\/div><\/div><\/div><div class=\"fusion-clearfix\"><\/div><\/div><\/div><\/div><\/div><div class=\"fusion-fullwidth fullwidth-box fusion-builder-row-2 fusion-flex-container nonhundred-percent-fullwidth non-hundred-percent-height-scrolling\" style=\"--awb-border-radius-top-left:0px;--awb-border-radius-top-right:0px;--awb-border-radius-bottom-right:0px;--awb-border-radius-bottom-left:0px;--awb-flex-wrap:wrap;\" ><div class=\"fusion-builder-row fusion-row fusion-flex-align-items-flex-start fusion-flex-content-wrap\" style=\"max-width:1216.8px;margin-left: calc(-4% \/ 2 );margin-right: calc(-4% \/ 2 );\"><div class=\"fusion-layout-column fusion_builder_column fusion-builder-column-1 fusion_builder_column_1_2 1_2 fusion-flex-column\" style=\"--awb-bg-size:cover;--awb-width-large:50%;--awb-margin-top-large:0px;--awb-spacing-right-large:3.84%;--awb-margin-bottom-large:20px;--awb-spacing-left-large:3.84%;--awb-width-medium:100%;--awb-order-medium:0;--awb-spacing-right-medium:1.92%;--awb-spacing-left-medium:1.92%;--awb-width-small:100%;--awb-order-small:0;--awb-spacing-right-small:1.92%;--awb-spacing-left-small:1.92%;\"><div class=\"fusion-column-wrapper fusion-column-has-shadow fusion-flex-justify-content-flex-start fusion-content-layout-column\"><div class=\"fusion-text fusion-text-1\" style=\"--awb-text-transform:none;\"><p>Au cours des derni\u00e8res d\u00e9cennies, diff\u00e9rentes personnes de Moosburg ont eu le m\u00e9rite de collectionner des documents et des informations sur le Stalag et son histoire. Il existe donc une tr\u00e8s grande collection de t\u00e9moignages de l'\u00e9poque, photographies, documents et \u0153uvres d'art.<\/p>\n<p class=\"translation-block\">\"... Ainsi, le Stalag VII A Moosburg est au-dessus de la moyenne en ce qui concerne sa documentation sur la base de sources d'archives. En outre, il existe une quantit\u00e9 extraordinairement dense d'autres sources sur ce camp, notamment en images et en objets.<\/p>\n<p>\u00c0 l'occasion d'anniversaires, quelques brochures sur le Stalag VII A avaient d\u00e9j\u00e0 \u00e9t\u00e9 publi\u00e9es dans le pass\u00e9, mais elles ne constituaient pas un r\u00e9cit historique complet. C'est pourquoi l'association Stalag Moosburg e.V. s'est charg\u00e9e de cette t\u00e2che et a pu publier une s\u00e9rie d'ouvrages scientifiques, notamment gr\u00e2ce aux recherches approfondies dans des archives de l'historien Dr. Dominik Reither.<\/p>\n<p style=\"text-align: left;\"><a style=\"background-color: rgba(255, 255, 255, 0); font-family: var(--body_typography-font-family); font-size: var(--body_typography-font-size); font-style: var(--body_typography-font-style,normal); font-weight: var(--body_typography-font-weight); letter-spacing: var(--body_typography-letter-spacing);\" href=\"https:\/\/stalag-moosburg.de\/fr\/dokumentationen\/publikationen\/\">Sur les pages web suivantes, vous trouverez une collection de sources. <\/a><a style=\"font-family: var(--body_typography-font-family); font-size: var(--body_typography-font-size); font-style: var(--body_typography-font-style,normal); font-weight: var(--body_typography-font-weight); letter-spacing: var(--body_typography-letter-spacing); background-color: rgba(255, 255, 255, 0);\" href=\"https:\/\/stalag-moosburg.de\/fr\/dokumentationen\/publikationen\/\"><span style=\"font-family: var(--body_typography-font-family);\"><span style=\"background-color: rgba(255, 255, 255, 0); font-style: var(--body_typography-font-style,normal); font-weight: var(--body_typography-font-weight); letter-spacing: var(--body_typography-letter-spacing);\">&gt;&gt;&gt;&gt;&gt;<\/span><\/span><\/a><\/p>\n<p><a href=\"https:\/\/stalag-moosburg.de\/wp-content\/uploads\/2022\/03\/Flyer-Stalag-Publikationen-DINlang-web.pdf\" target=\"_blank\" rel=\"noopener\"><img decoding=\"async\" class=\"alignnone size-thumbnail wp-image-7889\" src=\"https:\/\/stalag-moosburg.de\/wp-content\/uploads\/2022\/03\/Flyer-Stalag-Publikationen-DINlang-web-150x150.jpg\" alt=\"\" width=\"150\" height=\"150\" srcset=\"https:\/\/stalag-moosburg.de\/wp-content\/uploads\/2022\/03\/Flyer-Stalag-Publikationen-DINlang-web-12x12.jpg 12w, https:\/\/stalag-moosburg.de\/wp-content\/uploads\/2022\/03\/Flyer-Stalag-Publikationen-DINlang-web-66x66.jpg 66w, https:\/\/stalag-moosburg.de\/wp-content\/uploads\/2022\/03\/Flyer-Stalag-Publikationen-DINlang-web-150x150.jpg 150w, https:\/\/stalag-moosburg.de\/wp-content\/uploads\/2022\/03\/Flyer-Stalag-Publikationen-DINlang-web-200x200.jpg 200w, https:\/\/stalag-moosburg.de\/wp-content\/uploads\/2022\/03\/Flyer-Stalag-Publikationen-DINlang-web-300x300.jpg 300w, https:\/\/stalag-moosburg.de\/wp-content\/uploads\/2022\/03\/Flyer-Stalag-Publikationen-DINlang-web-400x400.jpg 400w, https:\/\/stalag-moosburg.de\/wp-content\/uploads\/2022\/03\/Flyer-Stalag-Publikationen-DINlang-web-600x600.jpg 600w, https:\/\/stalag-moosburg.de\/wp-content\/uploads\/2022\/03\/Flyer-Stalag-Publikationen-DINlang-web-768x768.jpg 768w, https:\/\/stalag-moosburg.de\/wp-content\/uploads\/2022\/03\/Flyer-Stalag-Publikationen-DINlang-web-800x800.jpg 800w, https:\/\/stalag-moosburg.de\/wp-content\/uploads\/2022\/03\/Flyer-Stalag-Publikationen-DINlang-web-1024x1024.jpg 1024w, https:\/\/stalag-moosburg.de\/wp-content\/uploads\/2022\/03\/Flyer-Stalag-Publikationen-DINlang-web-1200x1200.jpg 1200w, https:\/\/stalag-moosburg.de\/wp-content\/uploads\/2022\/03\/Flyer-Stalag-Publikationen-DINlang-web.jpg 1240w\" sizes=\"(max-width: 150px) 100vw, 150px\" \/><\/a><br \/>\nDownload Flyer &#8222;Publikationen&#8220;<\/p>\n<\/div><\/div><\/div><div class=\"fusion-layout-column fusion_builder_column fusion-builder-column-2 fusion_builder_column_1_2 1_2 fusion-flex-column\" style=\"--awb-bg-size:cover;--awb-width-large:50%;--awb-margin-top-large:0px;--awb-spacing-right-large:3.84%;--awb-margin-bottom-large:20px;--awb-spacing-left-large:3.84%;--awb-width-medium:100%;--awb-order-medium:0;--awb-spacing-right-medium:1.92%;--awb-spacing-left-medium:1.92%;--awb-width-small:100%;--awb-order-small:0;--awb-spacing-right-small:1.92%;--awb-spacing-left-small:1.92%;\"><div class=\"fusion-column-wrapper fusion-column-has-shadow fusion-flex-justify-content-flex-start fusion-content-layout-column\"><div class=\"fusion-text fusion-text-2\"><p class=\"translation-block\">Citation de <a href=\"http:\/\/www.zeitgeschichte-denkmalpflege.de\/\" target=\"_self\">B\u00fcro f\u00fcr Zeitgeschichte &amp; Denkmalpflege SCHULZ+DRIESCHNER GbR<\/a> (juillet 2019) :<\/p>\n<blockquote>\n<p><span style=\"font-style: normal;\">\"... Ainsi, le Stalag VII A Moosburg est au-dessus de la moyenne en ce qui concerne sa documentation sur la base de sources d'archives. En outre, il existe une quantit\u00e9 extraordinairement dense d'autres sources sur ce camp, notamment en images et en objets.<\/span><\/p>\n<p><span style=\"font-style: normal;\">Moosburg poss\u00e8de au niveau national probablement de loin la plus importante collection de ce type de sources sur un ancien camp de prisonniers de guerre de la Wehrmacht. Le fonds photographique des archives municipales de Moosburg pr\u00e9sente une richesse \u00e9tonnante de photographies de toutes les p\u00e9riodes de l'existence du camp de prisonniers de guerre, refl\u00e9tant les diff\u00e9rentes nationalit\u00e9s et ethnies, les facettes les plus diverses de la vie quotidienne dans le camp et les strat\u00e9gies de survie physique et spirituelle des prisonniers dans une situation de p\u00e9nurie pr\u00e9sentant souvent un risque mortel. ...\"<\/span><\/p>\n<\/blockquote>\n<\/div><\/div><\/div><\/div><\/div><\/p>","protected":false},"excerpt":{"rendered":"","protected":false},"author":1,"featured_media":0,"parent":0,"menu_order":8,"comment_status":"closed","ping_status":"closed","template":"","meta":{"footnotes":""},"class_list":["post-3645","page","type-page","status-publish","hentry"],"yoast_head":"<!-- This site is optimized with the Yoast SEO plugin v27.4 - https:\/\/yoast.com\/product\/yoast-seo-wordpress\/ -->\n<title>Dokumentationen - Stalag Moosburg e.V.<\/title>\n<meta name=\"robots\" content=\"index, follow, max-snippet:-1, max-image-preview:large, max-video-preview:-1\" \/>\n<link rel=\"canonical\" href=\"https:\/\/stalag-moosburg.de\/fr\/dokumentationen\/\" \/>\n<meta property=\"og:locale\" content=\"fr_FR\" \/>\n<meta property=\"og:type\" content=\"article\" \/>\n<meta property=\"og:title\" content=\"Dokumentationen - Stalag Moosburg e.V.\" \/>\n<meta property=\"og:url\" content=\"https:\/\/stalag-moosburg.de\/fr\/dokumentationen\/\" \/>\n<meta property=\"og:site_name\" content=\"Stalag Moosburg e.V.\" \/>\n<meta property=\"article:publisher\" content=\"https:\/\/www.facebook.com\/stalag.moosburg\" \/>\n<meta property=\"article:modified_time\" content=\"2022-03-06T15:44:19+00:00\" \/>\n<meta property=\"og:image\" content=\"https:\/\/stalag-moosburg.de\/wp-content\/uploads\/2022\/03\/Flyer-Stalag-Publikationen-DINlang-web-150x150.jpg\" \/>\n<meta name=\"twitter:card\" content=\"summary_large_image\" \/>\n<meta name=\"twitter:label1\" content=\"Dur\u00e9e de lecture estim\u00e9e\" \/>\n\t<meta name=\"twitter:data1\" content=\"4 minutes\" \/>\n<script type=\"application\/ld+json\" class=\"yoast-schema-graph\">{\"@context\":\"https:\\\/\\\/schema.org\",\"@graph\":[{\"@type\":\"WebPage\",\"@id\":\"https:\\\/\\\/stalag-moosburg.de\\\/dokumentationen\\\/\",\"url\":\"https:\\\/\\\/stalag-moosburg.de\\\/dokumentationen\\\/\",\"name\":\"Dokumentationen - Stalag Moosburg e.V.\",\"isPartOf\":{\"@id\":\"https:\\\/\\\/stalag-moosburg.de\\\/#website\"},\"primaryImageOfPage\":{\"@id\":\"https:\\\/\\\/stalag-moosburg.de\\\/dokumentationen\\\/#primaryimage\"},\"image\":{\"@id\":\"https:\\\/\\\/stalag-moosburg.de\\\/dokumentationen\\\/#primaryimage\"},\"thumbnailUrl\":\"https:\\\/\\\/stalag-moosburg.de\\\/wp-content\\\/uploads\\\/2022\\\/03\\\/Flyer-Stalag-Publikationen-DINlang-web-150x150.jpg\",\"datePublished\":\"2020-02-20T11:01:53+00:00\",\"dateModified\":\"2022-03-06T15:44:19+00:00\",\"breadcrumb\":{\"@id\":\"https:\\\/\\\/stalag-moosburg.de\\\/dokumentationen\\\/#breadcrumb\"},\"inLanguage\":\"fr-FR\",\"potentialAction\":[{\"@type\":\"ReadAction\",\"target\":[\"https:\\\/\\\/stalag-moosburg.de\\\/dokumentationen\\\/\"]}]},{\"@type\":\"ImageObject\",\"inLanguage\":\"fr-FR\",\"@id\":\"https:\\\/\\\/stalag-moosburg.de\\\/dokumentationen\\\/#primaryimage\",\"url\":\"https:\\\/\\\/stalag-moosburg.de\\\/wp-content\\\/uploads\\\/2022\\\/03\\\/Flyer-Stalag-Publikationen-DINlang-web-150x150.jpg\",\"contentUrl\":\"https:\\\/\\\/stalag-moosburg.de\\\/wp-content\\\/uploads\\\/2022\\\/03\\\/Flyer-Stalag-Publikationen-DINlang-web-150x150.jpg\"},{\"@type\":\"BreadcrumbList\",\"@id\":\"https:\\\/\\\/stalag-moosburg.de\\\/dokumentationen\\\/#breadcrumb\",\"itemListElement\":[{\"@type\":\"ListItem\",\"position\":1,\"name\":\"Home\",\"item\":\"https:\\\/\\\/stalag-moosburg.de\\\/\"},{\"@type\":\"ListItem\",\"position\":2,\"name\":\"Dokumentationen\"}]},{\"@type\":\"WebSite\",\"@id\":\"https:\\\/\\\/stalag-moosburg.de\\\/#website\",\"url\":\"https:\\\/\\\/stalag-moosburg.de\\\/\",\"name\":\"Stalag Moosburg e.V.\",\"description\":\"Verein zur F\u00f6rderung interkultureller Begegnung\",\"publisher\":{\"@id\":\"https:\\\/\\\/stalag-moosburg.de\\\/#organization\"},\"potentialAction\":[{\"@type\":\"SearchAction\",\"target\":{\"@type\":\"EntryPoint\",\"urlTemplate\":\"https:\\\/\\\/stalag-moosburg.de\\\/?s={search_term_string}\"},\"query-input\":{\"@type\":\"PropertyValueSpecification\",\"valueRequired\":true,\"valueName\":\"search_term_string\"}}],\"inLanguage\":\"fr-FR\"},{\"@type\":\"Organization\",\"@id\":\"https:\\\/\\\/stalag-moosburg.de\\\/#organization\",\"name\":\"Stalag Moosburg e.V.\",\"url\":\"https:\\\/\\\/stalag-moosburg.de\\\/\",\"logo\":{\"@type\":\"ImageObject\",\"inLanguage\":\"fr-FR\",\"@id\":\"https:\\\/\\\/stalag-moosburg.de\\\/#\\\/schema\\\/logo\\\/image\\\/\",\"url\":\"https:\\\/\\\/stalag-moosburg.de\\\/wp-content\\\/uploads\\\/2021\\\/04\\\/Logo-Stalag-Verein-Rechteck.jpg\",\"contentUrl\":\"https:\\\/\\\/stalag-moosburg.de\\\/wp-content\\\/uploads\\\/2021\\\/04\\\/Logo-Stalag-Verein-Rechteck.jpg\",\"width\":1074,\"height\":960,\"caption\":\"Stalag Moosburg e.V.\"},\"image\":{\"@id\":\"https:\\\/\\\/stalag-moosburg.de\\\/#\\\/schema\\\/logo\\\/image\\\/\"},\"sameAs\":[\"https:\\\/\\\/www.facebook.com\\\/stalag.moosburg\"]}]}<\/script>\n<!-- \/ Yoast SEO plugin. -->","yoast_head_json":{"title":"Dokumentationen - Stalag Moosburg e.V.","robots":{"index":"index","follow":"follow","max-snippet":"max-snippet:-1","max-image-preview":"max-image-preview:large","max-video-preview":"max-video-preview:-1"},"canonical":"https:\/\/stalag-moosburg.de\/fr\/dokumentationen\/","og_locale":"fr_FR","og_type":"article","og_title":"Dokumentationen - Stalag Moosburg e.V.","og_url":"https:\/\/stalag-moosburg.de\/fr\/dokumentationen\/","og_site_name":"Stalag Moosburg e.V.","article_publisher":"https:\/\/www.facebook.com\/stalag.moosburg","article_modified_time":"2022-03-06T15:44:19+00:00","og_image":[{"url":"https:\/\/stalag-moosburg.de\/wp-content\/uploads\/2022\/03\/Flyer-Stalag-Publikationen-DINlang-web-150x150.jpg","type":"","width":"","height":""}],"twitter_card":"summary_large_image","twitter_misc":{"Dur\u00e9e de lecture estim\u00e9e":"4 minutes"},"schema":{"@context":"https:\/\/schema.org","@graph":[{"@type":"WebPage","@id":"https:\/\/stalag-moosburg.de\/dokumentationen\/","url":"https:\/\/stalag-moosburg.de\/dokumentationen\/","name":"Dokumentationen - Stalag Moosburg e.V.","isPartOf":{"@id":"https:\/\/stalag-moosburg.de\/#website"},"primaryImageOfPage":{"@id":"https:\/\/stalag-moosburg.de\/dokumentationen\/#primaryimage"},"image":{"@id":"https:\/\/stalag-moosburg.de\/dokumentationen\/#primaryimage"},"thumbnailUrl":"https:\/\/stalag-moosburg.de\/wp-content\/uploads\/2022\/03\/Flyer-Stalag-Publikationen-DINlang-web-150x150.jpg","datePublished":"2020-02-20T11:01:53+00:00","dateModified":"2022-03-06T15:44:19+00:00","breadcrumb":{"@id":"https:\/\/stalag-moosburg.de\/dokumentationen\/#breadcrumb"},"inLanguage":"fr-FR","potentialAction":[{"@type":"ReadAction","target":["https:\/\/stalag-moosburg.de\/dokumentationen\/"]}]},{"@type":"ImageObject","inLanguage":"fr-FR","@id":"https:\/\/stalag-moosburg.de\/dokumentationen\/#primaryimage","url":"https:\/\/stalag-moosburg.de\/wp-content\/uploads\/2022\/03\/Flyer-Stalag-Publikationen-DINlang-web-150x150.jpg","contentUrl":"https:\/\/stalag-moosburg.de\/wp-content\/uploads\/2022\/03\/Flyer-Stalag-Publikationen-DINlang-web-150x150.jpg"},{"@type":"BreadcrumbList","@id":"https:\/\/stalag-moosburg.de\/dokumentationen\/#breadcrumb","itemListElement":[{"@type":"ListItem","position":1,"name":"Home","item":"https:\/\/stalag-moosburg.de\/"},{"@type":"ListItem","position":2,"name":"Dokumentationen"}]},{"@type":"WebSite","@id":"https:\/\/stalag-moosburg.de\/#website","url":"https:\/\/stalag-moosburg.de\/","name":"Stalag Moosburg e.V.","description":"Verein zur F\u00f6rderung interkultureller Begegnung","publisher":{"@id":"https:\/\/stalag-moosburg.de\/#organization"},"potentialAction":[{"@type":"SearchAction","target":{"@type":"EntryPoint","urlTemplate":"https:\/\/stalag-moosburg.de\/?s={search_term_string}"},"query-input":{"@type":"PropertyValueSpecification","valueRequired":true,"valueName":"search_term_string"}}],"inLanguage":"fr-FR"},{"@type":"Organization","@id":"https:\/\/stalag-moosburg.de\/#organization","name":"Stalag Moosburg e.V.","url":"https:\/\/stalag-moosburg.de\/","logo":{"@type":"ImageObject","inLanguage":"fr-FR","@id":"https:\/\/stalag-moosburg.de\/#\/schema\/logo\/image\/","url":"https:\/\/stalag-moosburg.de\/wp-content\/uploads\/2021\/04\/Logo-Stalag-Verein-Rechteck.jpg","contentUrl":"https:\/\/stalag-moosburg.de\/wp-content\/uploads\/2021\/04\/Logo-Stalag-Verein-Rechteck.jpg","width":1074,"height":960,"caption":"Stalag Moosburg e.V."},"image":{"@id":"https:\/\/stalag-moosburg.de\/#\/schema\/logo\/image\/"},"sameAs":["https:\/\/www.facebook.com\/stalag.moosburg"]}]}},"_links":{"self":[{"href":"https:\/\/stalag-moosburg.de\/fr\/wp-json\/wp\/v2\/pages\/3645","targetHints":{"allow":["GET"]}}],"collection":[{"href":"https:\/\/stalag-moosburg.de\/fr\/wp-json\/wp\/v2\/pages"}],"about":[{"href":"https:\/\/stalag-moosburg.de\/fr\/wp-json\/wp\/v2\/types\/page"}],"author":[{"embeddable":true,"href":"https:\/\/stalag-moosburg.de\/fr\/wp-json\/wp\/v2\/users\/1"}],"replies":[{"embeddable":true,"href":"https:\/\/stalag-moosburg.de\/fr\/wp-json\/wp\/v2\/comments?post=3645"}],"version-history":[{"count":21,"href":"https:\/\/stalag-moosburg.de\/fr\/wp-json\/wp\/v2\/pages\/3645\/revisions"}],"predecessor-version":[{"id":7894,"href":"https:\/\/stalag-moosburg.de\/fr\/wp-json\/wp\/v2\/pages\/3645\/revisions\/7894"}],"wp:attachment":[{"href":"https:\/\/stalag-moosburg.de\/fr\/wp-json\/wp\/v2\/media?parent=3645"}],"curies":[{"name":"wp","href":"https:\/\/api.w.org\/{rel}","templated":true}]}}