{"id":3393,"date":"2020-01-31T12:34:30","date_gmt":"2020-01-31T11:34:30","guid":{"rendered":"https:\/\/stalag-moosburg.de\/?page_id=3393"},"modified":"2025-03-06T21:10:46","modified_gmt":"2025-03-06T20:10:46","slug":"archive","status":"publish","type":"page","link":"https:\/\/stalag-moosburg.de\/fr\/dokumentationen\/archive\/","title":{"rendered":"Archives"},"content":{"rendered":"<p><div class=\"fusion-fullwidth fullwidth-box fusion-builder-row-1 nonhundred-percent-fullwidth non-hundred-percent-height-scrolling\" style=\"--awb-border-radius-top-left:0px;--awb-border-radius-top-right:0px;--awb-border-radius-bottom-right:0px;--awb-border-radius-bottom-left:0px;--awb-padding-bottom:0px;--awb-margin-bottom:0px;--awb-flex-wrap:wrap;\" ><div class=\"fusion-builder-row fusion-row\"><div class=\"fusion-layout-column fusion_builder_column fusion-builder-column-0 fusion_builder_column_1_1 1_1 fusion-one-full fusion-column-first fusion-column-last\" style=\"--awb-bg-blend:overlay;--awb-bg-size:cover;--awb-margin-bottom:0px;\"><div class=\"fusion-column-wrapper fusion-flex-column-wrapper-legacy\"><div class=\"fusion-title title fusion-title-1 fusion-title-center fusion-title-text fusion-title-size-one\" style=\"--awb-margin-top-small:0px;--awb-margin-right-small:0px;--awb-margin-bottom-small:20px;--awb-margin-left-small:0px;\"><div class=\"title-sep-container title-sep-container-left\"><div class=\"title-sep sep- sep-solid\" style=\"border-color:#e2e2e2;\"><\/div><\/div><span class=\"awb-title-spacer\"><\/span><h1 class=\"fusion-title-heading title-heading-center fusion-responsive-typography-calculated\" style=\"margin:0;--fontSize:40;line-height:1.2;\"><h1 style=\"text-align: center;\">Archives<\/h1><\/h1><span class=\"awb-title-spacer\"><\/span><div class=\"title-sep-container title-sep-container-right\"><div class=\"title-sep sep- sep-solid\" style=\"border-color:#e2e2e2;\"><\/div><\/div><\/div><div class=\"fusion-text fusion-text-1\"><\/div><div class=\"fusion-clearfix\"><\/div><\/div><\/div><\/div><\/div><div class=\"fusion-fullwidth fullwidth-box fusion-builder-row-2 nonhundred-percent-fullwidth non-hundred-percent-height-scrolling fusion-equal-height-columns\" style=\"--awb-border-radius-top-left:0px;--awb-border-radius-top-right:0px;--awb-border-radius-bottom-right:0px;--awb-border-radius-bottom-left:0px;--awb-flex-wrap:wrap;\" ><div class=\"fusion-builder-row fusion-row\"><div class=\"fusion-layout-column fusion_builder_column fusion-builder-column-1 fusion_builder_column_1_2 1_2 fusion-one-half fusion-column-first\" style=\"--awb-bg-size:cover;--awb-margin-bottom:23px;width:50%;width:calc(50% - ( ( 4% ) * 0.5 ) );margin-right: 4%;\"><div class=\"fusion-column-wrapper fusion-column-has-shadow fusion-flex-column-wrapper-legacy\"><div class=\"fusion-image-element in-legacy-container\" style=\"--awb-margin-bottom:20px;--awb-caption-title-font-family:var(--h2_typography-font-family);--awb-caption-title-font-weight:var(--h2_typography-font-weight);--awb-caption-title-font-style:var(--h2_typography-font-style);--awb-caption-title-size:var(--h2_typography-font-size);--awb-caption-title-transform:var(--h2_typography-text-transform);--awb-caption-title-line-height:var(--h2_typography-line-height);--awb-caption-title-letter-spacing:var(--h2_typography-letter-spacing);\"><span class=\"fusion-imageframe imageframe-none imageframe-1 hover-type-none\" style=\"border-radius:15px;\"><img decoding=\"async\" width=\"300\" height=\"225\" title=\"Archiv_P9.487\" src=\"https:\/\/stalag-moosburg.de\/wp-content\/uploads\/2021\/03\/Archiv_P9.487-300x225.jpg\" alt class=\"img-responsive wp-image-6348\" srcset=\"https:\/\/stalag-moosburg.de\/wp-content\/uploads\/2021\/03\/Archiv_P9.487-200x150.jpg 200w, https:\/\/stalag-moosburg.de\/wp-content\/uploads\/2021\/03\/Archiv_P9.487-400x300.jpg 400w, https:\/\/stalag-moosburg.de\/wp-content\/uploads\/2021\/03\/Archiv_P9.487-600x450.jpg 600w, https:\/\/stalag-moosburg.de\/wp-content\/uploads\/2021\/03\/Archiv_P9.487-800x600.jpg 800w, https:\/\/stalag-moosburg.de\/wp-content\/uploads\/2021\/03\/Archiv_P9.487-1200x900.jpg 1200w, https:\/\/stalag-moosburg.de\/wp-content\/uploads\/2021\/03\/Archiv_P9.487.jpg 1612w\" sizes=\"(max-width: 800px) 100vw, 600px\" \/><\/span><\/div><div class=\"fusion-sep-clear\"><\/div><div class=\"fusion-separator fusion-full-width-sep\" style=\"margin-left: auto;margin-right: auto;width:100%;\"><div class=\"fusion-separator-border sep-double\" style=\"--awb-height:20px;--awb-amount:20px;border-color:#e0dede;border-top-width:1px;border-bottom-width:1px;\"><\/div><\/div><div class=\"fusion-sep-clear\"><\/div><div class=\"fusion-text fusion-text-2\"><h4 class=\"fusion-responsive-typography-calculated\" style=\"--fontsize: 14; line-height: 1.6; --minfontsize: 14;\" data-fontsize=\"14\" data-lineheight=\"22.4px\">Stadtarchiv der Stadt Moosburg a.d. Isar<\/h4>\n<p class=\"fusion-responsive-typography-calculated\" style=\"--fontsize: 14; line-height: 1.6; --minfontsize: 14;\" data-fontsize=\"14\" data-lineheight=\"22.4px\"><a style=\"background-color: rgba(255, 255, 255, 0); font-family: var(--body_typography-font-family); font-size: var(--body_typography-font-size); font-style: var(--body_typography-font-style,normal); font-weight: var(--body_typography-font-weight); letter-spacing: var(--body_typography-letter-spacing);\" href=\"https:\/\/www.moosburg.de\" target=\"_blank\" rel=\"noopener\">Stadt Moosburg a.d. Isar<\/a><br \/>\nStadtarchivar Stephan Kopp<br \/>\n<a href=\"tel:+49876168471\">08761 684-71<\/a><br \/>\n<a href=\"mailto:stadtarchiv@moosburg.de\">stadtarchiv@moosburg.de\u00a0<\/a><\/p>\n<p>Les archives de la ville poss\u00e8dent une tr\u00e8s importante collection de photographies et de documents originaux du Stalag, ainsi que des dessins et des \u0153uvres d'art originaux r\u00e9alis\u00e9s par les prisonniers.<\/p>\n<\/div><div class=\"fusion-sep-clear\"><\/div><div class=\"fusion-separator fusion-full-width-sep\" style=\"margin-left: auto;margin-right: auto;width:100%;\"><div class=\"fusion-separator-border sep-double\" style=\"--awb-height:20px;--awb-amount:20px;border-color:#e0dede;border-top-width:1px;border-bottom-width:1px;\"><\/div><\/div><div class=\"fusion-sep-clear\"><\/div><div class=\"fusion-text fusion-text-3\"><h4 class=\"fusion-responsive-typography-calculated\" style=\"--fontsize: 14; line-height: 1.6; --minfontsize: 14;\" data-fontsize=\"14\" data-lineheight=\"22.4px\">Staatliche Archive Bayerns<br \/>\n<a style=\"background-color: rgba(255, 255, 255, 0); font-family: var(--body_typography-font-family); font-size: var(--body_typography-font-size); font-style: var(--body_typography-font-style,normal); font-weight: var(--body_typography-font-weight); letter-spacing: var(--body_typography-letter-spacing);\" href=\"https:\/\/www.gda.bayern.de\/die-staatlichen-archive-bayerns\" target=\"_blank\" rel=\"noopener\">https:\/\/www.gda.bayern.de\/die-staatlichen-archive-bayerns<\/a><\/h4>\n<p>Les Archives d'\u00c9tat ont pour mission d'enregistrer et de rendre utilisables les documents d'archives d\u00e9tenus par les autorit\u00e9s, les tribunaux et autres organismes publics de l'\u00c9tat libre de Bavi\u00e8re et de ses pr\u00e9d\u00e9cesseurs. Il s'agit de documents tels que des actes, des fichiers, des cartes, des images et d'autres supports de donn\u00e9es, entre autres pour la recherche scientifique ou pour s\u00e9curiser les int\u00e9r\u00eats l\u00e9gitimes de personnes concern\u00e9es ou de tiers.<\/p>\n<p class=\"fusion-responsive-typography-calculated\" style=\"--fontsize: 14; line-height: 1.6; --minfontsize: 14;\" data-fontsize=\"14\" data-lineheight=\"22.4px\"><strong>Staatsarchiv M\u00fcnchen<\/strong><br \/>\nBureau des Archives d'\u00c9tat \u00e0 Munich<br \/>\n<a style=\"font-weight: normal;\" href=\"https:\/\/www.gda.bayern.de\/muenchen\/\" target=\"_blank\" rel=\"noopener\">https:\/\/www.gda.bayern.de\/muenchen\/<\/a><\/p>\n<p><a href=\"https:\/\/www.blf-online.de\/sites\/default\/files\/blf_quellen_dateien\/2021-08-00_familienforschung_zur_ns-zeit_staatsarchiv_muenchen.pdf\" target=\"_blank\" rel=\"noopener\">Anleitung zur Familienforschung im Staatsarchiv &gt;&gt;&gt;<\/a><\/p>\n<\/div><div class=\"fusion-sep-clear\"><\/div><div class=\"fusion-separator fusion-full-width-sep\" style=\"margin-left: auto;margin-right: auto;width:100%;\"><div class=\"fusion-separator-border sep-double\" style=\"--awb-height:20px;--awb-amount:20px;border-color:#e0dede;border-top-width:1px;border-bottom-width:1px;\"><\/div><\/div><div class=\"fusion-sep-clear\"><\/div><div class=\"fusion-text fusion-text-4\"><h4 class=\"fusion-responsive-typography-calculated\" style=\"--fontsize: 14; line-height: 1.6; --minfontsize: 14;\" data-fontsize=\"14\" data-lineheight=\"22.4px\">Bundesarchiv<br \/>\n<a style=\"background-color: rgba(255, 255, 255, 0); font-family: var(--body_typography-font-family); font-size: var(--body_typography-font-size); font-style: var(--body_typography-font-style,normal); font-weight: var(--body_typography-font-weight); letter-spacing: var(--body_typography-letter-spacing);\" href=\"https:\/\/www.bundesarchiv.de\">https:\/\/www.bundesarchiv.de<\/a><\/h4>\n<p>Les Archives f\u00e9d\u00e9rales ont le mandat l\u00e9gal de sauvegarder de mani\u00e8re permanente les archives du gouvernement f\u00e9d\u00e9ral et de les rendre utilisables. Il s'agit de documents tels que des dossiers, des cartes, des photos, des affiches, des films et des enregistrements sonores sous forme analogique et num\u00e9rique. L'une de ses t\u00e2ches consiste \u00e0 num\u00e9riser le mat\u00e9riel d'archives sur le national-socialisme de 1933 \u00e0 1945.<\/p>\n<\/div><div class=\"fusion-text fusion-text-5\"><h4 class=\"\" style=\"--fontsize: 14; line-height: 1.6; --minfontsize: 14;\" data-fontsize=\"14\" data-lineheight=\"22.4px\">Bundesarchiv PA<br \/>\n<span style=\"font-weight: normal;\">Informations personnelles sur la Premi\u00e8re et la Seconde Guerre mondiale (anciennement WASt)<\/span><\/h4>\n<p><a style=\"font-family: var(--body_typography-font-family); font-size: var(--body_typography-font-size); font-style: var(--body_typography-font-style,normal); font-weight: var(--body_typography-font-weight); letter-spacing: var(--body_typography-letter-spacing); background-color: rgba(255, 255, 255, 0);\" href=\"https:\/\/www.bundesarchiv.de\/DE\/Content\/Artikel\/Ueber-uns\/Aus-unserer-Arbeit\/Textsammlung-Unterlagen-Abt-PA\/unterlagen-abt-pa.html?chapterId=63002\" target=\"_blank\" rel=\"noopener\">https:\/\/www.bundesarchiv.de\/&#8230;&#8230;<\/a><\/p>\n<p>Les fonds transf\u00e9r\u00e9s de l'Office Deutsche Dienststelle (WASt) aux Archives f\u00e9d\u00e9rales sont des documents sur les victimes de guerre (morts, disparus, tombes, prisonniers de guerre allemands*).<\/p>\n<p>*) Les documents relatifs aux prisonniers de guerre \u00e9trangers ont \u00e9t\u00e9 confisqu\u00e9s apr\u00e8s la fin de la guerre et remis aux pays d'origine respectifs des prisonniers de guerre.<\/p>\n<\/div><div class=\"fusion-sep-clear\"><\/div><div class=\"fusion-separator fusion-full-width-sep\" style=\"margin-left: auto;margin-right: auto;width:100%;\"><div class=\"fusion-separator-border sep-double\" style=\"--awb-height:20px;--awb-amount:20px;border-color:#e0dede;border-top-width:1px;border-bottom-width:1px;\"><\/div><\/div><div class=\"fusion-sep-clear\"><\/div><div class=\"fusion-text fusion-text-6\"><h4 class=\"fusion-responsive-typography-calculated\" style=\"--fontsize: 14; line-height: 1.6; --minfontsize: 14;\" data-fontsize=\"14\" data-lineheight=\"22.4px\">Arolsen Archives<br \/>\n<a style=\"background-color: rgba(255, 255, 255, 0); font-family: var(--body_typography-font-family); font-size: var(--body_typography-font-size); font-style: var(--body_typography-font-style,normal); font-weight: var(--body_typography-font-weight); letter-spacing: var(--body_typography-letter-spacing);\" href=\"https:\/\/collections.arolsen-archives.org\/search\" target=\"_blank\" rel=\"noopener noreferrer\">https:\/\/collections.arolsen-archives.org\/search\/<\/a><\/h4>\n<p>Les Archives d'Arolsen sont un centre international sur la pers\u00e9cution nazie et poss\u00e8dent les archives les plus compl\u00e8tes au monde sur les victimes et les survivants du national-socialisme.<\/p>\n<\/div><div class=\"fusion-sep-clear\"><\/div><div class=\"fusion-separator fusion-full-width-sep\" style=\"margin-left: auto;margin-right: auto;width:100%;\"><div class=\"fusion-separator-border sep-double\" style=\"--awb-height:20px;--awb-amount:20px;border-color:#e0dede;border-top-width:1px;border-bottom-width:1px;\"><\/div><\/div><div class=\"fusion-sep-clear\"><\/div><div class=\"fusion-clearfix\"><\/div><\/div><\/div><div class=\"fusion-layout-column fusion_builder_column fusion-builder-column-2 fusion_builder_column_1_2 1_2 fusion-one-half fusion-column-last\" style=\"--awb-bg-size:cover;width:50%;width:calc(50% - ( ( 4% ) * 0.5 ) );\"><div class=\"fusion-column-wrapper fusion-column-has-shadow fusion-flex-column-wrapper-legacy\"><div class=\"fusion-sep-clear\"><\/div><div class=\"fusion-separator fusion-full-width-sep\" style=\"margin-left: auto;margin-right: auto;width:100%;\"><div class=\"fusion-separator-border sep-double\" style=\"--awb-height:20px;--awb-amount:20px;border-color:#e0dede;border-top-width:1px;border-bottom-width:1px;\"><\/div><\/div><div class=\"fusion-sep-clear\"><\/div><div class=\"fusion-text fusion-text-7\"><h3 data-fontsize=\"14\" data-lineheight=\"22.4px\">USA<\/h3>\n<h4 class=\"fusion-responsive-typography-calculated\" style=\"--fontsize: 14; line-height: 1.6; --minfontsize: 14;\" data-fontsize=\"14\" data-lineheight=\"22.4px\">National Archives, Washington (DC), USA<br \/>\n<a style=\"background-color: rgba(255, 255, 255, 0); font-family: var(--body_typography-font-family); font-size: var(--body_typography-font-size); font-style: var(--body_typography-font-style,normal); font-weight: var(--body_typography-font-weight); letter-spacing: var(--body_typography-letter-spacing);\" href=\"https:\/\/www.archives.gov\/\" target=\"_blank\" rel=\"noopener\">https:\/\/www.archives.gov\/<\/a><\/h4>\n<p>Les Archives nationales d\u00e9tiennent des documents de la Seconde Guerre mondiale, y compris des dossiers sur les nazis. Enregistrements de documents sur microfilms, discours et \u00e9missions, registre p\u00e9nal de la guerre nazie (Groupe de travail interagences), interrogatoires, fiches de personnel.<\/p>\n<\/div><div class=\"fusion-sep-clear\"><\/div><div class=\"fusion-separator fusion-full-width-sep\" style=\"margin-left: auto;margin-right: auto;width:100%;\"><div class=\"fusion-separator-border sep-double\" style=\"--awb-height:20px;--awb-amount:20px;border-color:#e0dede;border-top-width:1px;border-bottom-width:1px;\"><\/div><\/div><div class=\"fusion-sep-clear\"><\/div><div class=\"fusion-text fusion-text-8\" style=\"--awb-text-transform:none;\"><h3>France:<\/h3>\n<h4>Service historique de la d\u00e9fense, Frankreich<br \/>\n<a style=\"background-color: rgba(255, 255, 255, 0); font-family: var(--body_typography-font-family); font-size: var(--body_typography-font-size); font-style: var(--body_typography-font-style,normal); font-weight: var(--body_typography-font-weight); letter-spacing: var(--body_typography-letter-spacing);\" href=\"https:\/\/www.servicehistorique.sga.defense.gouv.fr\/centres-shd\/caen-division-archives-des-conflits-contemporains\" target=\"_blank\" rel=\"noopener\">https:\/\/www.servicehistorique.sga.defense.gouv.fr\/&#8230;..<\/a><\/h4>\n<p>Les archives contiennent, entre autres, des dossiers individuels allemands originaux (fiches de personnel ou PK) de prisonniers de guerre fran\u00e7ais de la Seconde Guerre mondiale. Il a \u00e9t\u00e9 aliment\u00e9 pendant et apr\u00e8s la guerre par les informations recueillies lors des op\u00e9rations de rapatriement.<\/p>\n<h4>BNF (Biblioth\u00e8que nationale de France), Gallica<\/h4>\n<p>Listes officielles de prisonniers de guerre fran\u00e7ais<br \/>\n<a style=\"font-family: var(--body_typography-font-family); font-size: var(--body_typography-font-size); font-style: var(--body_typography-font-style,normal); font-weight: var(--body_typography-font-weight); letter-spacing: var(--body_typography-letter-spacing);\" href=\"https:\/\/gallica.bnf.fr\/services\/engine\/search\/sru?operation=searchRetrieve&amp;version=1.2&amp;collapsing=disabled&amp;query=%28dc.title%20all%20%22Liste%20officielle%20des%20prisonniers%20de%20guerre%22%29%20and%20arkPress%20all%20%22cb34458709m_date%22&amp;rk=21459;2\" target=\"_blank\" rel=\"noopener\">https:\/\/gallica.bnf.fr\/services\/&#8230;.<\/a><\/p>\n<p>La recherche est un peu difficile, car chaque liste doit \u00eatre consult\u00e9e s\u00e9par\u00e9ment. De plus, tous les mill\u00e9simes ne sont pas disponibles.<\/p>\n<\/div><div class=\"fusion-sep-clear\"><\/div><div class=\"fusion-separator fusion-full-width-sep\" style=\"margin-left: auto;margin-right: auto;width:100%;\"><div class=\"fusion-separator-border sep-double\" style=\"--awb-height:20px;--awb-amount:20px;border-color:#e0dede;border-top-width:1px;border-bottom-width:1px;\"><\/div><\/div><div class=\"fusion-sep-clear\"><\/div><div class=\"fusion-text fusion-text-9\"><h3>Rechercher des familles fran\u00e7aises :<\/h3>\n<h4>Conseil National pour l\u2019acc\u00e8s aux origines personnelles (CNAOP)<\/h4>\n<p>Archives pour la recherche de la m\u00e8re ou du p\u00e8re inconnu :<\/p>\n<p>Secr\u00e9tariat g\u00e9n\u00e9ral<br \/>\n14 avenue Duquesne<br \/>\n75350 PARIS 07 SP<br \/>\nT\u00e9l\u00e9phone : 0033 1 40567217<br \/>\nT\u00e9l\u00e9fax : 0033 1 40565908<br \/>\nCourriel : <a href=\"mailto:cnaop-secr@sante.gouv.fr\" target=\"_blank\" rel=\"noopener noreferrer\">cnaop-secr@sante.gouv.fr<\/a><br \/>\n<a style=\"background-color: rgba(255, 255, 255, 0); font-family: var(--body_typography-font-family); font-size: var(--body_typography-font-size); font-style: var(--body_typography-font-style,normal); font-weight: var(--body_typography-font-weight); letter-spacing: var(--body_typography-letter-spacing);\" href=\"http:\/\/www.cnaop.gouv.fr\/\" target=\"_blank\" rel=\"noopener noreferrer\">http:\/\/www.cnaop.gouv.fr\/<\/a><\/p>\n<h4 class=\"\" style=\"--fontsize: 14; line-height: 1.6; --minfontsize: 14;\" data-fontsize=\"14\" data-lineheight=\"22.4px\">A.N.E.G.<br \/>\n(Amicale Nationale des Enfants de la Guerre)<\/h4>\n<p>Cette organisation a connu un grand succ\u00e8s dans le pass\u00e9 en localisant des enfants de la guerre et des parents ! A.N.E.G. a trait\u00e9 plus de 600 cas de r\u00e9unification familiale \u00e0 ce jour.<\/p>\n<p>Jehan Sauval-Schmutzler<br \/>\n44 rue Cyrille Werbrouck<br \/>\nF-80090 Amiens<br \/>\nT\u00e9l\u00e9phone : 03 22467760<br \/>\nCourriel : <a href=\"mailto:jehan.sauval@wanadoo.fr\" target=\"_blank\" rel=\"noopener noreferrer\">jehan.sauval@wanadoo.fr<\/a><br \/>\n<a href=\"http:\/\/anegfrance.free.fr\/ENGUER0A.HTM\" target=\"_blank\" rel=\"noopener noreferrer\">http:\/\/anegfrance.free.fr\/ENGUER0A.HTM<\/a><\/p>\n<p>Relations humaines A. N. E. G.<br \/>\nJeanine NIVOIX-SEVESTRE<br \/>\n3 rue de l&#8217;\u00e9glise<br \/>\nF-76270 Mesni\u00e8res-en-Bray<br \/>\nT\u00e9l\u00e9phone : 06 33149643<br \/>\nCourriel : <a href=\"mailto:jeaninenivoix401@gmail.com\" target=\"_blank\" rel=\"noopener noreferrer\">jeaninenivoix401@gmail.com<\/a><\/p>\n<h4 class=\"\" style=\"--fontsize: 14; line-height: 1.6; --minfontsize: 14;\" data-fontsize=\"14\" data-lineheight=\"22.4px\"><\/h4>\n<\/div><div class=\"fusion-clearfix\"><\/div><\/div><\/div><\/div><\/div><\/p>","protected":false},"excerpt":{"rendered":"","protected":false},"author":3,"featured_media":0,"parent":3645,"menu_order":11,"comment_status":"closed","ping_status":"closed","template":"","meta":{"footnotes":""},"class_list":["post-3393","page","type-page","status-publish","hentry"],"yoast_head":"<!-- This site is optimized with the Yoast SEO plugin v27.4 - https:\/\/yoast.com\/product\/yoast-seo-wordpress\/ -->\n<title>Archive - Stalag Moosburg e.V.<\/title>\n<meta name=\"robots\" content=\"index, follow, max-snippet:-1, max-image-preview:large, max-video-preview:-1\" \/>\n<link rel=\"canonical\" href=\"https:\/\/stalag-moosburg.de\/fr\/dokumentationen\/archive\/\" \/>\n<meta property=\"og:locale\" content=\"fr_FR\" \/>\n<meta property=\"og:type\" content=\"article\" \/>\n<meta property=\"og:title\" content=\"Archive - Stalag Moosburg e.V.\" \/>\n<meta property=\"og:url\" content=\"https:\/\/stalag-moosburg.de\/fr\/dokumentationen\/archive\/\" \/>\n<meta property=\"og:site_name\" content=\"Stalag Moosburg e.V.\" \/>\n<meta property=\"article:publisher\" content=\"https:\/\/www.facebook.com\/stalag.moosburg\" \/>\n<meta property=\"article:modified_time\" content=\"2025-03-06T20:10:46+00:00\" \/>\n<meta name=\"twitter:card\" content=\"summary_large_image\" \/>\n<meta name=\"twitter:label1\" content=\"Dur\u00e9e de lecture estim\u00e9e\" \/>\n\t<meta name=\"twitter:data1\" content=\"3 minutes\" \/>\n<script type=\"application\/ld+json\" class=\"yoast-schema-graph\">{\"@context\":\"https:\\\/\\\/schema.org\",\"@graph\":[{\"@type\":\"WebPage\",\"@id\":\"https:\\\/\\\/stalag-moosburg.de\\\/dokumentationen\\\/archive\\\/\",\"url\":\"https:\\\/\\\/stalag-moosburg.de\\\/dokumentationen\\\/archive\\\/\",\"name\":\"Archive - Stalag Moosburg e.V.\",\"isPartOf\":{\"@id\":\"https:\\\/\\\/stalag-moosburg.de\\\/#website\"},\"datePublished\":\"2020-01-31T11:34:30+00:00\",\"dateModified\":\"2025-03-06T20:10:46+00:00\",\"breadcrumb\":{\"@id\":\"https:\\\/\\\/stalag-moosburg.de\\\/dokumentationen\\\/archive\\\/#breadcrumb\"},\"inLanguage\":\"fr-FR\",\"potentialAction\":[{\"@type\":\"ReadAction\",\"target\":[\"https:\\\/\\\/stalag-moosburg.de\\\/dokumentationen\\\/archive\\\/\"]}]},{\"@type\":\"BreadcrumbList\",\"@id\":\"https:\\\/\\\/stalag-moosburg.de\\\/dokumentationen\\\/archive\\\/#breadcrumb\",\"itemListElement\":[{\"@type\":\"ListItem\",\"position\":1,\"name\":\"Home\",\"item\":\"https:\\\/\\\/stalag-moosburg.de\\\/\"},{\"@type\":\"ListItem\",\"position\":2,\"name\":\"Dokumentationen\",\"item\":\"https:\\\/\\\/stalag-moosburg.de\\\/dokumentationen\\\/\"},{\"@type\":\"ListItem\",\"position\":3,\"name\":\"Archive\"}]},{\"@type\":\"WebSite\",\"@id\":\"https:\\\/\\\/stalag-moosburg.de\\\/#website\",\"url\":\"https:\\\/\\\/stalag-moosburg.de\\\/\",\"name\":\"Stalag Moosburg e.V.\",\"description\":\"Verein zur F\u00f6rderung interkultureller Begegnung\",\"publisher\":{\"@id\":\"https:\\\/\\\/stalag-moosburg.de\\\/#organization\"},\"potentialAction\":[{\"@type\":\"SearchAction\",\"target\":{\"@type\":\"EntryPoint\",\"urlTemplate\":\"https:\\\/\\\/stalag-moosburg.de\\\/?s={search_term_string}\"},\"query-input\":{\"@type\":\"PropertyValueSpecification\",\"valueRequired\":true,\"valueName\":\"search_term_string\"}}],\"inLanguage\":\"fr-FR\"},{\"@type\":\"Organization\",\"@id\":\"https:\\\/\\\/stalag-moosburg.de\\\/#organization\",\"name\":\"Stalag Moosburg e.V.\",\"url\":\"https:\\\/\\\/stalag-moosburg.de\\\/\",\"logo\":{\"@type\":\"ImageObject\",\"inLanguage\":\"fr-FR\",\"@id\":\"https:\\\/\\\/stalag-moosburg.de\\\/#\\\/schema\\\/logo\\\/image\\\/\",\"url\":\"https:\\\/\\\/stalag-moosburg.de\\\/wp-content\\\/uploads\\\/2021\\\/04\\\/Logo-Stalag-Verein-Rechteck.jpg\",\"contentUrl\":\"https:\\\/\\\/stalag-moosburg.de\\\/wp-content\\\/uploads\\\/2021\\\/04\\\/Logo-Stalag-Verein-Rechteck.jpg\",\"width\":1074,\"height\":960,\"caption\":\"Stalag Moosburg e.V.\"},\"image\":{\"@id\":\"https:\\\/\\\/stalag-moosburg.de\\\/#\\\/schema\\\/logo\\\/image\\\/\"},\"sameAs\":[\"https:\\\/\\\/www.facebook.com\\\/stalag.moosburg\"]}]}<\/script>\n<!-- \/ Yoast SEO plugin. -->","yoast_head_json":{"title":"Archive - Stalag Moosburg e.V.","robots":{"index":"index","follow":"follow","max-snippet":"max-snippet:-1","max-image-preview":"max-image-preview:large","max-video-preview":"max-video-preview:-1"},"canonical":"https:\/\/stalag-moosburg.de\/fr\/dokumentationen\/archive\/","og_locale":"fr_FR","og_type":"article","og_title":"Archive - Stalag Moosburg e.V.","og_url":"https:\/\/stalag-moosburg.de\/fr\/dokumentationen\/archive\/","og_site_name":"Stalag Moosburg e.V.","article_publisher":"https:\/\/www.facebook.com\/stalag.moosburg","article_modified_time":"2025-03-06T20:10:46+00:00","twitter_card":"summary_large_image","twitter_misc":{"Dur\u00e9e de lecture estim\u00e9e":"3 minutes"},"schema":{"@context":"https:\/\/schema.org","@graph":[{"@type":"WebPage","@id":"https:\/\/stalag-moosburg.de\/dokumentationen\/archive\/","url":"https:\/\/stalag-moosburg.de\/dokumentationen\/archive\/","name":"Archive - Stalag Moosburg e.V.","isPartOf":{"@id":"https:\/\/stalag-moosburg.de\/#website"},"datePublished":"2020-01-31T11:34:30+00:00","dateModified":"2025-03-06T20:10:46+00:00","breadcrumb":{"@id":"https:\/\/stalag-moosburg.de\/dokumentationen\/archive\/#breadcrumb"},"inLanguage":"fr-FR","potentialAction":[{"@type":"ReadAction","target":["https:\/\/stalag-moosburg.de\/dokumentationen\/archive\/"]}]},{"@type":"BreadcrumbList","@id":"https:\/\/stalag-moosburg.de\/dokumentationen\/archive\/#breadcrumb","itemListElement":[{"@type":"ListItem","position":1,"name":"Home","item":"https:\/\/stalag-moosburg.de\/"},{"@type":"ListItem","position":2,"name":"Dokumentationen","item":"https:\/\/stalag-moosburg.de\/dokumentationen\/"},{"@type":"ListItem","position":3,"name":"Archive"}]},{"@type":"WebSite","@id":"https:\/\/stalag-moosburg.de\/#website","url":"https:\/\/stalag-moosburg.de\/","name":"Stalag Moosburg e.V.","description":"Verein zur F\u00f6rderung interkultureller Begegnung","publisher":{"@id":"https:\/\/stalag-moosburg.de\/#organization"},"potentialAction":[{"@type":"SearchAction","target":{"@type":"EntryPoint","urlTemplate":"https:\/\/stalag-moosburg.de\/?s={search_term_string}"},"query-input":{"@type":"PropertyValueSpecification","valueRequired":true,"valueName":"search_term_string"}}],"inLanguage":"fr-FR"},{"@type":"Organization","@id":"https:\/\/stalag-moosburg.de\/#organization","name":"Stalag Moosburg e.V.","url":"https:\/\/stalag-moosburg.de\/","logo":{"@type":"ImageObject","inLanguage":"fr-FR","@id":"https:\/\/stalag-moosburg.de\/#\/schema\/logo\/image\/","url":"https:\/\/stalag-moosburg.de\/wp-content\/uploads\/2021\/04\/Logo-Stalag-Verein-Rechteck.jpg","contentUrl":"https:\/\/stalag-moosburg.de\/wp-content\/uploads\/2021\/04\/Logo-Stalag-Verein-Rechteck.jpg","width":1074,"height":960,"caption":"Stalag Moosburg e.V."},"image":{"@id":"https:\/\/stalag-moosburg.de\/#\/schema\/logo\/image\/"},"sameAs":["https:\/\/www.facebook.com\/stalag.moosburg"]}]}},"_links":{"self":[{"href":"https:\/\/stalag-moosburg.de\/fr\/wp-json\/wp\/v2\/pages\/3393","targetHints":{"allow":["GET"]}}],"collection":[{"href":"https:\/\/stalag-moosburg.de\/fr\/wp-json\/wp\/v2\/pages"}],"about":[{"href":"https:\/\/stalag-moosburg.de\/fr\/wp-json\/wp\/v2\/types\/page"}],"author":[{"embeddable":true,"href":"https:\/\/stalag-moosburg.de\/fr\/wp-json\/wp\/v2\/users\/3"}],"replies":[{"embeddable":true,"href":"https:\/\/stalag-moosburg.de\/fr\/wp-json\/wp\/v2\/comments?post=3393"}],"version-history":[{"count":90,"href":"https:\/\/stalag-moosburg.de\/fr\/wp-json\/wp\/v2\/pages\/3393\/revisions"}],"predecessor-version":[{"id":11033,"href":"https:\/\/stalag-moosburg.de\/fr\/wp-json\/wp\/v2\/pages\/3393\/revisions\/11033"}],"up":[{"embeddable":true,"href":"https:\/\/stalag-moosburg.de\/fr\/wp-json\/wp\/v2\/pages\/3645"}],"wp:attachment":[{"href":"https:\/\/stalag-moosburg.de\/fr\/wp-json\/wp\/v2\/media?parent=3393"}],"curies":[{"name":"wp","href":"https:\/\/api.w.org\/{rel}","templated":true}]}}