{"id":3377,"date":"2020-01-31T12:25:59","date_gmt":"2020-01-31T11:25:59","guid":{"rendered":"https:\/\/stalag-moosburg.de\/?page_id=3377"},"modified":"2023-01-23T15:20:32","modified_gmt":"2023-01-23T14:20:32","slug":"internierungslager","status":"publish","type":"page","link":"https:\/\/stalag-moosburg.de\/fr\/geschichte\/internierungslager\/","title":{"rendered":"Camp d'internement"},"content":{"rendered":"<p><div class=\"fusion-fullwidth fullwidth-box fusion-builder-row-1 fusion-flex-container nonhundred-percent-fullwidth non-hundred-percent-height-scrolling\" style=\"--awb-border-radius-top-left:0px;--awb-border-radius-top-right:0px;--awb-border-radius-bottom-right:0px;--awb-border-radius-bottom-left:0px;--awb-margin-bottom:0px;--awb-flex-wrap:wrap;\" ><div class=\"fusion-builder-row fusion-row fusion-flex-align-items-flex-start fusion-flex-content-wrap\" style=\"max-width:1216.8px;margin-left: calc(-4% \/ 2 );margin-right: calc(-4% \/ 2 );\"><div class=\"fusion-layout-column fusion_builder_column fusion-builder-column-0 fusion_builder_column_1_1 1_1 fusion-flex-column\" style=\"--awb-bg-size:cover;--awb-width-large:100%;--awb-margin-top-large:0px;--awb-spacing-right-large:1.92%;--awb-margin-bottom-large:0px;--awb-spacing-left-large:1.92%;--awb-width-medium:100%;--awb-order-medium:0;--awb-spacing-right-medium:1.92%;--awb-spacing-left-medium:1.92%;--awb-width-small:100%;--awb-order-small:0;--awb-spacing-right-small:1.92%;--awb-spacing-left-small:1.92%;\"><div class=\"fusion-column-wrapper fusion-column-has-shadow fusion-flex-justify-content-flex-start fusion-content-layout-column\"><div class=\"fusion-title title fusion-title-1 fusion-title-center fusion-title-text fusion-title-size-one\" style=\"--awb-margin-top-small:0px;--awb-margin-right-small:0px;--awb-margin-bottom-small:20px;--awb-margin-left-small:0px;\"><div class=\"title-sep-container title-sep-container-left\"><div class=\"title-sep sep- sep-solid\" style=\"border-color:#e2e2e2;\"><\/div><\/div><span class=\"awb-title-spacer\"><\/span><h1 class=\"fusion-title-heading title-heading-center fusion-responsive-typography-calculated\" style=\"margin:0;--fontSize:40;line-height:1.2;\"><h1>Camp d'internement<\/h1><\/h1><span class=\"awb-title-spacer\"><\/span><div class=\"title-sep-container title-sep-container-right\"><div class=\"title-sep sep- sep-solid\" style=\"border-color:#e2e2e2;\"><\/div><\/div><\/div><\/div><\/div><\/div><\/div><div class=\"fusion-fullwidth fullwidth-box fusion-builder-row-2 nonhundred-percent-fullwidth non-hundred-percent-height-scrolling fusion-menu\" style=\"--awb-border-radius-top-left:0px;--awb-border-radius-top-right:0px;--awb-border-radius-bottom-right:0px;--awb-border-radius-bottom-left:0px;--awb-flex-wrap:wrap;\" ><div class=\"fusion-builder-row fusion-row\"><div class=\"fusion-layout-column fusion_builder_column fusion-builder-column-1 fusion_builder_column_1_1 1_1 fusion-one-full fusion-column-first fusion-column-last\" style=\"--awb-bg-size:cover;--awb-margin-bottom:0px;\"><div class=\"fusion-column-wrapper fusion-flex-column-wrapper-legacy\"><div class=\"fusion-text fusion-text-1\" style=\"--awb-text-transform:none;\"><h2 class=\"fusion-responsive-typography-calculated\" style=\"--fontsize: 25; line-height: 1.2; --minfontsize: 20;\" data-fontsize=\"25\" data-lineheight=\"30px\">1945-48 Internement pour \"d\u00e9nazification<br \/>Civilian Internment Camp No. 6<\/h2>\n<p>Apr\u00e8s la lib\u00e9ration du Stalag VIIA le 29 avril 1945 par les troupes am\u00e9ricaines et l'\u00e9vacuation des prisonniers de guerre, le site du Stalag a servi de \"camp d'internment civil n\u00b0 6\", c'est-\u00e0-dire camp d'internement de Moosburg, du 8 juin 1945 au 22 avril 1948. Dans ce camp d'internement pour civils, les Am\u00e9ricains et, \u00e0 partir de l'automne 1946, le minist\u00e8re bavarois de missions sp\u00e9ciales ont d\u00e9tenu des fonctionnaires du r\u00e9gime nazi ainsi que des personnes soup\u00e7onn\u00e9es de collaborer avec le r\u00e9gime nazi ou d'\u00eatre des criminels de guerre. Ces personnes ont d'abord \u00e9t\u00e9 intern\u00e9es en vertu d'une \"arrestation automatique\" jusqu'\u00e0 ce que leur cas puisse \u00eatre entendu par les chambres de premi\u00e8re instance.<\/p>\n<p>Le point de d\u00e9part de la cr\u00e9ation des camps d'internement \u00e9tait la politique de d\u00e9nazification des Am\u00e9ricains. Outre la d\u00e9mocratisation et la d\u00e9militarisation, ils avaient proclam\u00e9 la \"d\u00e9nazification\" de l'Allemagne comme objectif de guerre. Pour les Am\u00e9ricains, il s\u2019agissait de l'\u00e9limination compl\u00e8te du national-socialisme et du militarisme. Par cons\u00e9quent, les fonctionnaires de l'Allemagne nationale-socialiste devaient \u00eatre priv\u00e9s de leur pouvoir et \u00e9vinc\u00e9s des postes de direction de l'\u00c9tat et de la soci\u00e9t\u00e9. La d\u00e9nazification repr\u00e9sentait alors \u00e9galement pour le gouvernement militaire am\u00e9ricain un pilier de leur politique d'occupation et avait une signification beaucoup plus importante ici que dans la zone britannique ou fran\u00e7aise. En outre, les forces am\u00e9ricaines poursuivaient l'objectif d'emprisonner les criminels de guerre.<\/p>\n<p>\u00c0 partir du printemps 1948, le minist\u00e8re sp\u00e9cial commence \u00e0 fermer progressivement les camps d'internement en commen\u00e7ant par Moosburg. Le 1er avril 1948, le camp a \u00e9t\u00e9 dissous en tant qu'unit\u00e9 ind\u00e9pendante.<\/p>\n<blockquote>\n<p class=\"translation-block\"><strong>Conseil de lecture :<\/strong> Apr\u00e8s de nombreuses recherches, notamment aux Archives Nationales \u00e0 Washington, une publication d\u00e9taill\u00e9e contenant de nombreux faits et sources sur le camp d'internement est parue mi-2021 : <br>\u201e<a href=\"\/fr\/dokumentationen\/publikationen\/#a_internment-camp\" target=\"_self\">Internment Camp No 6 \u2013 Ein Internierungslager in der US-Zone 1945-1948\"<\/a><\/p>\n<p class=\"translation-block\"><strong>Conseil de lecture :<\/strong> Une pr\u00e9sentation compacte du camp d'internement, bas\u00e9e sur l'ouvrage pr\u00e9cit\u00e9, a \u00e9t\u00e9 publi\u00e9e avec cette \u00e9dition : <br>\u201e<a href=\"\/fr\/dokumentationen\/publikationen\/#a_verdacht\" target=\"_self\">Unter Verdacht - im Internierungslager Nr. 6 Moosburg 1945-1948 <\/a>\"<\/p>\n<\/blockquote>\n<\/div><div class=\"fusion-clearfix\"><\/div><\/div><\/div><\/div><\/div><\/p>","protected":false},"excerpt":{"rendered":"","protected":false},"author":3,"featured_media":0,"parent":3643,"menu_order":6,"comment_status":"closed","ping_status":"closed","template":"","meta":{"footnotes":""},"class_list":["post-3377","page","type-page","status-publish","hentry"],"yoast_head":"<!-- This site is optimized with the Yoast SEO plugin v27.5 - https:\/\/yoast.com\/product\/yoast-seo-wordpress\/ -->\n<title>Internierungslager - Stalag Moosburg e.V.<\/title>\n<meta name=\"robots\" content=\"index, follow, max-snippet:-1, max-image-preview:large, max-video-preview:-1\" \/>\n<link rel=\"canonical\" href=\"https:\/\/stalag-moosburg.de\/fr\/geschichte\/internierungslager\/\" \/>\n<meta property=\"og:locale\" content=\"fr_FR\" \/>\n<meta property=\"og:type\" content=\"article\" \/>\n<meta property=\"og:title\" content=\"Internierungslager - Stalag Moosburg e.V.\" \/>\n<meta property=\"og:url\" content=\"https:\/\/stalag-moosburg.de\/fr\/geschichte\/internierungslager\/\" \/>\n<meta property=\"og:site_name\" content=\"Stalag Moosburg e.V.\" \/>\n<meta property=\"article:publisher\" content=\"https:\/\/www.facebook.com\/stalag.moosburg\" \/>\n<meta property=\"article:modified_time\" content=\"2023-01-23T14:20:32+00:00\" \/>\n<meta name=\"twitter:card\" content=\"summary_large_image\" \/>\n<meta name=\"twitter:label1\" content=\"Dur\u00e9e de lecture estim\u00e9e\" \/>\n\t<meta name=\"twitter:data1\" content=\"3 minutes\" \/>\n<script type=\"application\/ld+json\" class=\"yoast-schema-graph\">{\"@context\":\"https:\\\/\\\/schema.org\",\"@graph\":[{\"@type\":\"WebPage\",\"@id\":\"https:\\\/\\\/stalag-moosburg.de\\\/geschichte\\\/internierungslager\\\/\",\"url\":\"https:\\\/\\\/stalag-moosburg.de\\\/geschichte\\\/internierungslager\\\/\",\"name\":\"Internierungslager - Stalag Moosburg e.V.\",\"isPartOf\":{\"@id\":\"https:\\\/\\\/stalag-moosburg.de\\\/#website\"},\"datePublished\":\"2020-01-31T11:25:59+00:00\",\"dateModified\":\"2023-01-23T14:20:32+00:00\",\"breadcrumb\":{\"@id\":\"https:\\\/\\\/stalag-moosburg.de\\\/geschichte\\\/internierungslager\\\/#breadcrumb\"},\"inLanguage\":\"fr-FR\",\"potentialAction\":[{\"@type\":\"ReadAction\",\"target\":[\"https:\\\/\\\/stalag-moosburg.de\\\/geschichte\\\/internierungslager\\\/\"]}]},{\"@type\":\"BreadcrumbList\",\"@id\":\"https:\\\/\\\/stalag-moosburg.de\\\/geschichte\\\/internierungslager\\\/#breadcrumb\",\"itemListElement\":[{\"@type\":\"ListItem\",\"position\":1,\"name\":\"Home\",\"item\":\"https:\\\/\\\/stalag-moosburg.de\\\/\"},{\"@type\":\"ListItem\",\"position\":2,\"name\":\"Geschichte\",\"item\":\"https:\\\/\\\/stalag-moosburg.de\\\/geschichte\\\/\"},{\"@type\":\"ListItem\",\"position\":3,\"name\":\"Internierungslager\"}]},{\"@type\":\"WebSite\",\"@id\":\"https:\\\/\\\/stalag-moosburg.de\\\/#website\",\"url\":\"https:\\\/\\\/stalag-moosburg.de\\\/\",\"name\":\"Stalag Moosburg e.V.\",\"description\":\"Verein zur F\u00f6rderung interkultureller Begegnung\",\"publisher\":{\"@id\":\"https:\\\/\\\/stalag-moosburg.de\\\/#organization\"},\"potentialAction\":[{\"@type\":\"SearchAction\",\"target\":{\"@type\":\"EntryPoint\",\"urlTemplate\":\"https:\\\/\\\/stalag-moosburg.de\\\/?s={search_term_string}\"},\"query-input\":{\"@type\":\"PropertyValueSpecification\",\"valueRequired\":true,\"valueName\":\"search_term_string\"}}],\"inLanguage\":\"fr-FR\"},{\"@type\":\"Organization\",\"@id\":\"https:\\\/\\\/stalag-moosburg.de\\\/#organization\",\"name\":\"Stalag Moosburg e.V.\",\"url\":\"https:\\\/\\\/stalag-moosburg.de\\\/\",\"logo\":{\"@type\":\"ImageObject\",\"inLanguage\":\"fr-FR\",\"@id\":\"https:\\\/\\\/stalag-moosburg.de\\\/#\\\/schema\\\/logo\\\/image\\\/\",\"url\":\"https:\\\/\\\/stalag-moosburg.de\\\/wp-content\\\/uploads\\\/2021\\\/04\\\/Logo-Stalag-Verein-Rechteck.jpg\",\"contentUrl\":\"https:\\\/\\\/stalag-moosburg.de\\\/wp-content\\\/uploads\\\/2021\\\/04\\\/Logo-Stalag-Verein-Rechteck.jpg\",\"width\":1074,\"height\":960,\"caption\":\"Stalag Moosburg e.V.\"},\"image\":{\"@id\":\"https:\\\/\\\/stalag-moosburg.de\\\/#\\\/schema\\\/logo\\\/image\\\/\"},\"sameAs\":[\"https:\\\/\\\/www.facebook.com\\\/stalag.moosburg\"]}]}<\/script>\n<!-- \/ Yoast SEO plugin. -->","yoast_head_json":{"title":"Internierungslager - Stalag Moosburg e.V.","robots":{"index":"index","follow":"follow","max-snippet":"max-snippet:-1","max-image-preview":"max-image-preview:large","max-video-preview":"max-video-preview:-1"},"canonical":"https:\/\/stalag-moosburg.de\/fr\/geschichte\/internierungslager\/","og_locale":"fr_FR","og_type":"article","og_title":"Internierungslager - Stalag Moosburg e.V.","og_url":"https:\/\/stalag-moosburg.de\/fr\/geschichte\/internierungslager\/","og_site_name":"Stalag Moosburg e.V.","article_publisher":"https:\/\/www.facebook.com\/stalag.moosburg","article_modified_time":"2023-01-23T14:20:32+00:00","twitter_card":"summary_large_image","twitter_misc":{"Dur\u00e9e de lecture estim\u00e9e":"3 minutes"},"schema":{"@context":"https:\/\/schema.org","@graph":[{"@type":"WebPage","@id":"https:\/\/stalag-moosburg.de\/geschichte\/internierungslager\/","url":"https:\/\/stalag-moosburg.de\/geschichte\/internierungslager\/","name":"Internierungslager - Stalag Moosburg e.V.","isPartOf":{"@id":"https:\/\/stalag-moosburg.de\/#website"},"datePublished":"2020-01-31T11:25:59+00:00","dateModified":"2023-01-23T14:20:32+00:00","breadcrumb":{"@id":"https:\/\/stalag-moosburg.de\/geschichte\/internierungslager\/#breadcrumb"},"inLanguage":"fr-FR","potentialAction":[{"@type":"ReadAction","target":["https:\/\/stalag-moosburg.de\/geschichte\/internierungslager\/"]}]},{"@type":"BreadcrumbList","@id":"https:\/\/stalag-moosburg.de\/geschichte\/internierungslager\/#breadcrumb","itemListElement":[{"@type":"ListItem","position":1,"name":"Home","item":"https:\/\/stalag-moosburg.de\/"},{"@type":"ListItem","position":2,"name":"Geschichte","item":"https:\/\/stalag-moosburg.de\/geschichte\/"},{"@type":"ListItem","position":3,"name":"Internierungslager"}]},{"@type":"WebSite","@id":"https:\/\/stalag-moosburg.de\/#website","url":"https:\/\/stalag-moosburg.de\/","name":"Stalag Moosburg e.V.","description":"Verein zur F\u00f6rderung interkultureller Begegnung","publisher":{"@id":"https:\/\/stalag-moosburg.de\/#organization"},"potentialAction":[{"@type":"SearchAction","target":{"@type":"EntryPoint","urlTemplate":"https:\/\/stalag-moosburg.de\/?s={search_term_string}"},"query-input":{"@type":"PropertyValueSpecification","valueRequired":true,"valueName":"search_term_string"}}],"inLanguage":"fr-FR"},{"@type":"Organization","@id":"https:\/\/stalag-moosburg.de\/#organization","name":"Stalag Moosburg e.V.","url":"https:\/\/stalag-moosburg.de\/","logo":{"@type":"ImageObject","inLanguage":"fr-FR","@id":"https:\/\/stalag-moosburg.de\/#\/schema\/logo\/image\/","url":"https:\/\/stalag-moosburg.de\/wp-content\/uploads\/2021\/04\/Logo-Stalag-Verein-Rechteck.jpg","contentUrl":"https:\/\/stalag-moosburg.de\/wp-content\/uploads\/2021\/04\/Logo-Stalag-Verein-Rechteck.jpg","width":1074,"height":960,"caption":"Stalag Moosburg e.V."},"image":{"@id":"https:\/\/stalag-moosburg.de\/#\/schema\/logo\/image\/"},"sameAs":["https:\/\/www.facebook.com\/stalag.moosburg"]}]}},"_links":{"self":[{"href":"https:\/\/stalag-moosburg.de\/fr\/wp-json\/wp\/v2\/pages\/3377","targetHints":{"allow":["GET"]}}],"collection":[{"href":"https:\/\/stalag-moosburg.de\/fr\/wp-json\/wp\/v2\/pages"}],"about":[{"href":"https:\/\/stalag-moosburg.de\/fr\/wp-json\/wp\/v2\/types\/page"}],"author":[{"embeddable":true,"href":"https:\/\/stalag-moosburg.de\/fr\/wp-json\/wp\/v2\/users\/3"}],"replies":[{"embeddable":true,"href":"https:\/\/stalag-moosburg.de\/fr\/wp-json\/wp\/v2\/comments?post=3377"}],"version-history":[{"count":25,"href":"https:\/\/stalag-moosburg.de\/fr\/wp-json\/wp\/v2\/pages\/3377\/revisions"}],"predecessor-version":[{"id":9037,"href":"https:\/\/stalag-moosburg.de\/fr\/wp-json\/wp\/v2\/pages\/3377\/revisions\/9037"}],"up":[{"embeddable":true,"href":"https:\/\/stalag-moosburg.de\/fr\/wp-json\/wp\/v2\/pages\/3643"}],"wp:attachment":[{"href":"https:\/\/stalag-moosburg.de\/fr\/wp-json\/wp\/v2\/media?parent=3377"}],"curies":[{"name":"wp","href":"https:\/\/api.w.org\/{rel}","templated":true}]}}