{"id":3376,"date":"2020-01-31T12:25:49","date_gmt":"2020-01-31T11:25:49","guid":{"rendered":"https:\/\/stalag-moosburg.de\/?page_id=3376"},"modified":"2023-04-06T17:28:51","modified_gmt":"2023-04-06T15:28:51","slug":"heimatvertriebene","status":"publish","type":"page","link":"https:\/\/stalag-moosburg.de\/fr\/geschichte\/heimatvertriebene\/","title":{"rendered":"Expuls\u00e9s \/ Neustadt"},"content":{"rendered":"<p><div class=\"fusion-fullwidth fullwidth-box fusion-builder-row-1 fusion-flex-container nonhundred-percent-fullwidth non-hundred-percent-height-scrolling\" style=\"--awb-border-radius-top-left:0px;--awb-border-radius-top-right:0px;--awb-border-radius-bottom-right:0px;--awb-border-radius-bottom-left:0px;--awb-margin-bottom:0px;--awb-flex-wrap:wrap;\" ><div class=\"fusion-builder-row fusion-row fusion-flex-align-items-flex-start fusion-flex-content-wrap\" style=\"max-width:1216.8px;margin-left: calc(-4% \/ 2 );margin-right: calc(-4% \/ 2 );\"><div class=\"fusion-layout-column fusion_builder_column fusion-builder-column-0 fusion_builder_column_1_1 1_1 fusion-flex-column\" style=\"--awb-bg-size:cover;--awb-width-large:100%;--awb-margin-top-large:0px;--awb-spacing-right-large:1.92%;--awb-margin-bottom-large:0px;--awb-spacing-left-large:1.92%;--awb-width-medium:100%;--awb-order-medium:0;--awb-spacing-right-medium:1.92%;--awb-spacing-left-medium:1.92%;--awb-width-small:100%;--awb-order-small:0;--awb-spacing-right-small:1.92%;--awb-spacing-left-small:1.92%;\"><div class=\"fusion-column-wrapper fusion-column-has-shadow fusion-flex-justify-content-flex-start fusion-content-layout-column\"><div class=\"fusion-title title fusion-title-1 fusion-title-center fusion-title-text fusion-title-size-one\" style=\"--awb-margin-top-small:0px;--awb-margin-right-small:0px;--awb-margin-bottom-small:20px;--awb-margin-left-small:0px;\"><div class=\"title-sep-container title-sep-container-left\"><div class=\"title-sep sep- sep-solid\" style=\"border-color:#e2e2e2;\"><\/div><\/div><span class=\"awb-title-spacer\"><\/span><h1 class=\"fusion-title-heading title-heading-center fusion-responsive-typography-calculated\" style=\"margin:0;--fontSize:40;line-height:1.2;\"><h1>Installation des expuls\u00e9s<\/h1><\/h1><span class=\"awb-title-spacer\"><\/span><div class=\"title-sep-container title-sep-container-right\"><div class=\"title-sep sep- sep-solid\" style=\"border-color:#e2e2e2;\"><\/div><\/div><\/div><\/div><\/div><\/div><\/div><div class=\"fusion-fullwidth fullwidth-box fusion-builder-row-2 nonhundred-percent-fullwidth non-hundred-percent-height-scrolling\" style=\"--awb-border-radius-top-left:0px;--awb-border-radius-top-right:0px;--awb-border-radius-bottom-right:0px;--awb-border-radius-bottom-left:0px;--awb-flex-wrap:wrap;\" ><div class=\"fusion-builder-row fusion-row\"><div class=\"fusion-layout-column fusion_builder_column fusion-builder-column-1 fusion_builder_column_1_1 1_1 fusion-one-full fusion-column-first fusion-column-last\" style=\"--awb-bg-size:cover;--awb-margin-bottom:0px;\"><div class=\"fusion-column-wrapper fusion-flex-column-wrapper-legacy\"><div class=\"fusion-text fusion-text-1 fusion-menu\"><h2 style=\"--fontsize: 25; line-height: 1.2; --minfontsize: 20;\">A partir de 1948, peuplement de la zone du camp et d\u00e9veloppement du quartier de Neustadt<\/h2>\n<div id=\"attachment_6041\" style=\"width: 310px\" class=\"wp-caption alignleft\"><a href=\"#sprg_Neustadt\"><img decoding=\"async\" aria-describedby=\"caption-attachment-6041\" class=\"size-medium wp-image-6041\" src=\"https:\/\/stalag-moosburg.de\/wp-content\/uploads\/2021\/03\/Neustadt010_09-07-085a5-300x200.jpg\" alt=\"\" width=\"300\" height=\"200\" srcset=\"https:\/\/stalag-moosburg.de\/wp-content\/uploads\/2021\/03\/Neustadt010_09-07-085a5-200x133.jpg 200w, https:\/\/stalag-moosburg.de\/wp-content\/uploads\/2021\/03\/Neustadt010_09-07-085a5-300x200.jpg 300w, https:\/\/stalag-moosburg.de\/wp-content\/uploads\/2021\/03\/Neustadt010_09-07-085a5-400x267.jpg 400w, https:\/\/stalag-moosburg.de\/wp-content\/uploads\/2021\/03\/Neustadt010_09-07-085a5-600x400.jpg 600w, https:\/\/stalag-moosburg.de\/wp-content\/uploads\/2021\/03\/Neustadt010_09-07-085a5-768x512.jpg 768w, https:\/\/stalag-moosburg.de\/wp-content\/uploads\/2021\/03\/Neustadt010_09-07-085a5-800x533.jpg 800w, https:\/\/stalag-moosburg.de\/wp-content\/uploads\/2021\/03\/Neustadt010_09-07-085a5-1024x682.jpg 1024w, https:\/\/stalag-moosburg.de\/wp-content\/uploads\/2021\/03\/Neustadt010_09-07-085a5-1200x800.jpg 1200w, https:\/\/stalag-moosburg.de\/wp-content\/uploads\/2021\/03\/Neustadt010_09-07-085a5-1536x1024.jpg 1536w\" sizes=\"(max-width: 300px) 100vw, 300px\" \/><\/a><p id=\"caption-attachment-6041\" class=\"wp-caption-text\">Baraques converties en logements (1958)<\/p><\/div>\n<p><span style=\"background-color: rgba(255, 255, 255, 0); color: var(--body_typography-color); font-family: var(--body_typography-font-family); font-size: var(--body_typography-font-size); font-style: var(--body_typography-font-style,normal); font-weight: var(--body_typography-font-weight); letter-spacing: var(--body_typography-letter-spacing);\">\u00c0 partir de 1948, les expuls\u00e9s et les r\u00e9fugi\u00e9s des anciens territoires de l\u2019est du Reich allemand ont trouv\u00e9 dans l'ancienne zone du camp des locaux d\u2019habitation et de commerce dont ils avaient un besoin urgent. Leur installation a eu un effet particuli\u00e8rement durable sur Moosburg. Les expuls\u00e9s se sont construit une nouvelle existence dans les baraques gr\u00e2ce \u00e0 leurs connaissances artisanales et commerciales. En quelques ann\u00e9es, une zone industrielle et un lotissement avec sa propre infrastructure ont \u00e9t\u00e9 construits sur le site du camp. Un nouveau quartier s'est d\u00e9velopp\u00e9, l'actuel Neustadt.<\/span><\/p>\n<p>Les baraques pouvaient initialement \u00eatre lou\u00e9es par les expuls\u00e9s et \u00e0 partir de 1954, achet\u00e9es \u00e0 bas prix et progressivement transform\u00e9es ou remplac\u00e9es par de nouvelles constructions. Par cons\u00e9quent, aujourd'hui, l\u2019ancienne baraque n\u2019est reconnaissable qu\u2019\u00e0 quelques b\u00e2timents. Le trac\u00e9 des rues, cependant, montre encore la structure du camp. Le nom des rues, par contre, rappelle les origines et la patrie des expuls\u00e9s.<\/p>\n<blockquote>\n<p class=\"translation-block\"><span style=\"font-style: normal\"><b>Lese-Tipp: <\/b>Les conditions de vie des habitants de Moosburg dans la p\u00e9riode d'apr\u00e8s-guerre ont \u00e9t\u00e9 recherch\u00e9es et document\u00e9es scientifiquement par l'historien Dr. Dominik Reither dans notre publication <a href=\"https:\/\/stalag-moosburg.de\/fr\/dokumentationen\/publikationen\/#a_sternenbanner\" target=\"_self\">\u201eZwischen Hakenkreuz und Sternenbanner\u201c<\/a>. <\/span><\/p>\n<\/blockquote>\n<\/div><div class=\"fusion-clearfix\"><\/div><\/div><\/div><\/div><\/div><div id=\"sprg_Neustadt\" class=\"fusion-container-anchor\"><div class=\"fusion-fullwidth fullwidth-box fusion-builder-row-3 fusion-flex-container nonhundred-percent-fullwidth non-hundred-percent-height-scrolling\" style=\"--awb-border-radius-top-left:0px;--awb-border-radius-top-right:0px;--awb-border-radius-bottom-right:0px;--awb-border-radius-bottom-left:0px;--awb-flex-wrap:wrap;\" ><div class=\"fusion-builder-row fusion-row fusion-flex-align-items-flex-start fusion-flex-content-wrap\" style=\"max-width:1216.8px;margin-left: calc(-4% \/ 2 );margin-right: calc(-4% \/ 2 );\"><div class=\"fusion-layout-column fusion_builder_column fusion-builder-column-2 fusion_builder_column_1_1 1_1 fusion-flex-column\" style=\"--awb-bg-size:cover;--awb-width-large:100%;--awb-margin-top-large:0px;--awb-spacing-right-large:1.92%;--awb-margin-bottom-large:20px;--awb-spacing-left-large:1.92%;--awb-width-medium:100%;--awb-order-medium:0;--awb-spacing-right-medium:1.92%;--awb-spacing-left-medium:1.92%;--awb-width-small:100%;--awb-order-small:0;--awb-spacing-right-small:1.92%;--awb-spacing-left-small:1.92%;\"><div class=\"fusion-column-wrapper fusion-column-has-shadow fusion-flex-justify-content-flex-start fusion-content-layout-column\"><style type=\"text\/css\">\n#foogallery-gallery-6047 .fg-image { width: 150px; }\n#foogallery-gallery-6047 { --fg-gutter: 10px; }<\/style>\n\t\t\t<div class=\"foogallery foogallery-container foogallery-default foogallery-lightbox-foobox fg-center fg-default fg-ready fg-light fg-border-thin fg-shadow-outline fg-loading-default fg-loaded-fade-in fg-hover-fade fg-hover-zoom\" id=\"foogallery-gallery-6047\" data-foogallery=\"{&quot;item&quot;:{&quot;showCaptionTitle&quot;:true,&quot;showCaptionDescription&quot;:true},&quot;lazy&quot;:true}\" style=\"--fg-title-line-clamp: 0; --fg-description-line-clamp: 0;\" >\n\t<div class=\"fg-item fg-type-image fg-idle\"><figure class=\"fg-item-inner\"><a href=\"https:\/\/stalag-moosburg.de\/wp-content\/uploads\/2021\/03\/Neustadt010_09-07-085a5.jpg\" data-caption-title=\"Zu Wohnungen umgebaute Baracken (1958) - \u00a9 K.A. Bauer\" data-attachment-id=\"6041\" data-type=\"image\" class=\"fg-thumb\"><span class=\"fg-image-wrap\"><img decoding=\"async\" title=\"Zu Wohnungen umgebaute Baracken (1958) - \u00a9 K.A. Bauer\" width=\"150\" height=\"150\" class=\"skip-lazy fg-image\" data-no-lazy=\"1\" data-src-fg=\"https:\/\/stalag-moosburg.de\/wp-content\/uploads\/cache\/2021\/03\/Neustadt010_09-07-085a5\/188515185.jpg\" src=\"data:image\/svg+xml,%3Csvg%20xmlns%3D%22http%3A%2F%2Fwww.w3.org%2F2000%2Fsvg%22%20width%3D%22150%22%20height%3D%22150%22%20viewBox%3D%220%200%20150%20150%22%3E%3C%2Fsvg%3E\" loading=\"eager\"><\/span><span class=\"fg-image-overlay\"><\/span><\/a><figcaption class=\"fg-caption\"><div class=\"fg-caption-inner\"><div class=\"fg-caption-title\">Zu Wohnungen umgebaute Baracken (1958) - \u00a9 K.A. Bauer<\/div><\/div><\/figcaption><\/figure><div class=\"fg-loader\"><\/div><\/div><div class=\"fg-item fg-type-image fg-idle\"><figure class=\"fg-item-inner\"><a href=\"https:\/\/stalag-moosburg.de\/wp-content\/uploads\/2021\/03\/Neustadt020_09-07-088a1.jpg\" data-caption-title=\"St. Piuskirche (erbaut 1950) - \u00a9 K.A. Bauer\" data-attachment-id=\"6042\" data-type=\"image\" class=\"fg-thumb\"><span class=\"fg-image-wrap\"><img decoding=\"async\" title=\"St. Piuskirche (erbaut 1950) - \u00a9 K.A. Bauer\" width=\"150\" height=\"150\" class=\"skip-lazy fg-image\" data-no-lazy=\"1\" data-src-fg=\"https:\/\/stalag-moosburg.de\/wp-content\/uploads\/cache\/2021\/03\/Neustadt020_09-07-088a1\/1161376239.jpg\" src=\"data:image\/svg+xml,%3Csvg%20xmlns%3D%22http%3A%2F%2Fwww.w3.org%2F2000%2Fsvg%22%20width%3D%22150%22%20height%3D%22150%22%20viewBox%3D%220%200%20150%20150%22%3E%3C%2Fsvg%3E\" loading=\"eager\"><\/span><span class=\"fg-image-overlay\"><\/span><\/a><figcaption class=\"fg-caption\"><div class=\"fg-caption-inner\"><div class=\"fg-caption-title\">St. Piuskirche (erbaut 1950) - \u00a9 K.A. Bauer<\/div><\/div><\/figcaption><\/figure><div class=\"fg-loader\"><\/div><\/div><div class=\"fg-item fg-type-image fg-idle\"><figure class=\"fg-item-inner\"><a href=\"https:\/\/stalag-moosburg.de\/wp-content\/uploads\/2021\/03\/Neustadt030_87-33-31-scaled.jpg\" data-caption-title=\"Kindergarten in der Neustadt - \u00a9 K.A. Bauer\" data-attachment-id=\"6043\" data-type=\"image\" class=\"fg-thumb\"><span class=\"fg-image-wrap\"><img decoding=\"async\" title=\"Kindergarten in der Neustadt - \u00a9 K.A. Bauer\" width=\"150\" height=\"150\" class=\"skip-lazy fg-image\" data-no-lazy=\"1\" data-src-fg=\"https:\/\/stalag-moosburg.de\/wp-content\/uploads\/cache\/2021\/03\/Neustadt030_87-33-31-scaled\/1043533998.jpg\" src=\"data:image\/svg+xml,%3Csvg%20xmlns%3D%22http%3A%2F%2Fwww.w3.org%2F2000%2Fsvg%22%20width%3D%22150%22%20height%3D%22150%22%20viewBox%3D%220%200%20150%20150%22%3E%3C%2Fsvg%3E\" loading=\"eager\"><\/span><span class=\"fg-image-overlay\"><\/span><\/a><figcaption class=\"fg-caption\"><div class=\"fg-caption-inner\"><div class=\"fg-caption-title\">Kindergarten in der Neustadt - \u00a9 K.A. Bauer<\/div><\/div><\/figcaption><\/figure><div class=\"fg-loader\"><\/div><\/div><div class=\"fg-item fg-type-image fg-idle\"><figure class=\"fg-item-inner\"><a href=\"https:\/\/stalag-moosburg.de\/wp-content\/uploads\/2021\/03\/Neustadt040_11-99-030a1.jpg\" data-caption-title=\"Zu Wohnungen umgebaute Baracken (1965) - \u00a9 K.A. Bauer\" data-attachment-id=\"6044\" data-type=\"image\" class=\"fg-thumb\"><span class=\"fg-image-wrap\"><img decoding=\"async\" title=\"Zu Wohnungen umgebaute Baracken (1965) - \u00a9 K.A. Bauer\" width=\"150\" height=\"150\" class=\"skip-lazy fg-image\" data-no-lazy=\"1\" data-src-fg=\"https:\/\/stalag-moosburg.de\/wp-content\/uploads\/cache\/2021\/03\/Neustadt040_11-99-030a1\/3188073063.jpg\" src=\"data:image\/svg+xml,%3Csvg%20xmlns%3D%22http%3A%2F%2Fwww.w3.org%2F2000%2Fsvg%22%20width%3D%22150%22%20height%3D%22150%22%20viewBox%3D%220%200%20150%20150%22%3E%3C%2Fsvg%3E\" loading=\"eager\"><\/span><span class=\"fg-image-overlay\"><\/span><\/a><figcaption class=\"fg-caption\"><div class=\"fg-caption-inner\"><div class=\"fg-caption-title\">Zu Wohnungen umgebaute Baracken (1965) - \u00a9 K.A. Bauer<\/div><\/div><\/figcaption><\/figure><div class=\"fg-loader\"><\/div><\/div><div class=\"fg-item fg-type-image fg-idle\"><figure class=\"fg-item-inner\"><a href=\"https:\/\/stalag-moosburg.de\/wp-content\/uploads\/2021\/02\/Stalag-Baracke6b.jpg\" data-attachment-id=\"4737\" data-type=\"image\" class=\"fg-thumb\"><span class=\"fg-image-wrap\"><img decoding=\"async\" width=\"150\" height=\"150\" class=\"skip-lazy fg-image\" data-no-lazy=\"1\" data-src-fg=\"https:\/\/stalag-moosburg.de\/wp-content\/uploads\/cache\/2021\/02\/Stalag-Baracke6b\/3327554688.jpg\" src=\"data:image\/svg+xml,%3Csvg%20xmlns%3D%22http%3A%2F%2Fwww.w3.org%2F2000%2Fsvg%22%20width%3D%22150%22%20height%3D%22150%22%20viewBox%3D%220%200%20150%20150%22%3E%3C%2Fsvg%3E\" loading=\"eager\"><\/span><span class=\"fg-image-overlay\"><\/span><\/a><\/figure><div class=\"fg-loader\"><\/div><\/div><div class=\"fg-item fg-type-image fg-idle\"><figure class=\"fg-item-inner\"><a href=\"https:\/\/stalag-moosburg.de\/wp-content\/uploads\/2021\/03\/Neustadt050_87-31-71a2.jpg\" data-caption-title=\"Blick auf die Neustadt (Ende 70er Jahre) - \u00a9 K.A. Bauer\" data-attachment-id=\"6045\" data-type=\"image\" class=\"fg-thumb\"><span class=\"fg-image-wrap\"><img decoding=\"async\" title=\"Blick auf die Neustadt (Ende 70er Jahre) - \u00a9 K.A. Bauer\" width=\"150\" height=\"150\" class=\"skip-lazy fg-image\" data-no-lazy=\"1\" data-src-fg=\"https:\/\/stalag-moosburg.de\/wp-content\/uploads\/cache\/2021\/03\/Neustadt050_87-31-71a2\/3289924045.jpg\" src=\"data:image\/svg+xml,%3Csvg%20xmlns%3D%22http%3A%2F%2Fwww.w3.org%2F2000%2Fsvg%22%20width%3D%22150%22%20height%3D%22150%22%20viewBox%3D%220%200%20150%20150%22%3E%3C%2Fsvg%3E\" loading=\"eager\"><\/span><span class=\"fg-image-overlay\"><\/span><\/a><figcaption class=\"fg-caption\"><div class=\"fg-caption-inner\"><div class=\"fg-caption-title\">Blick auf die Neustadt (Ende 70er Jahre) - \u00a9 K.A. Bauer<\/div><\/div><\/figcaption><\/figure><div class=\"fg-loader\"><\/div><\/div><div class=\"fg-item fg-type-image fg-idle\"><figure class=\"fg-item-inner\"><a href=\"https:\/\/stalag-moosburg.de\/wp-content\/uploads\/2021\/03\/Neustadt060_070_DJI_86a.jpg\" data-caption-title=\"Blick in die Sudetenlandstra\u00dfe (ehemalige Lagerhauptstra\u00dfe) Neustadt - \u00a9 Simone Menin\" data-attachment-id=\"6059\" data-type=\"image\" class=\"fg-thumb\"><span class=\"fg-image-wrap\"><img decoding=\"async\" alt=\"Neustadt060_070_DJI_86a.jpg\" title=\"Blick in die Sudetenlandstra\u00dfe (ehemalige Lagerhauptstra\u00dfe) Neustadt - \u00a9 Simone Menin\" width=\"150\" height=\"150\" class=\"skip-lazy fg-image\" data-no-lazy=\"1\" data-src-fg=\"https:\/\/stalag-moosburg.de\/wp-content\/uploads\/cache\/2021\/03\/Neustadt060_070_DJI_86a\/735753715.jpg\" src=\"data:image\/svg+xml,%3Csvg%20xmlns%3D%22http%3A%2F%2Fwww.w3.org%2F2000%2Fsvg%22%20width%3D%22150%22%20height%3D%22150%22%20viewBox%3D%220%200%20150%20150%22%3E%3C%2Fsvg%3E\" loading=\"eager\"><\/span><span class=\"fg-image-overlay\"><\/span><\/a><figcaption class=\"fg-caption\"><div class=\"fg-caption-inner\"><div class=\"fg-caption-title\">Blick in die Sudetenlandstra\u00dfe (ehemalige Lagerhauptstra\u00dfe) Neustadt - \u00a9 Simone Menin<\/div><\/div><\/figcaption><\/figure><div class=\"fg-loader\"><\/div><\/div><div class=\"fg-item fg-type-image fg-idle\"><figure class=\"fg-item-inner\"><a href=\"https:\/\/stalag-moosburg.de\/wp-content\/uploads\/2021\/03\/Haus-der-Heimat-scaled.jpg\" data-caption-title=\"Landsmannschaften im Haus der Heimat\" data-attachment-id=\"7145\" data-type=\"image\" class=\"fg-thumb\"><span class=\"fg-image-wrap\"><img decoding=\"async\" title=\"Landsmannschaften im Haus der Heimat\" width=\"150\" height=\"150\" class=\"skip-lazy fg-image\" data-no-lazy=\"1\" data-src-fg=\"https:\/\/stalag-moosburg.de\/wp-content\/uploads\/cache\/2021\/03\/Haus-der-Heimat-scaled\/2825777099.jpg\" src=\"data:image\/svg+xml,%3Csvg%20xmlns%3D%22http%3A%2F%2Fwww.w3.org%2F2000%2Fsvg%22%20width%3D%22150%22%20height%3D%22150%22%20viewBox%3D%220%200%20150%20150%22%3E%3C%2Fsvg%3E\" loading=\"eager\"><\/span><span class=\"fg-image-overlay\"><\/span><\/a><figcaption class=\"fg-caption\"><div class=\"fg-caption-inner\"><div class=\"fg-caption-title\">Landsmannschaften im Haus der Heimat<\/div><\/div><\/figcaption><\/figure><div class=\"fg-loader\"><\/div><\/div><\/div>\n<\/div><\/div><\/div><\/div><\/div><\/p>","protected":false},"excerpt":{"rendered":"","protected":false},"author":3,"featured_media":0,"parent":3643,"menu_order":7,"comment_status":"closed","ping_status":"closed","template":"","meta":{"footnotes":""},"class_list":["post-3376","page","type-page","status-publish","hentry"],"yoast_head":"<!-- This site is optimized with the Yoast SEO plugin v27.5 - https:\/\/yoast.com\/product\/yoast-seo-wordpress\/ -->\n<title>Heimatvertriebene Neustadt - Stalag Moosburg e.V.<\/title>\n<meta name=\"robots\" content=\"index, follow, max-snippet:-1, max-image-preview:large, max-video-preview:-1\" \/>\n<link rel=\"canonical\" href=\"https:\/\/stalag-moosburg.de\/fr\/geschichte\/heimatvertriebene\/\" \/>\n<meta property=\"og:locale\" content=\"fr_FR\" \/>\n<meta property=\"og:type\" content=\"article\" \/>\n<meta property=\"og:title\" content=\"Heimatvertriebene Neustadt - Stalag Moosburg e.V.\" \/>\n<meta property=\"og:url\" content=\"https:\/\/stalag-moosburg.de\/fr\/geschichte\/heimatvertriebene\/\" \/>\n<meta property=\"og:site_name\" content=\"Stalag Moosburg e.V.\" \/>\n<meta property=\"article:publisher\" content=\"https:\/\/www.facebook.com\/stalag.moosburg\" \/>\n<meta property=\"article:modified_time\" content=\"2023-04-06T15:28:51+00:00\" \/>\n<meta property=\"og:image\" content=\"https:\/\/stalag-moosburg.de\/wp-content\/uploads\/2021\/03\/Neustadt010_09-07-085a5-300x200.jpg\" \/>\n<meta name=\"twitter:card\" content=\"summary_large_image\" \/>\n<meta name=\"twitter:label1\" content=\"Dur\u00e9e de lecture estim\u00e9e\" \/>\n\t<meta name=\"twitter:data1\" content=\"7 minutes\" \/>\n<script type=\"application\/ld+json\" class=\"yoast-schema-graph\">{\"@context\":\"https:\\\/\\\/schema.org\",\"@graph\":[{\"@type\":\"WebPage\",\"@id\":\"https:\\\/\\\/stalag-moosburg.de\\\/geschichte\\\/heimatvertriebene\\\/\",\"url\":\"https:\\\/\\\/stalag-moosburg.de\\\/geschichte\\\/heimatvertriebene\\\/\",\"name\":\"Heimatvertriebene Neustadt - Stalag Moosburg e.V.\",\"isPartOf\":{\"@id\":\"https:\\\/\\\/stalag-moosburg.de\\\/#website\"},\"primaryImageOfPage\":{\"@id\":\"https:\\\/\\\/stalag-moosburg.de\\\/geschichte\\\/heimatvertriebene\\\/#primaryimage\"},\"image\":{\"@id\":\"https:\\\/\\\/stalag-moosburg.de\\\/geschichte\\\/heimatvertriebene\\\/#primaryimage\"},\"thumbnailUrl\":\"https:\\\/\\\/stalag-moosburg.de\\\/wp-content\\\/uploads\\\/2021\\\/03\\\/Neustadt010_09-07-085a5-300x200.jpg\",\"datePublished\":\"2020-01-31T11:25:49+00:00\",\"dateModified\":\"2023-04-06T15:28:51+00:00\",\"breadcrumb\":{\"@id\":\"https:\\\/\\\/stalag-moosburg.de\\\/geschichte\\\/heimatvertriebene\\\/#breadcrumb\"},\"inLanguage\":\"fr-FR\",\"potentialAction\":[{\"@type\":\"ReadAction\",\"target\":[\"https:\\\/\\\/stalag-moosburg.de\\\/geschichte\\\/heimatvertriebene\\\/\"]}]},{\"@type\":\"ImageObject\",\"inLanguage\":\"fr-FR\",\"@id\":\"https:\\\/\\\/stalag-moosburg.de\\\/geschichte\\\/heimatvertriebene\\\/#primaryimage\",\"url\":\"https:\\\/\\\/stalag-moosburg.de\\\/wp-content\\\/uploads\\\/2021\\\/03\\\/Neustadt010_09-07-085a5-300x200.jpg\",\"contentUrl\":\"https:\\\/\\\/stalag-moosburg.de\\\/wp-content\\\/uploads\\\/2021\\\/03\\\/Neustadt010_09-07-085a5-300x200.jpg\"},{\"@type\":\"BreadcrumbList\",\"@id\":\"https:\\\/\\\/stalag-moosburg.de\\\/geschichte\\\/heimatvertriebene\\\/#breadcrumb\",\"itemListElement\":[{\"@type\":\"ListItem\",\"position\":1,\"name\":\"Home\",\"item\":\"https:\\\/\\\/stalag-moosburg.de\\\/\"},{\"@type\":\"ListItem\",\"position\":2,\"name\":\"Geschichte\",\"item\":\"https:\\\/\\\/stalag-moosburg.de\\\/geschichte\\\/\"},{\"@type\":\"ListItem\",\"position\":3,\"name\":\"Heimatvertriebene Neustadt\"}]},{\"@type\":\"WebSite\",\"@id\":\"https:\\\/\\\/stalag-moosburg.de\\\/#website\",\"url\":\"https:\\\/\\\/stalag-moosburg.de\\\/\",\"name\":\"Stalag Moosburg e.V.\",\"description\":\"Verein zur F\u00f6rderung interkultureller Begegnung\",\"publisher\":{\"@id\":\"https:\\\/\\\/stalag-moosburg.de\\\/#organization\"},\"potentialAction\":[{\"@type\":\"SearchAction\",\"target\":{\"@type\":\"EntryPoint\",\"urlTemplate\":\"https:\\\/\\\/stalag-moosburg.de\\\/?s={search_term_string}\"},\"query-input\":{\"@type\":\"PropertyValueSpecification\",\"valueRequired\":true,\"valueName\":\"search_term_string\"}}],\"inLanguage\":\"fr-FR\"},{\"@type\":\"Organization\",\"@id\":\"https:\\\/\\\/stalag-moosburg.de\\\/#organization\",\"name\":\"Stalag Moosburg e.V.\",\"url\":\"https:\\\/\\\/stalag-moosburg.de\\\/\",\"logo\":{\"@type\":\"ImageObject\",\"inLanguage\":\"fr-FR\",\"@id\":\"https:\\\/\\\/stalag-moosburg.de\\\/#\\\/schema\\\/logo\\\/image\\\/\",\"url\":\"https:\\\/\\\/stalag-moosburg.de\\\/wp-content\\\/uploads\\\/2021\\\/04\\\/Logo-Stalag-Verein-Rechteck.jpg\",\"contentUrl\":\"https:\\\/\\\/stalag-moosburg.de\\\/wp-content\\\/uploads\\\/2021\\\/04\\\/Logo-Stalag-Verein-Rechteck.jpg\",\"width\":1074,\"height\":960,\"caption\":\"Stalag Moosburg e.V.\"},\"image\":{\"@id\":\"https:\\\/\\\/stalag-moosburg.de\\\/#\\\/schema\\\/logo\\\/image\\\/\"},\"sameAs\":[\"https:\\\/\\\/www.facebook.com\\\/stalag.moosburg\"]}]}<\/script>\n<!-- \/ Yoast SEO plugin. -->","yoast_head_json":{"title":"Heimatvertriebene Neustadt - Stalag Moosburg e.V.","robots":{"index":"index","follow":"follow","max-snippet":"max-snippet:-1","max-image-preview":"max-image-preview:large","max-video-preview":"max-video-preview:-1"},"canonical":"https:\/\/stalag-moosburg.de\/fr\/geschichte\/heimatvertriebene\/","og_locale":"fr_FR","og_type":"article","og_title":"Heimatvertriebene Neustadt - Stalag Moosburg e.V.","og_url":"https:\/\/stalag-moosburg.de\/fr\/geschichte\/heimatvertriebene\/","og_site_name":"Stalag Moosburg e.V.","article_publisher":"https:\/\/www.facebook.com\/stalag.moosburg","article_modified_time":"2023-04-06T15:28:51+00:00","og_image":[{"url":"https:\/\/stalag-moosburg.de\/wp-content\/uploads\/2021\/03\/Neustadt010_09-07-085a5-300x200.jpg","type":"","width":"","height":""}],"twitter_card":"summary_large_image","twitter_misc":{"Dur\u00e9e de lecture estim\u00e9e":"7 minutes"},"schema":{"@context":"https:\/\/schema.org","@graph":[{"@type":"WebPage","@id":"https:\/\/stalag-moosburg.de\/geschichte\/heimatvertriebene\/","url":"https:\/\/stalag-moosburg.de\/geschichte\/heimatvertriebene\/","name":"Heimatvertriebene Neustadt - Stalag Moosburg e.V.","isPartOf":{"@id":"https:\/\/stalag-moosburg.de\/#website"},"primaryImageOfPage":{"@id":"https:\/\/stalag-moosburg.de\/geschichte\/heimatvertriebene\/#primaryimage"},"image":{"@id":"https:\/\/stalag-moosburg.de\/geschichte\/heimatvertriebene\/#primaryimage"},"thumbnailUrl":"https:\/\/stalag-moosburg.de\/wp-content\/uploads\/2021\/03\/Neustadt010_09-07-085a5-300x200.jpg","datePublished":"2020-01-31T11:25:49+00:00","dateModified":"2023-04-06T15:28:51+00:00","breadcrumb":{"@id":"https:\/\/stalag-moosburg.de\/geschichte\/heimatvertriebene\/#breadcrumb"},"inLanguage":"fr-FR","potentialAction":[{"@type":"ReadAction","target":["https:\/\/stalag-moosburg.de\/geschichte\/heimatvertriebene\/"]}]},{"@type":"ImageObject","inLanguage":"fr-FR","@id":"https:\/\/stalag-moosburg.de\/geschichte\/heimatvertriebene\/#primaryimage","url":"https:\/\/stalag-moosburg.de\/wp-content\/uploads\/2021\/03\/Neustadt010_09-07-085a5-300x200.jpg","contentUrl":"https:\/\/stalag-moosburg.de\/wp-content\/uploads\/2021\/03\/Neustadt010_09-07-085a5-300x200.jpg"},{"@type":"BreadcrumbList","@id":"https:\/\/stalag-moosburg.de\/geschichte\/heimatvertriebene\/#breadcrumb","itemListElement":[{"@type":"ListItem","position":1,"name":"Home","item":"https:\/\/stalag-moosburg.de\/"},{"@type":"ListItem","position":2,"name":"Geschichte","item":"https:\/\/stalag-moosburg.de\/geschichte\/"},{"@type":"ListItem","position":3,"name":"Heimatvertriebene Neustadt"}]},{"@type":"WebSite","@id":"https:\/\/stalag-moosburg.de\/#website","url":"https:\/\/stalag-moosburg.de\/","name":"Stalag Moosburg e.V.","description":"Verein zur F\u00f6rderung interkultureller Begegnung","publisher":{"@id":"https:\/\/stalag-moosburg.de\/#organization"},"potentialAction":[{"@type":"SearchAction","target":{"@type":"EntryPoint","urlTemplate":"https:\/\/stalag-moosburg.de\/?s={search_term_string}"},"query-input":{"@type":"PropertyValueSpecification","valueRequired":true,"valueName":"search_term_string"}}],"inLanguage":"fr-FR"},{"@type":"Organization","@id":"https:\/\/stalag-moosburg.de\/#organization","name":"Stalag Moosburg e.V.","url":"https:\/\/stalag-moosburg.de\/","logo":{"@type":"ImageObject","inLanguage":"fr-FR","@id":"https:\/\/stalag-moosburg.de\/#\/schema\/logo\/image\/","url":"https:\/\/stalag-moosburg.de\/wp-content\/uploads\/2021\/04\/Logo-Stalag-Verein-Rechteck.jpg","contentUrl":"https:\/\/stalag-moosburg.de\/wp-content\/uploads\/2021\/04\/Logo-Stalag-Verein-Rechteck.jpg","width":1074,"height":960,"caption":"Stalag Moosburg e.V."},"image":{"@id":"https:\/\/stalag-moosburg.de\/#\/schema\/logo\/image\/"},"sameAs":["https:\/\/www.facebook.com\/stalag.moosburg"]}]}},"_links":{"self":[{"href":"https:\/\/stalag-moosburg.de\/fr\/wp-json\/wp\/v2\/pages\/3376","targetHints":{"allow":["GET"]}}],"collection":[{"href":"https:\/\/stalag-moosburg.de\/fr\/wp-json\/wp\/v2\/pages"}],"about":[{"href":"https:\/\/stalag-moosburg.de\/fr\/wp-json\/wp\/v2\/types\/page"}],"author":[{"embeddable":true,"href":"https:\/\/stalag-moosburg.de\/fr\/wp-json\/wp\/v2\/users\/3"}],"replies":[{"embeddable":true,"href":"https:\/\/stalag-moosburg.de\/fr\/wp-json\/wp\/v2\/comments?post=3376"}],"version-history":[{"count":50,"href":"https:\/\/stalag-moosburg.de\/fr\/wp-json\/wp\/v2\/pages\/3376\/revisions"}],"predecessor-version":[{"id":9384,"href":"https:\/\/stalag-moosburg.de\/fr\/wp-json\/wp\/v2\/pages\/3376\/revisions\/9384"}],"up":[{"embeddable":true,"href":"https:\/\/stalag-moosburg.de\/fr\/wp-json\/wp\/v2\/pages\/3643"}],"wp:attachment":[{"href":"https:\/\/stalag-moosburg.de\/fr\/wp-json\/wp\/v2\/media?parent=3376"}],"curies":[{"name":"wp","href":"https:\/\/api.w.org\/{rel}","templated":true}]}}