{"id":9262,"date":"2023-02-26T12:33:52","date_gmt":"2023-02-26T11:33:52","guid":{"rendered":"https:\/\/stalag-moosburg.de\/?page_id=9262"},"modified":"2023-06-25T11:20:17","modified_gmt":"2023-06-25T09:20:17","slug":"denkmal","status":"publish","type":"page","link":"https:\/\/stalag-moosburg.de\/en\/aktuelles\/denkmal\/","title":{"rendered":"Memorial"},"content":{"rendered":"<div class=\"fusion-fullwidth fullwidth-box fusion-builder-row-1 fusion-flex-container nonhundred-percent-fullwidth non-hundred-percent-height-scrolling\" style=\"--awb-border-radius-top-left:0px;--awb-border-radius-top-right:0px;--awb-border-radius-bottom-right:0px;--awb-border-radius-bottom-left:0px;--awb-flex-wrap:wrap;\" ><div class=\"fusion-builder-row fusion-row fusion-flex-align-items-flex-start fusion-flex-content-wrap\" style=\"max-width:1216.8px;margin-left: calc(-4% \/ 2 );margin-right: calc(-4% \/ 2 );\"><div class=\"fusion-layout-column fusion_builder_column fusion-builder-column-0 fusion_builder_column_3_4 3_4 fusion-flex-column\" style=\"--awb-bg-size:cover;--awb-width-large:75%;--awb-margin-top-large:0px;--awb-spacing-right-large:2.56%;--awb-margin-bottom-large:0px;--awb-spacing-left-large:2.56%;--awb-width-medium:100%;--awb-spacing-right-medium:1.92%;--awb-spacing-left-medium:1.92%;--awb-width-small:100%;--awb-spacing-right-small:1.92%;--awb-spacing-left-small:1.92%;\"><div class=\"fusion-column-wrapper fusion-flex-justify-content-flex-start fusion-content-layout-column\"><div class=\"fusion-text fusion-text-1\"><h1>Ein Denkmal retten<\/h1>\n<h2>Die letzten Baracken des Kriegsgefangenenlagers Stalag VII A<\/h2>\n<p>Nur wenige Baracken des ehemaligen Kriegsgefangenenlager Stalag VII A stehen noch &#8211; in nahezu originaler Substanz. Ein denkmalgesch\u00fctztes Ensemble, deutschlandweit einzigartig, aber doch vom Abriss bedroht!<\/p>\n<h3>Zeitschichten von 1939 bis heute<\/h3>\n<p>Die Geb\u00e4ude spiegeln nicht nur eine bisher wenig beachtete Phase der NS-Zeit wieder, als in den Baracken des Stalag VII A <strong>Gefangene aus der ganzen Welt<\/strong> inhaftiert waren. Doch mehrere Zeitschichen bis zu uns in die Gegenwart lassen sich dort nachvollziehen.<\/p>\n<p>Nach Kriegsende wurde das Lager bis 1948 als \u201eCivilian Internment Camp No 6\u201c von der amerikanischen Milit\u00e4rregierung im Zuge der <strong>Entnazifizierung<\/strong> zur Inhaftierung deutscher Kriegsverbrecher, Amtstr\u00e4ger des Dritten Reichs und Unterst\u00fctzer des Nazi-Regimes genutzt.<\/p>\n<p>Ab 1948 fanden <strong>Heimatvertriebene und Fl\u00fcchtlinge<\/strong> aus den fr\u00fcheren deutschen Ostgebieten in den Baracken des ehemaligen Lagergel\u00e4ndes eine neue Heimat. In den folgenden Jahren entstand daraus ein neuer Stadtteil, die heutige Moosburger Neustadt. Die Struktur des Lagers ist noch immer an der Stra\u00dfenf\u00fchrung und manchen Geb\u00e4uden erkennbar.<\/p>\n<p>Durch die Anwerbeabkommen der 1960er Jahre kamen zur Unterst\u00fctzung der \u00f6rtlichen Industriebetriebe viele t\u00fcrkische <strong>Gastarbeiter<\/strong>\u00a0nach Moosburg. Sie wurden u.a. in den noch verbliebenen Baracken der ehemaligen Kaserne der Wachmannschaften einquartiert.<\/p>\n<p>Schlie\u00dflich fanden bis vor wenigen Jahren sozial <strong>Bed\u00fcrftige<\/strong> und Obdachlose darin ein prek\u00e4res Zuhause.<\/p>\n<p>Heute existieren noch drei Baracken dieser Kaserne und eine Gefangenenbaracke. Obwohl sie unter Denkmalschutz stehen, sind sie in schlechtem Zustand und stehen jetzt leer. Eigent\u00fcmerin ist die Stadt Moosburg.<\/p>\n<h3>Ein Ort der Erinnerung und Identit\u00e4t<\/h3>\n<p>Gr\u00f6\u00dftes Interesse an den Baracken als authentischem Zeugnisort f\u00fcr die schlimme Erfahrung der Kriegsgefangenschaft besteht bei den Nachkommen ehemaliger Kriegsgefangener. Internationale Besucher, vor allem Franzosen und Amerikaner, kamen schon bald nach Kriegsende nach Moosburg, um ihren Angeh\u00f6rigen die Orte ihrer teils jahrelangen Gefangenschaft zu zeigen. Inzwischen sind es die Kinder und Enkel der Gefangenen aus aller Welt, die am authentischen Ort die originalen Geb\u00e4ude sehen wollen. Familienerz\u00e4hlungen und erhaltene Fotos und Dokumente werden so vor Ort lebendig.<\/p>\n<p>Auch die nachfolgenden Nutzungen als Werkzeug der Entnazifizierung und der neuen Heimat f\u00fcr Vertriebene und Gastarbeiter st\u00f6\u00dft bei den Nachkommen auf immer gr\u00f6\u00dferes Interesse. Die eigene Identit\u00e4t l\u00e4sst sich nicht ohne die Erfahrungen und die Traumata der vorangegangenen Generationen denken.<\/p>\n<h3>Die Zukunft als Erinnerungs-, Begegnungs- und Lernort<\/h3>\n<p>Diese wichtigen baulichen Zeugnisse der NS-Zeit und des Zweiten Weltkriegs und die nachfolgenden Nutzungen bilden die deutsche Geschichte des 20. Jahrhunderts ab und sollten in all ihren Facetten in der Erinnerungskultur eine angemessene Rolle spielen. Krieg, Flucht und Vertreibung, Migration, aber auch Vers\u00f6hnung, Aufarbeitung der Vergangenheit, Demokratieentwicklung und das Finden einer neuen Heimat sind Themen, die hier am authentischen Ort dargestellt und im zeitgen\u00f6ssischen Kontext bearbeitet werden k\u00f6nnen.<\/p>\n<p>Bisher wurde die Chance, die Baracken als Lernort p\u00e4dagogisch zu nutzen, weitgehend vertan. Authentische Anschauungsbeispiele und bauliche Zeugnisse sind ein zentraler Baustein der politischen Bildung, da sie sich deutlich tiefer einpr\u00e4gen als reines Schulwissen.<\/p>\n<p>Derzeit liegen die Baracken brach. Die erhaltene Gefangenenbaracke in Holzst\u00e4nderbauweise ist in einem so schlechten Zustand, dass ein dauerhafter Erhalt trotz der unl\u00e4ngst erfolgten Notsicherung fraglich erscheint. Die drei gemauerten Wachmannschaftsbaracken sind von guter baulicher Substanz und w\u00e4ren pr\u00e4destiniert f\u00fcr die Umsetzung eines Dokumentationszentrums mit Museum, Archiv und Begegnungsort. F\u00fcr zwei der Wachmannschaftsbaracken liegt ein Abrissantrag vor. Engagierte B\u00fcrger, der Stalag Moosburg e.V., das Bayerische Landesamt f\u00fcr Denkmalpflege und die Deutsche Stiftung Denkmalschutz setzen sich daf\u00fcr ein, dass diese deutschlandweit einmaligen Baracken erhalten und einer sowohl zeitgem\u00e4\u00dfen, als auch denkmalvertr\u00e4glichen Nutzung zugef\u00fchrt werden.<\/p>\n<h3>Jetzt handeln!<\/h3>\n<p>Jetzt ist zun\u00e4chst das regionale und \u00fcberregionale Eintreten von Politikern aller Parteien, Institutionen der Erinnerungskultur, Fachleuten des Denkmalschutzes und von internationalen Einrichtungen f\u00fcr den Erhalt dieser Denkm\u00e4ler notwendig. Eine zuk\u00fcnftige Tr\u00e4gerschaft f\u00fcr ein solches Dokumentationszentrum bedarf einer breiten F\u00f6rderung \u2013 ideell, fachlich und finanziell.<\/p>\n<p>Der Verein Stalag Moosburg e.V. und andere engagierte B\u00fcrger werben derzeit aktiv f\u00fcr Unterst\u00fctzung. <a href=\"\/kontakt\">Bitte sprechen Sie uns an!<\/a><\/p>\n<\/div><\/div><\/div><div class=\"fusion-layout-column fusion_builder_column fusion-builder-column-1 fusion_builder_column_1_4 1_4 fusion-flex-column\" style=\"--awb-bg-size:cover;--awb-width-large:25%;--awb-margin-top-large:0px;--awb-spacing-right-large:7.68%;--awb-margin-bottom-large:20px;--awb-spacing-left-large:7.68%;--awb-width-medium:100%;--awb-order-medium:0;--awb-spacing-right-medium:1.92%;--awb-spacing-left-medium:1.92%;--awb-width-small:100%;--awb-order-small:0;--awb-spacing-right-small:1.92%;--awb-spacing-left-small:1.92%;\"><div class=\"fusion-column-wrapper fusion-column-has-shadow fusion-flex-justify-content-flex-start fusion-content-layout-column\"><div class=\"foogallery foogallery-container foogallery-thumbnail foogallery-single-thumbnail foogallery-lightbox-foobox fg-center fg-thumbnail fg-ready fg-light fg-border-thin fg-shadow-outline fg-loading-default fg-loaded-fade-in fg-caption-hover fg-hover-fade fg-hover-zoom\" id=\"foogallery-gallery-5616\" data-foogallery=\"{&quot;item&quot;:{&quot;showCaptionTitle&quot;:true,&quot;showCaptionDescription&quot;:true},&quot;lazy&quot;:true}\" style=\"--fg-title-line-clamp: 0; --fg-description-line-clamp: 0;\" >\n    <div class=\"fg-item fg-type-image fg-idle\"><figure class=\"fg-item-inner\"><a href=\"https:\/\/stalag-moosburg.de\/wp-content\/uploads\/2023\/06\/Foessmeier_20210329_2315-WMB135-scaled.jpg\" data-caption-title=\"Ehemalige Baracken der Wachsoldaten, die vom Abriss bedroht sind - \u00a9 C. F\u00f6\u00dfmeier\" data-attachment-id=\"9512\" rel=\"lightbox[5616]\" data-type=\"image\" class=\"fg-thumb\"><span class=\"fg-image-wrap\"><img fetchpriority=\"high\" decoding=\"async\" title=\"Ehemalige Baracken der Wachsoldaten, die vom Abriss bedroht sind - \u00a9 C. F\u00f6\u00dfmeier\" width=\"250\" height=\"200\" class=\"skip-lazy fg-image\" data-no-lazy=\"1\" data-src-fg=\"https:\/\/stalag-moosburg.de\/wp-content\/uploads\/cache\/2023\/06\/Foessmeier_20210329_2315-WMB135-scaled\/243498478.jpg\" src=\"data:image\/svg+xml,%3Csvg%20xmlns%3D%22http%3A%2F%2Fwww.w3.org%2F2000%2Fsvg%22%20width%3D%22250%22%20height%3D%22200%22%20viewBox%3D%220%200%20250%20200%22%3E%3C%2Fsvg%3E\" loading=\"eager\"><\/span><span class=\"fg-image-overlay\"><\/span><\/a><\/figure><div class=\"fg-loader\"><\/div><\/div>        <div class=\"fg-st-hidden\">\n        <div class=\"fg-item fg-type-image fg-idle\"><figure class=\"fg-item-inner\"><a href=\"https:\/\/stalag-moosburg.de\/wp-content\/uploads\/2021\/03\/Kaserne-010cf-1.jpg\" data-caption-title=\"Ehemalige Baracke der Wachsoldaten - \u00a9 C. F\u00f6\u00dfmeier\" data-attachment-id=\"6376\" rel=\"lightbox[5616]\" data-type=\"image\" class=\"fg-thumb\"><span class=\"fg-image-wrap\"><img decoding=\"async\" title=\"Ehemalige Baracke der Wachsoldaten - \u00a9 C. F\u00f6\u00dfmeier\" width=\"250\" height=\"200\" class=\"skip-lazy fg-image\" data-no-lazy=\"1\" data-src-fg=\"https:\/\/stalag-moosburg.de\/wp-content\/uploads\/cache\/2021\/03\/Kaserne-010cf-1\/3719892537.jpg\" src=\"data:image\/svg+xml,%3Csvg%20xmlns%3D%22http%3A%2F%2Fwww.w3.org%2F2000%2Fsvg%22%20width%3D%22250%22%20height%3D%22200%22%20viewBox%3D%220%200%20250%20200%22%3E%3C%2Fsvg%3E\" loading=\"eager\"><\/span><span class=\"fg-image-overlay\"><\/span><\/a><figcaption class=\"fg-caption\"><div class=\"fg-caption-inner\"><div class=\"fg-caption-title\">Ehemalige Baracke der Wachsoldaten - \u00a9 C. F\u00f6\u00dfmeier<\/div><\/div><\/figcaption><\/figure><div class=\"fg-loader\"><\/div><\/div><div class=\"fg-item fg-type-image fg-idle\"><figure class=\"fg-item-inner\"><a href=\"https:\/\/stalag-moosburg.de\/wp-content\/uploads\/2023\/06\/P52.939a.jpg\" data-caption-title=\"Ehemalige Baracken der Wachsoldaten, die vom Abriss bedroht sind - \u00a9 G. Strehle\" data-attachment-id=\"9510\" rel=\"lightbox[5616]\" data-type=\"image\" class=\"fg-thumb\"><span class=\"fg-image-wrap\"><img decoding=\"async\" title=\"Ehemalige Baracken der Wachsoldaten, die vom Abriss bedroht sind - \u00a9 G. Strehle\" width=\"250\" height=\"200\" class=\"skip-lazy fg-image\" data-no-lazy=\"1\" data-src-fg=\"https:\/\/stalag-moosburg.de\/wp-content\/uploads\/cache\/2023\/06\/P52_939a\/2025213969.jpg\" src=\"data:image\/svg+xml,%3Csvg%20xmlns%3D%22http%3A%2F%2Fwww.w3.org%2F2000%2Fsvg%22%20width%3D%22250%22%20height%3D%22200%22%20viewBox%3D%220%200%20250%20200%22%3E%3C%2Fsvg%3E\" loading=\"eager\"><\/span><span class=\"fg-image-overlay\"><\/span><\/a><figcaption class=\"fg-caption\"><div class=\"fg-caption-inner\"><div class=\"fg-caption-title\">Ehemalige Baracken der Wachsoldaten, die vom Abriss bedroht sind - \u00a9 G. Strehle<\/div><\/div><\/figcaption><\/figure><div class=\"fg-loader\"><\/div><\/div><div class=\"fg-item fg-type-image fg-idle\"><figure class=\"fg-item-inner\"><a href=\"https:\/\/stalag-moosburg.de\/wp-content\/uploads\/2021\/03\/Kaserne-050_P52.934-scaled.jpg\" data-caption-title=\"Ehemalige Baracke der Wachsoldaten, Gang in der Baracke - \u00a9 G. Strehle\" data-attachment-id=\"5982\" rel=\"lightbox[5616]\" data-type=\"image\" class=\"fg-thumb\"><span class=\"fg-image-wrap\"><img decoding=\"async\" title=\"Ehemalige Baracke der Wachsoldaten, Gang in der Baracke - \u00a9 G. Strehle\" width=\"250\" height=\"200\" class=\"skip-lazy fg-image\" data-no-lazy=\"1\" data-src-fg=\"https:\/\/stalag-moosburg.de\/wp-content\/uploads\/cache\/2021\/03\/Kaserne-050_P52_934-scaled\/2128868543.jpg\" src=\"data:image\/svg+xml,%3Csvg%20xmlns%3D%22http%3A%2F%2Fwww.w3.org%2F2000%2Fsvg%22%20width%3D%22250%22%20height%3D%22200%22%20viewBox%3D%220%200%20250%20200%22%3E%3C%2Fsvg%3E\" loading=\"eager\"><\/span><span class=\"fg-image-overlay\"><\/span><\/a><figcaption class=\"fg-caption\"><div class=\"fg-caption-inner\"><div class=\"fg-caption-title\">Ehemalige Baracke der Wachsoldaten, Gang in der Baracke - \u00a9 G. Strehle<\/div><\/div><\/figcaption><\/figure><div class=\"fg-loader\"><\/div><\/div><div class=\"fg-item fg-type-image fg-idle\"><figure class=\"fg-item-inner\"><a href=\"https:\/\/stalag-moosburg.de\/wp-content\/uploads\/2023\/06\/P1520936.jpg\" data-caption-title=\"Stube in einer der Wachbaracken - \u00a9 G. Strehle\" data-attachment-id=\"9509\" rel=\"lightbox[5616]\" data-type=\"image\" class=\"fg-thumb\"><span class=\"fg-image-wrap\"><img decoding=\"async\" title=\"Stube in einer der Wachbaracken - \u00a9 G. Strehle\" width=\"250\" height=\"200\" class=\"skip-lazy fg-image\" data-no-lazy=\"1\" data-src-fg=\"https:\/\/stalag-moosburg.de\/wp-content\/uploads\/cache\/2023\/06\/P1520936\/3012633036.jpg\" src=\"data:image\/svg+xml,%3Csvg%20xmlns%3D%22http%3A%2F%2Fwww.w3.org%2F2000%2Fsvg%22%20width%3D%22250%22%20height%3D%22200%22%20viewBox%3D%220%200%20250%20200%22%3E%3C%2Fsvg%3E\" loading=\"eager\"><\/span><span class=\"fg-image-overlay\"><\/span><\/a><figcaption class=\"fg-caption\"><div class=\"fg-caption-inner\"><div class=\"fg-caption-title\">Stube in einer der Wachbaracken - \u00a9 G. Strehle<\/div><\/div><\/figcaption><\/figure><div class=\"fg-loader\"><\/div><\/div><div class=\"fg-item fg-type-image fg-idle\"><figure class=\"fg-item-inner\"><a href=\"https:\/\/stalag-moosburg.de\/wp-content\/uploads\/2021\/03\/Kaserne-060_P52.938-scaled.jpg\" data-caption-title=\"Originale Fenster und L\u00e4den aus der Zeit des Lagers - \u00a9 G. Strehle\" data-attachment-id=\"5983\" rel=\"lightbox[5616]\" data-type=\"image\" class=\"fg-thumb\"><span class=\"fg-image-wrap\"><img decoding=\"async\" title=\"Originale Fenster und L\u00e4den aus der Zeit des Lagers - \u00a9 G. Strehle\" width=\"250\" height=\"200\" class=\"skip-lazy fg-image\" data-no-lazy=\"1\" data-src-fg=\"https:\/\/stalag-moosburg.de\/wp-content\/uploads\/cache\/2021\/03\/Kaserne-060_P52_938-scaled\/4007545052.jpg\" src=\"data:image\/svg+xml,%3Csvg%20xmlns%3D%22http%3A%2F%2Fwww.w3.org%2F2000%2Fsvg%22%20width%3D%22250%22%20height%3D%22200%22%20viewBox%3D%220%200%20250%20200%22%3E%3C%2Fsvg%3E\" loading=\"eager\"><\/span><span class=\"fg-image-overlay\"><\/span><\/a><figcaption class=\"fg-caption\"><div class=\"fg-caption-inner\"><div class=\"fg-caption-title\">Originale Fenster und L\u00e4den aus der Zeit des Lagers - \u00a9 G. Strehle<\/div><\/div><\/figcaption><\/figure><div class=\"fg-loader\"><\/div><\/div><div class=\"fg-item fg-type-image fg-idle\"><figure class=\"fg-item-inner\"><a href=\"https:\/\/stalag-moosburg.de\/wp-content\/uploads\/2023\/06\/P1520931.jpg\" data-caption-title=\"Originale Toilettenanlage aus der Zeit des Lagers - - \u00a9 G. Strehle\" data-attachment-id=\"9508\" rel=\"lightbox[5616]\" data-type=\"image\" class=\"fg-thumb\"><span class=\"fg-image-wrap\"><img decoding=\"async\" title=\"Originale Toilettenanlage aus der Zeit des Lagers - - \u00a9 G. Strehle\" width=\"250\" height=\"200\" class=\"skip-lazy fg-image\" data-no-lazy=\"1\" data-src-fg=\"https:\/\/stalag-moosburg.de\/wp-content\/uploads\/cache\/2023\/06\/P1520931\/1445056841.jpg\" src=\"data:image\/svg+xml,%3Csvg%20xmlns%3D%22http%3A%2F%2Fwww.w3.org%2F2000%2Fsvg%22%20width%3D%22250%22%20height%3D%22200%22%20viewBox%3D%220%200%20250%20200%22%3E%3C%2Fsvg%3E\" loading=\"eager\"><\/span><span class=\"fg-image-overlay\"><\/span><\/a><figcaption class=\"fg-caption\"><div class=\"fg-caption-inner\"><div class=\"fg-caption-title\">Originale Toilettenanlage aus der Zeit des Lagers - - \u00a9 G. Strehle<\/div><\/div><\/figcaption><\/figure><div class=\"fg-loader\"><\/div><\/div><div class=\"fg-item fg-type-image fg-idle\"><figure class=\"fg-item-inner\"><a href=\"https:\/\/stalag-moosburg.de\/wp-content\/uploads\/2023\/06\/WMB5_20210810_8027.jpg\" data-caption-title=\"Originales Waschbecken f\u00fcr die Wachsoldaten - \u00a9 C. F\u00f6\u00dfmeier\" data-attachment-id=\"9511\" rel=\"lightbox[5616]\" data-type=\"image\" class=\"fg-thumb\"><span class=\"fg-image-wrap\"><img decoding=\"async\" title=\"Originales Waschbecken f\u00fcr die Wachsoldaten - \u00a9 C. F\u00f6\u00dfmeier\" width=\"250\" height=\"200\" class=\"skip-lazy fg-image\" data-no-lazy=\"1\" data-src-fg=\"https:\/\/stalag-moosburg.de\/wp-content\/uploads\/cache\/2023\/06\/WMB5_20210810_8027\/523623465.jpg\" src=\"data:image\/svg+xml,%3Csvg%20xmlns%3D%22http%3A%2F%2Fwww.w3.org%2F2000%2Fsvg%22%20width%3D%22250%22%20height%3D%22200%22%20viewBox%3D%220%200%20250%20200%22%3E%3C%2Fsvg%3E\" loading=\"eager\"><\/span><span class=\"fg-image-overlay\"><\/span><\/a><figcaption class=\"fg-caption\"><div class=\"fg-caption-inner\"><div class=\"fg-caption-title\">Originales Waschbecken f\u00fcr die Wachsoldaten - \u00a9 C. F\u00f6\u00dfmeier<\/div><\/div><\/figcaption><\/figure><div class=\"fg-loader\"><\/div><\/div><div class=\"fg-item fg-type-image fg-idle\"><figure class=\"fg-item-inner\"><a href=\"https:\/\/stalag-moosburg.de\/wp-content\/uploads\/2021\/03\/Kaserne-030cf.jpg\" data-caption-title=\"Ehemalige Baracke der Wachsoldaten, die vom Abriss bedroht ist - \u00a9 C. F\u00f6\u00dfmeier\" data-attachment-id=\"5986\" rel=\"lightbox[5616]\" data-type=\"image\" class=\"fg-thumb\"><span class=\"fg-image-wrap\"><img decoding=\"async\" title=\"Ehemalige Baracke der Wachsoldaten, die vom Abriss bedroht ist - \u00a9 C. F\u00f6\u00dfmeier\" width=\"250\" height=\"200\" class=\"skip-lazy fg-image\" data-no-lazy=\"1\" data-src-fg=\"https:\/\/stalag-moosburg.de\/wp-content\/uploads\/cache\/2021\/03\/Kaserne-030cf\/1123511279.jpg\" src=\"data:image\/svg+xml,%3Csvg%20xmlns%3D%22http%3A%2F%2Fwww.w3.org%2F2000%2Fsvg%22%20width%3D%22250%22%20height%3D%22200%22%20viewBox%3D%220%200%20250%20200%22%3E%3C%2Fsvg%3E\" loading=\"eager\"><\/span><span class=\"fg-image-overlay\"><\/span><\/a><figcaption class=\"fg-caption\"><div class=\"fg-caption-inner\"><div class=\"fg-caption-title\">Ehemalige Baracke der Wachsoldaten, die vom Abriss bedroht ist - \u00a9 C. F\u00f6\u00dfmeier<\/div><\/div><\/figcaption><\/figure><div class=\"fg-loader\"><\/div><\/div><div class=\"fg-item fg-type-image fg-idle\"><figure class=\"fg-item-inner\"><a href=\"https:\/\/stalag-moosburg.de\/wp-content\/uploads\/2021\/03\/Kaserne-020_P52.939a-scaled.jpg\" data-caption-title=\"Ehemalige Baracken der Wachsoldaten, die vom Abriss bedroht sind - \u00a9 G. Strehle\" data-attachment-id=\"5985\" rel=\"lightbox[5616]\" data-type=\"image\" class=\"fg-thumb\"><span class=\"fg-image-wrap\"><img decoding=\"async\" title=\"Ehemalige Baracken der Wachsoldaten, die vom Abriss bedroht sind - \u00a9 G. Strehle\" width=\"250\" height=\"200\" class=\"skip-lazy fg-image\" data-no-lazy=\"1\" data-src-fg=\"https:\/\/stalag-moosburg.de\/wp-content\/uploads\/cache\/2021\/03\/Kaserne-020_P52_939a-scaled\/2159833499.jpg\" src=\"data:image\/svg+xml,%3Csvg%20xmlns%3D%22http%3A%2F%2Fwww.w3.org%2F2000%2Fsvg%22%20width%3D%22250%22%20height%3D%22200%22%20viewBox%3D%220%200%20250%20200%22%3E%3C%2Fsvg%3E\" loading=\"eager\"><\/span><span class=\"fg-image-overlay\"><\/span><\/a><figcaption class=\"fg-caption\"><div class=\"fg-caption-inner\"><div class=\"fg-caption-title\">Ehemalige Baracken der Wachsoldaten, die vom Abriss bedroht sind - \u00a9 G. Strehle<\/div><\/div><\/figcaption><\/figure><div class=\"fg-loader\"><\/div><\/div>    <\/div>\n<\/div>\n<\/div><\/div><\/div><\/div>\n","protected":false},"excerpt":{"rendered":"","protected":false},"author":3,"featured_media":0,"parent":1799,"menu_order":0,"comment_status":"closed","ping_status":"closed","template":"","meta":{"footnotes":""},"class_list":["post-9262","page","type-page","status-publish","hentry"],"yoast_head":"<!-- This site is optimized with the Yoast SEO plugin v27.4 - https:\/\/yoast.com\/product\/yoast-seo-wordpress\/ -->\n<title>Denkmal - Stalag Moosburg e.V.<\/title>\n<meta name=\"robots\" content=\"index, follow, max-snippet:-1, max-image-preview:large, max-video-preview:-1\" \/>\n<link rel=\"canonical\" href=\"https:\/\/stalag-moosburg.de\/en\/aktuelles\/denkmal\/\" \/>\n<meta property=\"og:locale\" content=\"en_US\" \/>\n<meta property=\"og:type\" content=\"article\" \/>\n<meta property=\"og:title\" content=\"Denkmal - Stalag Moosburg e.V.\" \/>\n<meta property=\"og:url\" content=\"https:\/\/stalag-moosburg.de\/en\/aktuelles\/denkmal\/\" \/>\n<meta property=\"og:site_name\" content=\"Stalag Moosburg e.V.\" \/>\n<meta property=\"article:publisher\" content=\"https:\/\/www.facebook.com\/stalag.moosburg\" \/>\n<meta property=\"article:modified_time\" content=\"2023-06-25T09:20:17+00:00\" \/>\n<meta name=\"twitter:card\" content=\"summary_large_image\" \/>\n<meta name=\"twitter:label1\" content=\"Est. reading time\" \/>\n\t<meta name=\"twitter:data1\" content=\"7 minutes\" \/>\n<script type=\"application\/ld+json\" class=\"yoast-schema-graph\">{\"@context\":\"https:\\\/\\\/schema.org\",\"@graph\":[{\"@type\":\"WebPage\",\"@id\":\"https:\\\/\\\/stalag-moosburg.de\\\/aktuelles\\\/denkmal\\\/\",\"url\":\"https:\\\/\\\/stalag-moosburg.de\\\/aktuelles\\\/denkmal\\\/\",\"name\":\"Denkmal - Stalag Moosburg e.V.\",\"isPartOf\":{\"@id\":\"https:\\\/\\\/stalag-moosburg.de\\\/#website\"},\"datePublished\":\"2023-02-26T11:33:52+00:00\",\"dateModified\":\"2023-06-25T09:20:17+00:00\",\"breadcrumb\":{\"@id\":\"https:\\\/\\\/stalag-moosburg.de\\\/aktuelles\\\/denkmal\\\/#breadcrumb\"},\"inLanguage\":\"en-US\",\"potentialAction\":[{\"@type\":\"ReadAction\",\"target\":[\"https:\\\/\\\/stalag-moosburg.de\\\/aktuelles\\\/denkmal\\\/\"]}]},{\"@type\":\"BreadcrumbList\",\"@id\":\"https:\\\/\\\/stalag-moosburg.de\\\/aktuelles\\\/denkmal\\\/#breadcrumb\",\"itemListElement\":[{\"@type\":\"ListItem\",\"position\":1,\"name\":\"Home\",\"item\":\"https:\\\/\\\/stalag-moosburg.de\\\/\"},{\"@type\":\"ListItem\",\"position\":2,\"name\":\"Aktuelles\",\"item\":\"https:\\\/\\\/stalag-moosburg.de\\\/aktuelles\\\/\"},{\"@type\":\"ListItem\",\"position\":3,\"name\":\"Denkmal\"}]},{\"@type\":\"WebSite\",\"@id\":\"https:\\\/\\\/stalag-moosburg.de\\\/#website\",\"url\":\"https:\\\/\\\/stalag-moosburg.de\\\/\",\"name\":\"Stalag Moosburg e.V.\",\"description\":\"Verein zur F\u00f6rderung interkultureller Begegnung\",\"publisher\":{\"@id\":\"https:\\\/\\\/stalag-moosburg.de\\\/#organization\"},\"potentialAction\":[{\"@type\":\"SearchAction\",\"target\":{\"@type\":\"EntryPoint\",\"urlTemplate\":\"https:\\\/\\\/stalag-moosburg.de\\\/?s={search_term_string}\"},\"query-input\":{\"@type\":\"PropertyValueSpecification\",\"valueRequired\":true,\"valueName\":\"search_term_string\"}}],\"inLanguage\":\"en-US\"},{\"@type\":\"Organization\",\"@id\":\"https:\\\/\\\/stalag-moosburg.de\\\/#organization\",\"name\":\"Stalag Moosburg e.V.\",\"url\":\"https:\\\/\\\/stalag-moosburg.de\\\/\",\"logo\":{\"@type\":\"ImageObject\",\"inLanguage\":\"en-US\",\"@id\":\"https:\\\/\\\/stalag-moosburg.de\\\/#\\\/schema\\\/logo\\\/image\\\/\",\"url\":\"https:\\\/\\\/stalag-moosburg.de\\\/wp-content\\\/uploads\\\/2021\\\/04\\\/Logo-Stalag-Verein-Rechteck.jpg\",\"contentUrl\":\"https:\\\/\\\/stalag-moosburg.de\\\/wp-content\\\/uploads\\\/2021\\\/04\\\/Logo-Stalag-Verein-Rechteck.jpg\",\"width\":1074,\"height\":960,\"caption\":\"Stalag Moosburg e.V.\"},\"image\":{\"@id\":\"https:\\\/\\\/stalag-moosburg.de\\\/#\\\/schema\\\/logo\\\/image\\\/\"},\"sameAs\":[\"https:\\\/\\\/www.facebook.com\\\/stalag.moosburg\"]}]}<\/script>\n<!-- \/ Yoast SEO plugin. -->","yoast_head_json":{"title":"Denkmal - Stalag Moosburg e.V.","robots":{"index":"index","follow":"follow","max-snippet":"max-snippet:-1","max-image-preview":"max-image-preview:large","max-video-preview":"max-video-preview:-1"},"canonical":"https:\/\/stalag-moosburg.de\/en\/aktuelles\/denkmal\/","og_locale":"en_US","og_type":"article","og_title":"Denkmal - Stalag Moosburg e.V.","og_url":"https:\/\/stalag-moosburg.de\/en\/aktuelles\/denkmal\/","og_site_name":"Stalag Moosburg e.V.","article_publisher":"https:\/\/www.facebook.com\/stalag.moosburg","article_modified_time":"2023-06-25T09:20:17+00:00","twitter_card":"summary_large_image","twitter_misc":{"Est. reading time":"7 minutes"},"schema":{"@context":"https:\/\/schema.org","@graph":[{"@type":"WebPage","@id":"https:\/\/stalag-moosburg.de\/aktuelles\/denkmal\/","url":"https:\/\/stalag-moosburg.de\/aktuelles\/denkmal\/","name":"Denkmal - Stalag Moosburg e.V.","isPartOf":{"@id":"https:\/\/stalag-moosburg.de\/#website"},"datePublished":"2023-02-26T11:33:52+00:00","dateModified":"2023-06-25T09:20:17+00:00","breadcrumb":{"@id":"https:\/\/stalag-moosburg.de\/aktuelles\/denkmal\/#breadcrumb"},"inLanguage":"en-US","potentialAction":[{"@type":"ReadAction","target":["https:\/\/stalag-moosburg.de\/aktuelles\/denkmal\/"]}]},{"@type":"BreadcrumbList","@id":"https:\/\/stalag-moosburg.de\/aktuelles\/denkmal\/#breadcrumb","itemListElement":[{"@type":"ListItem","position":1,"name":"Home","item":"https:\/\/stalag-moosburg.de\/"},{"@type":"ListItem","position":2,"name":"Aktuelles","item":"https:\/\/stalag-moosburg.de\/aktuelles\/"},{"@type":"ListItem","position":3,"name":"Denkmal"}]},{"@type":"WebSite","@id":"https:\/\/stalag-moosburg.de\/#website","url":"https:\/\/stalag-moosburg.de\/","name":"Stalag Moosburg e.V.","description":"Verein zur F\u00f6rderung interkultureller Begegnung","publisher":{"@id":"https:\/\/stalag-moosburg.de\/#organization"},"potentialAction":[{"@type":"SearchAction","target":{"@type":"EntryPoint","urlTemplate":"https:\/\/stalag-moosburg.de\/?s={search_term_string}"},"query-input":{"@type":"PropertyValueSpecification","valueRequired":true,"valueName":"search_term_string"}}],"inLanguage":"en-US"},{"@type":"Organization","@id":"https:\/\/stalag-moosburg.de\/#organization","name":"Stalag Moosburg e.V.","url":"https:\/\/stalag-moosburg.de\/","logo":{"@type":"ImageObject","inLanguage":"en-US","@id":"https:\/\/stalag-moosburg.de\/#\/schema\/logo\/image\/","url":"https:\/\/stalag-moosburg.de\/wp-content\/uploads\/2021\/04\/Logo-Stalag-Verein-Rechteck.jpg","contentUrl":"https:\/\/stalag-moosburg.de\/wp-content\/uploads\/2021\/04\/Logo-Stalag-Verein-Rechteck.jpg","width":1074,"height":960,"caption":"Stalag Moosburg e.V."},"image":{"@id":"https:\/\/stalag-moosburg.de\/#\/schema\/logo\/image\/"},"sameAs":["https:\/\/www.facebook.com\/stalag.moosburg"]}]}},"_links":{"self":[{"href":"https:\/\/stalag-moosburg.de\/en\/wp-json\/wp\/v2\/pages\/9262","targetHints":{"allow":["GET"]}}],"collection":[{"href":"https:\/\/stalag-moosburg.de\/en\/wp-json\/wp\/v2\/pages"}],"about":[{"href":"https:\/\/stalag-moosburg.de\/en\/wp-json\/wp\/v2\/types\/page"}],"author":[{"embeddable":true,"href":"https:\/\/stalag-moosburg.de\/en\/wp-json\/wp\/v2\/users\/3"}],"replies":[{"embeddable":true,"href":"https:\/\/stalag-moosburg.de\/en\/wp-json\/wp\/v2\/comments?post=9262"}],"version-history":[{"count":14,"href":"https:\/\/stalag-moosburg.de\/en\/wp-json\/wp\/v2\/pages\/9262\/revisions"}],"predecessor-version":[{"id":9514,"href":"https:\/\/stalag-moosburg.de\/en\/wp-json\/wp\/v2\/pages\/9262\/revisions\/9514"}],"up":[{"embeddable":true,"href":"https:\/\/stalag-moosburg.de\/en\/wp-json\/wp\/v2\/pages\/1799"}],"wp:attachment":[{"href":"https:\/\/stalag-moosburg.de\/en\/wp-json\/wp\/v2\/media?parent=9262"}],"curies":[{"name":"wp","href":"https:\/\/api.w.org\/{rel}","templated":true}]}}