{"id":7793,"date":"2022-03-03T12:25:36","date_gmt":"2022-03-03T11:25:36","guid":{"rendered":"https:\/\/stalag-moosburg.de\/?page_id=7793"},"modified":"2022-09-13T17:08:46","modified_gmt":"2022-09-13T15:08:46","slug":"fuehrungen","status":"publish","type":"page","link":"https:\/\/stalag-moosburg.de\/en\/aktuelles\/kunst\/fuehrungen\/","title":{"rendered":"Guided tours"},"content":{"rendered":"<div class=\"fusion-fullwidth fullwidth-box fusion-builder-row-1 fusion-flex-container nonhundred-percent-fullwidth non-hundred-percent-height-scrolling fusion-menu\" style=\"--awb-border-radius-top-left:0px;--awb-border-radius-top-right:0px;--awb-border-radius-bottom-right:0px;--awb-border-radius-bottom-left:0px;--awb-flex-wrap:wrap;\" ><div class=\"fusion-builder-row fusion-row fusion-flex-align-items-flex-start fusion-flex-content-wrap\" style=\"max-width:1216.8px;margin-left: calc(-4% \/ 2 );margin-right: calc(-4% \/ 2 );\"><div class=\"fusion-layout-column fusion_builder_column fusion-builder-column-0 fusion_builder_column_1_2 1_2 fusion-flex-column\" style=\"--awb-bg-size:cover;--awb-width-large:50%;--awb-margin-top-large:0px;--awb-spacing-right-large:3.84%;--awb-margin-bottom-large:20px;--awb-spacing-left-large:3.84%;--awb-width-medium:100%;--awb-order-medium:0;--awb-spacing-right-medium:1.92%;--awb-spacing-left-medium:1.92%;--awb-width-small:100%;--awb-order-small:0;--awb-spacing-right-small:1.92%;--awb-spacing-left-small:1.92%;\"><div class=\"fusion-column-wrapper fusion-column-has-shadow fusion-flex-justify-content-flex-start fusion-content-layout-column\"><div class=\"fusion-text fusion-text-1\" style=\"--awb-text-transform:none;\"><h1 class=\"fusion-responsive-typography-calculated\" style=\"--fontsize: 40; line-height: 1.2;\" data-fontsize=\"40\" data-lineheight=\"48px\">Teil 4: &#8222;Unter Verdacht&#8220;<\/h1>\n<h2 class=\"fusion-responsive-typography-calculated\" style=\"--fontsize: 25; line-height: 1.2;\" data-fontsize=\"25\" data-lineheight=\"30px\">Ausstellungsf\u00fchrungen<\/h2>\n<p>Karl Rausch (Mitglied des Vorstands) und die Christine F\u00f6\u00dfmeier (Kunsthistorikerin) bieten kostenlose F\u00fchrungen durch die Ausstellung an. Neben den k\u00fcnstlerischen Aspekten werden auch die historischen, geographischen und heimatkundlichen Zusammenh\u00e4nge mit angesprochen. Karl Rausch war vor seinem Ruhestand als Geschichtslehrer am Gymnasium Moosburg t\u00e4tig und hat im Rahmen des Stalag-Vereins auch <a href=\"https:\/\/stalag-moosburg.de\/en\/dokumentationen\/publikationen\/#a_auf-den-spuren\">Forschungen zum Stalag VII A publizier<\/a>t. Christine F\u00f6\u00dfmeier befasst sich seit Jahren mit Geschichte des Stalag und seinen Besuchern, hat die Ausstellung inhaltlich konzipiert und auch <a href=\"https:\/\/stalag-moosburg.de\/en\/dokumentationen\/publikationen\/#a_volti\" target=\"_blank\" rel=\"noopener\">Publikationen zum Thema Kunst im Stalag<\/a> herausgegeben.<\/p>\n<h2 class=\"fusion-responsive-typography-calculated\" style=\"--fontsize: 25; line-height: 1.2;\" data-fontsize=\"25\" data-lineheight=\"30px\">F\u00fchrungen f\u00fcr Schulen<\/h2>\n<p>F\u00fcr Schulen bieten wir eigene F\u00fchrungen mit Klassen oder Sch\u00fclergruppen und Termine von Montag bis Freitag jeweils am Vormittag von 8 bis 13 Uhr und von Montag bis Donnerstag auch nachmittags von 14 bis 17 Uhr an. Man sollte f\u00fcr einen Besuch mit Hin- und R\u00fcckweg etwa zwei Schulstunden (90 Minuten) einplanen.<\/p>\n<p>\u00dcber einen regen Besuch w\u00fcrden wir uns sehr freuen. F\u00fcr R\u00fcckfragen steht Herr Rausch gerne zur Verf\u00fcgung.<br \/>\n(Tel. <a href=\"tel:08764920730\">08764 920730<\/a>, mobil <a href=\"tel:01755777478\">0175 5777478<\/a>, <a href=\"mailto:rausch.karl@t-online.de\">rausch.karl@t-online.de<\/a>)<\/p>\n<p><strong><a href=\"#a_anmeldung\">Bitte melden Sie sich hier f\u00fcr einen Termin an.<\/a><\/strong><\/p>\n<p><a href=\"https:\/\/stalag-moosburg.de\/en\/aktuelles\/kunst\/\">&lt;&lt;&lt; zur\u00fcck<\/a><\/p>\n<\/div><\/div><\/div><div class=\"fusion-layout-column fusion_builder_column fusion-builder-column-1 fusion_builder_column_1_2 1_2 fusion-flex-column\" style=\"--awb-bg-size:cover;--awb-width-large:50%;--awb-margin-top-large:0px;--awb-spacing-right-large:3.84%;--awb-margin-bottom-large:20px;--awb-spacing-left-large:3.84%;--awb-width-medium:100%;--awb-order-medium:0;--awb-spacing-right-medium:1.92%;--awb-spacing-left-medium:1.92%;--awb-width-small:100%;--awb-order-small:0;--awb-spacing-right-small:1.92%;--awb-spacing-left-small:1.92%;\"><div class=\"fusion-column-wrapper fusion-column-has-shadow fusion-flex-justify-content-flex-start fusion-content-layout-column\"><div class=\"fusion-text fusion-text-2\" style=\"--awb-text-transform:none;\"><h2><div class=\"fusion-menu-anchor fusion-menu\" id=\"a_anmeldung\"><\/div>Anmeldung<\/h2>\n<\/div><p class=\"wpcf7-contact-form-not-found\"><strong>Error:<\/strong> Contact form not found.<\/p><\/div><\/div><\/div><\/div>","protected":false},"excerpt":{"rendered":"","protected":false},"author":3,"featured_media":0,"parent":7660,"menu_order":3,"comment_status":"closed","ping_status":"closed","template":"","meta":{"footnotes":""},"class_list":["post-7793","page","type-page","status-publish","hentry"],"yoast_head":"<!-- This site is optimized with the Yoast SEO plugin v27.4 - https:\/\/yoast.com\/product\/yoast-seo-wordpress\/ -->\n<title>F\u00fchrungen - Stalag Moosburg e.V.<\/title>\n<meta name=\"robots\" content=\"index, follow, max-snippet:-1, max-image-preview:large, max-video-preview:-1\" \/>\n<link rel=\"canonical\" href=\"https:\/\/stalag-moosburg.de\/en\/aktuelles\/kunst\/fuehrungen\/\" \/>\n<meta property=\"og:locale\" content=\"en_US\" \/>\n<meta property=\"og:type\" content=\"article\" \/>\n<meta property=\"og:title\" content=\"F\u00fchrungen - Stalag Moosburg e.V.\" \/>\n<meta property=\"og:url\" content=\"https:\/\/stalag-moosburg.de\/en\/aktuelles\/kunst\/fuehrungen\/\" \/>\n<meta property=\"og:site_name\" content=\"Stalag Moosburg e.V.\" \/>\n<meta property=\"article:publisher\" content=\"https:\/\/www.facebook.com\/stalag.moosburg\" \/>\n<meta property=\"article:modified_time\" content=\"2022-09-13T15:08:46+00:00\" \/>\n<meta name=\"twitter:card\" content=\"summary_large_image\" \/>\n<meta name=\"twitter:label1\" content=\"Est. reading time\" \/>\n\t<meta name=\"twitter:data1\" content=\"3 minutes\" \/>\n<script type=\"application\/ld+json\" class=\"yoast-schema-graph\">{\"@context\":\"https:\\\/\\\/schema.org\",\"@graph\":[{\"@type\":\"WebPage\",\"@id\":\"https:\\\/\\\/stalag-moosburg.de\\\/aktuelles\\\/kunst\\\/fuehrungen\\\/\",\"url\":\"https:\\\/\\\/stalag-moosburg.de\\\/aktuelles\\\/kunst\\\/fuehrungen\\\/\",\"name\":\"F\u00fchrungen - Stalag Moosburg e.V.\",\"isPartOf\":{\"@id\":\"https:\\\/\\\/stalag-moosburg.de\\\/#website\"},\"datePublished\":\"2022-03-03T11:25:36+00:00\",\"dateModified\":\"2022-09-13T15:08:46+00:00\",\"breadcrumb\":{\"@id\":\"https:\\\/\\\/stalag-moosburg.de\\\/aktuelles\\\/kunst\\\/fuehrungen\\\/#breadcrumb\"},\"inLanguage\":\"en-US\",\"potentialAction\":[{\"@type\":\"ReadAction\",\"target\":[\"https:\\\/\\\/stalag-moosburg.de\\\/aktuelles\\\/kunst\\\/fuehrungen\\\/\"]}]},{\"@type\":\"BreadcrumbList\",\"@id\":\"https:\\\/\\\/stalag-moosburg.de\\\/aktuelles\\\/kunst\\\/fuehrungen\\\/#breadcrumb\",\"itemListElement\":[{\"@type\":\"ListItem\",\"position\":1,\"name\":\"Home\",\"item\":\"https:\\\/\\\/stalag-moosburg.de\\\/\"},{\"@type\":\"ListItem\",\"position\":2,\"name\":\"Aktuelles\",\"item\":\"https:\\\/\\\/stalag-moosburg.de\\\/aktuelles\\\/\"},{\"@type\":\"ListItem\",\"position\":3,\"name\":\"Kunstausstellung\",\"item\":\"https:\\\/\\\/stalag-moosburg.de\\\/aktuelles\\\/kunst\\\/\"},{\"@type\":\"ListItem\",\"position\":4,\"name\":\"F\u00fchrungen\"}]},{\"@type\":\"WebSite\",\"@id\":\"https:\\\/\\\/stalag-moosburg.de\\\/#website\",\"url\":\"https:\\\/\\\/stalag-moosburg.de\\\/\",\"name\":\"Stalag Moosburg e.V.\",\"description\":\"Verein zur F\u00f6rderung interkultureller Begegnung\",\"publisher\":{\"@id\":\"https:\\\/\\\/stalag-moosburg.de\\\/#organization\"},\"potentialAction\":[{\"@type\":\"SearchAction\",\"target\":{\"@type\":\"EntryPoint\",\"urlTemplate\":\"https:\\\/\\\/stalag-moosburg.de\\\/?s={search_term_string}\"},\"query-input\":{\"@type\":\"PropertyValueSpecification\",\"valueRequired\":true,\"valueName\":\"search_term_string\"}}],\"inLanguage\":\"en-US\"},{\"@type\":\"Organization\",\"@id\":\"https:\\\/\\\/stalag-moosburg.de\\\/#organization\",\"name\":\"Stalag Moosburg e.V.\",\"url\":\"https:\\\/\\\/stalag-moosburg.de\\\/\",\"logo\":{\"@type\":\"ImageObject\",\"inLanguage\":\"en-US\",\"@id\":\"https:\\\/\\\/stalag-moosburg.de\\\/#\\\/schema\\\/logo\\\/image\\\/\",\"url\":\"https:\\\/\\\/stalag-moosburg.de\\\/wp-content\\\/uploads\\\/2021\\\/04\\\/Logo-Stalag-Verein-Rechteck.jpg\",\"contentUrl\":\"https:\\\/\\\/stalag-moosburg.de\\\/wp-content\\\/uploads\\\/2021\\\/04\\\/Logo-Stalag-Verein-Rechteck.jpg\",\"width\":1074,\"height\":960,\"caption\":\"Stalag Moosburg e.V.\"},\"image\":{\"@id\":\"https:\\\/\\\/stalag-moosburg.de\\\/#\\\/schema\\\/logo\\\/image\\\/\"},\"sameAs\":[\"https:\\\/\\\/www.facebook.com\\\/stalag.moosburg\"]}]}<\/script>\n<!-- \/ Yoast SEO plugin. -->","yoast_head_json":{"title":"F\u00fchrungen - Stalag Moosburg e.V.","robots":{"index":"index","follow":"follow","max-snippet":"max-snippet:-1","max-image-preview":"max-image-preview:large","max-video-preview":"max-video-preview:-1"},"canonical":"https:\/\/stalag-moosburg.de\/en\/aktuelles\/kunst\/fuehrungen\/","og_locale":"en_US","og_type":"article","og_title":"F\u00fchrungen - Stalag Moosburg e.V.","og_url":"https:\/\/stalag-moosburg.de\/en\/aktuelles\/kunst\/fuehrungen\/","og_site_name":"Stalag Moosburg e.V.","article_publisher":"https:\/\/www.facebook.com\/stalag.moosburg","article_modified_time":"2022-09-13T15:08:46+00:00","twitter_card":"summary_large_image","twitter_misc":{"Est. reading time":"3 minutes"},"schema":{"@context":"https:\/\/schema.org","@graph":[{"@type":"WebPage","@id":"https:\/\/stalag-moosburg.de\/aktuelles\/kunst\/fuehrungen\/","url":"https:\/\/stalag-moosburg.de\/aktuelles\/kunst\/fuehrungen\/","name":"F\u00fchrungen - Stalag Moosburg e.V.","isPartOf":{"@id":"https:\/\/stalag-moosburg.de\/#website"},"datePublished":"2022-03-03T11:25:36+00:00","dateModified":"2022-09-13T15:08:46+00:00","breadcrumb":{"@id":"https:\/\/stalag-moosburg.de\/aktuelles\/kunst\/fuehrungen\/#breadcrumb"},"inLanguage":"en-US","potentialAction":[{"@type":"ReadAction","target":["https:\/\/stalag-moosburg.de\/aktuelles\/kunst\/fuehrungen\/"]}]},{"@type":"BreadcrumbList","@id":"https:\/\/stalag-moosburg.de\/aktuelles\/kunst\/fuehrungen\/#breadcrumb","itemListElement":[{"@type":"ListItem","position":1,"name":"Home","item":"https:\/\/stalag-moosburg.de\/"},{"@type":"ListItem","position":2,"name":"Aktuelles","item":"https:\/\/stalag-moosburg.de\/aktuelles\/"},{"@type":"ListItem","position":3,"name":"Kunstausstellung","item":"https:\/\/stalag-moosburg.de\/aktuelles\/kunst\/"},{"@type":"ListItem","position":4,"name":"F\u00fchrungen"}]},{"@type":"WebSite","@id":"https:\/\/stalag-moosburg.de\/#website","url":"https:\/\/stalag-moosburg.de\/","name":"Stalag Moosburg e.V.","description":"Verein zur F\u00f6rderung interkultureller Begegnung","publisher":{"@id":"https:\/\/stalag-moosburg.de\/#organization"},"potentialAction":[{"@type":"SearchAction","target":{"@type":"EntryPoint","urlTemplate":"https:\/\/stalag-moosburg.de\/?s={search_term_string}"},"query-input":{"@type":"PropertyValueSpecification","valueRequired":true,"valueName":"search_term_string"}}],"inLanguage":"en-US"},{"@type":"Organization","@id":"https:\/\/stalag-moosburg.de\/#organization","name":"Stalag Moosburg e.V.","url":"https:\/\/stalag-moosburg.de\/","logo":{"@type":"ImageObject","inLanguage":"en-US","@id":"https:\/\/stalag-moosburg.de\/#\/schema\/logo\/image\/","url":"https:\/\/stalag-moosburg.de\/wp-content\/uploads\/2021\/04\/Logo-Stalag-Verein-Rechteck.jpg","contentUrl":"https:\/\/stalag-moosburg.de\/wp-content\/uploads\/2021\/04\/Logo-Stalag-Verein-Rechteck.jpg","width":1074,"height":960,"caption":"Stalag Moosburg e.V."},"image":{"@id":"https:\/\/stalag-moosburg.de\/#\/schema\/logo\/image\/"},"sameAs":["https:\/\/www.facebook.com\/stalag.moosburg"]}]}},"_links":{"self":[{"href":"https:\/\/stalag-moosburg.de\/en\/wp-json\/wp\/v2\/pages\/7793","targetHints":{"allow":["GET"]}}],"collection":[{"href":"https:\/\/stalag-moosburg.de\/en\/wp-json\/wp\/v2\/pages"}],"about":[{"href":"https:\/\/stalag-moosburg.de\/en\/wp-json\/wp\/v2\/types\/page"}],"author":[{"embeddable":true,"href":"https:\/\/stalag-moosburg.de\/en\/wp-json\/wp\/v2\/users\/3"}],"replies":[{"embeddable":true,"href":"https:\/\/stalag-moosburg.de\/en\/wp-json\/wp\/v2\/comments?post=7793"}],"version-history":[{"count":41,"href":"https:\/\/stalag-moosburg.de\/en\/wp-json\/wp\/v2\/pages\/7793\/revisions"}],"predecessor-version":[{"id":8500,"href":"https:\/\/stalag-moosburg.de\/en\/wp-json\/wp\/v2\/pages\/7793\/revisions\/8500"}],"up":[{"embeddable":true,"href":"https:\/\/stalag-moosburg.de\/en\/wp-json\/wp\/v2\/pages\/7660"}],"wp:attachment":[{"href":"https:\/\/stalag-moosburg.de\/en\/wp-json\/wp\/v2\/media?parent=7793"}],"curies":[{"name":"wp","href":"https:\/\/api.w.org\/{rel}","templated":true}]}}