{"id":1799,"date":"2016-03-01T02:21:41","date_gmt":"2016-03-01T01:21:41","guid":{"rendered":"https:\/\/stalag-moosburg.de\/?page_id=1799"},"modified":"2023-02-26T12:43:18","modified_gmt":"2023-02-26T11:43:18","slug":"aktuelles","status":"publish","type":"page","link":"https:\/\/stalag-moosburg.de\/en\/aktuelles\/","title":{"rendered":"News"},"content":{"rendered":"<div class=\"fusion-fullwidth fullwidth-box fusion-builder-row-1 fusion-flex-container nonhundred-percent-fullwidth non-hundred-percent-height-scrolling\" style=\"--awb-border-radius-top-left:0px;--awb-border-radius-top-right:0px;--awb-border-radius-bottom-right:0px;--awb-border-radius-bottom-left:0px;--awb-flex-wrap:wrap;\" ><div class=\"fusion-builder-row fusion-row fusion-flex-align-items-flex-start fusion-flex-content-wrap\" style=\"max-width:1216.8px;margin-left: calc(-4% \/ 2 );margin-right: calc(-4% \/ 2 );\"><div class=\"fusion-layout-column fusion_builder_column fusion-builder-column-0 fusion_builder_column_1_1 1_1 fusion-flex-column\" style=\"--awb-bg-size:cover;--awb-width-large:100%;--awb-margin-top-large:0px;--awb-spacing-right-large:1.92%;--awb-margin-bottom-large:0px;--awb-spacing-left-large:1.92%;--awb-width-medium:100%;--awb-order-medium:0;--awb-spacing-right-medium:1.92%;--awb-spacing-left-medium:1.92%;--awb-width-small:100%;--awb-order-small:0;--awb-spacing-right-small:1.92%;--awb-spacing-left-small:1.92%;\"><div class=\"fusion-column-wrapper fusion-column-has-shadow fusion-flex-justify-content-flex-start fusion-content-layout-column\"><div class=\"fusion-title title fusion-title-1 fusion-title-center fusion-title-text fusion-title-size-one\" style=\"--awb-margin-top-small:0px;--awb-margin-right-small:0px;--awb-margin-bottom-small:20px;--awb-margin-left-small:0px;\"><div class=\"title-sep-container title-sep-container-left\"><div class=\"title-sep sep- sep-solid\" style=\"border-color:#e2e2e2;\"><\/div><\/div><span class=\"awb-title-spacer\"><\/span><h1 class=\"fusion-title-heading title-heading-center fusion-responsive-typography-calculated\" style=\"margin:0;--fontSize:40;line-height:1.2;\"><p style=\"text-align: center;\">News<\/p><\/h1><span class=\"awb-title-spacer\"><\/span><div class=\"title-sep-container title-sep-container-right\"><div class=\"title-sep sep- sep-solid\" style=\"border-color:#e2e2e2;\"><\/div><\/div><\/div><div class=\"fusion-blog-shortcode fusion-blog-shortcode-1 fusion-blog-archive fusion-blog-layout-grid-wrapper fusion-blog-infinite\"><style type=\"text\/css\">.fusion-blog-shortcode-1 .fusion-blog-layout-grid .fusion-post-grid{padding:20px;}.fusion-blog-shortcode-1 .fusion-posts-container{margin-left: -20px !important; margin-right:-20px !important;}<\/style><div class=\"fusion-posts-container fusion-posts-container-infinite fusion-no-meta-info fusion-blog-layout-grid fusion-blog-layout-grid-2 isotope\" data-pages=\"8\" data-grid-col-space=\"40\" style=\"margin: -20px -20px 0;min-height:500px;\"><article id=\"blog-1-post-11949\" class=\"fusion-post-grid post-11949 post type-post status-publish format-standard has-post-thumbnail hentry category-aktuelles tag-besichtigung tag-wachmannschaftsbaracke\">\n<div class=\"fusion-post-wrapper\" style=\"background-color:rgba(242,242,242,1);border:1px solid #ebeaea;border-bottom-width:3px;\">\n\n\t\t\t<div class=\"fusion-flexslider flexslider fusion-flexslider-loading fusion-post-slideshow\" style=\"border-color:#ebeaea;\">\n\t\t<ul class=\"slides\">\n\t\t\t\n\t\t\t\t\t\t\t\t\t\t\t\t\t\t<li><div  class=\"fusion-image-wrapper\" aria-haspopup=\"true\">\n\t\t\t\t\t\t\t<a href=\"https:\/\/stalag-moosburg.de\/en\/weitere-besichtigungstermine-der-wachmannschaftsbaracke\/\" aria-label=\"Weitere Besichtigungstermine der Wachmannschaftsbaracke\">\n\t\t\t\t\t\t\t<img decoding=\"async\" width=\"1638\" height=\"2048\" src=\"https:\/\/stalag-moosburg.de\/wp-content\/uploads\/2026\/03\/IMG_2308-scaled.jpeg\" class=\"attachment-full size-full wp-post-image\" alt=\"\" srcset=\"https:\/\/stalag-moosburg.de\/wp-content\/uploads\/2026\/03\/IMG_2308-200x250.jpeg 200w, https:\/\/stalag-moosburg.de\/wp-content\/uploads\/2026\/03\/IMG_2308-400x500.jpeg 400w, https:\/\/stalag-moosburg.de\/wp-content\/uploads\/2026\/03\/IMG_2308-600x750.jpeg 600w, https:\/\/stalag-moosburg.de\/wp-content\/uploads\/2026\/03\/IMG_2308-800x1000.jpeg 800w, https:\/\/stalag-moosburg.de\/wp-content\/uploads\/2026\/03\/IMG_2308-1200x1500.jpeg 1200w, https:\/\/stalag-moosburg.de\/wp-content\/uploads\/2026\/03\/IMG_2308-scaled.jpeg 1638w\" sizes=\"(min-width: 2200px) 100vw, (min-width: 732px) 565px, (min-width: 640px) 732px, \" \/>\t\t\t<\/a>\n\t\t\t\t\t\t\t<\/div>\n<\/li>\n\t\t\t\n\t\t\t\n\t\t\t\t\t\t\t\t\t\t\t\t\t\t\t\t\t\t\t\t\t\t\t\t\t\t\t\t\t\t\t\t\t\t\t\t\t\t\t\t\t\t\t\t\t\t\t\t\t\t\t\t\t\t\t\t\t\t\t\t\t\t\t\t\t\t\t\t<\/ul>\n\t<\/div>\n\t<div class=\"fusion-post-content-wrapper\" style=\"padding:30px 25px 20px 25px;\"><div class=\"fusion-post-content post-content\"><h2 class=\"blog-shortcode-post-title\"><a href=\"https:\/\/stalag-moosburg.de\/en\/weitere-besichtigungstermine-der-wachmannschaftsbaracke\/\">Weitere Besichtigungstermine der Wachmannschaftsbaracke<\/a><\/h2><div class=\"fusion-post-content-container\"><p>Wir freuen uns, weitere Besichtigungstermine in der Wachmannschaftsbaracke anbieten zu k\u00f6nnen! Jeden zweiten Sonntag im Monat von 14:00 bis 16:00 Uhr in der Schlesierstra\u00dfe 5. Eine Anmeldung ist nicht erforderlich.<\/p><\/div><\/div><\/div><div class=\"fusion-clearfix\"><\/div><\/div>\n<\/article>\n<article id=\"blog-1-post-11838\" class=\"fusion-post-grid post-11838 post type-post status-publish format-standard has-post-thumbnail hentry category-aktuelles tag-ausstellungskatalog tag-einladung tag-praesentation\">\n<div class=\"fusion-post-wrapper\" style=\"background-color:rgba(242,242,242,1);border:1px solid #ebeaea;border-bottom-width:3px;\">\n\n\t\t\t<div class=\"fusion-flexslider flexslider fusion-flexslider-loading fusion-post-slideshow\" style=\"border-color:#ebeaea;\">\n\t\t<ul class=\"slides\">\n\t\t\t\n\t\t\t\t\t\t\t\t\t\t\t\t\t\t<li><div  class=\"fusion-image-wrapper\" aria-haspopup=\"true\">\n\t\t\t\t\t\t\t<a href=\"https:\/\/stalag-moosburg.de\/en\/katalogpraesentation-am-freitag-den-27-februar\/\" aria-label=\"Katalogpr\u00e4sentation am Freitag den 27. Februar\">\n\t\t\t\t\t\t\t<img decoding=\"async\" width=\"768\" height=\"492\" src=\"https:\/\/stalag-moosburg.de\/wp-content\/uploads\/2026\/02\/ausstellungskatalog-1.jpg\" class=\"attachment-full size-full wp-post-image\" alt=\"\" srcset=\"https:\/\/stalag-moosburg.de\/wp-content\/uploads\/2026\/02\/ausstellungskatalog-1-200x128.jpg 200w, https:\/\/stalag-moosburg.de\/wp-content\/uploads\/2026\/02\/ausstellungskatalog-1-400x256.jpg 400w, https:\/\/stalag-moosburg.de\/wp-content\/uploads\/2026\/02\/ausstellungskatalog-1-600x384.jpg 600w, https:\/\/stalag-moosburg.de\/wp-content\/uploads\/2026\/02\/ausstellungskatalog-1.jpg 768w\" sizes=\"(min-width: 2200px) 100vw, (min-width: 732px) 565px, (min-width: 640px) 732px, \" \/>\t\t\t<\/a>\n\t\t\t\t\t\t\t<\/div>\n<\/li>\n\t\t\t\n\t\t\t\n\t\t\t\t\t\t\t\t\t\t\t\t\t\t\t\t\t\t\t\t\t\t\t\t\t\t\t\t\t\t\t\t\t\t\t\t\t\t\t\t\t\t\t\t\t\t\t\t\t\t\t\t\t\t\t\t\t\t\t\t\t\t\t\t\t\t\t\t<\/ul>\n\t<\/div>\n\t<div class=\"fusion-post-content-wrapper\" style=\"padding:30px 25px 20px 25px;\"><div class=\"fusion-post-content post-content\"><h2 class=\"blog-shortcode-post-title\"><a href=\"https:\/\/stalag-moosburg.de\/en\/katalogpraesentation-am-freitag-den-27-februar\/\">Katalogpr\u00e4sentation am Freitag den 27. Februar<\/a><\/h2><div class=\"fusion-post-content-container\"><p>80 Jahre nach der Befreiung des ehemaligen Kriegsgefangenenlagers Stalag VII A l\u00e4dt die Stadt Moosburg an der Isar zur Pr\u00e4sentation des Ausstellungskatalogs \u201evergessen und vorbei?\u201c ein.<\/p><\/div><\/div><\/div><div class=\"fusion-clearfix\"><\/div><\/div>\n<\/article>\n<article id=\"blog-1-post-11503\" class=\"fusion-post-grid post-11503 post type-post status-publish format-standard has-post-thumbnail hentry category-aktuelles tag-besichtigung tag-fuehrung tag-geschichte-erleben tag-termin\">\n<div class=\"fusion-post-wrapper\" style=\"background-color:rgba(242,242,242,1);border:1px solid #ebeaea;border-bottom-width:3px;\">\n\n\t\t\t<div class=\"fusion-flexslider flexslider fusion-flexslider-loading fusion-post-slideshow\" style=\"border-color:#ebeaea;\">\n\t\t<ul class=\"slides\">\n\t\t\t\n\t\t\t\t\t\t\t\t\t\t\t\t\t\t<li><div  class=\"fusion-image-wrapper\" aria-haspopup=\"true\">\n\t\t\t\t\t\t\t<a href=\"https:\/\/stalag-moosburg.de\/en\/die-wachmannschaftsbaracke-kann-besichtigt-werden\/\" aria-label=\"Die Wachmannschaftsbaracke kann besichtigt werden!\">\n\t\t\t\t\t\t\t<img decoding=\"async\" width=\"1080\" height=\"1350\" src=\"https:\/\/stalag-moosburg.de\/wp-content\/uploads\/2025\/10\/3.jpg\" class=\"attachment-full size-full wp-post-image\" alt=\"\" srcset=\"https:\/\/stalag-moosburg.de\/wp-content\/uploads\/2025\/10\/3-200x250.jpg 200w, https:\/\/stalag-moosburg.de\/wp-content\/uploads\/2025\/10\/3-400x500.jpg 400w, https:\/\/stalag-moosburg.de\/wp-content\/uploads\/2025\/10\/3-600x750.jpg 600w, https:\/\/stalag-moosburg.de\/wp-content\/uploads\/2025\/10\/3-800x1000.jpg 800w, https:\/\/stalag-moosburg.de\/wp-content\/uploads\/2025\/10\/3.jpg 1080w\" sizes=\"(min-width: 2200px) 100vw, (min-width: 732px) 565px, (min-width: 640px) 732px, \" \/>\t\t\t<\/a>\n\t\t\t\t\t\t\t<\/div>\n<\/li>\n\t\t\t\n\t\t\t\n\t\t\t\t\t\t\t\t\t\t\t\t\t\t\t\t\t\t\t\t\t\t\t\t\t\t\t\t\t\t\t\t\t\t\t\t\t\t\t\t\t\t\t\t\t\t\t\t\t\t\t\t\t\t\t\t\t\t\t\t\t\t\t\t\t\t\t\t<\/ul>\n\t<\/div>\n\t<div class=\"fusion-post-content-wrapper\" style=\"padding:30px 25px 20px 25px;\"><div class=\"fusion-post-content post-content\"><h2 class=\"blog-shortcode-post-title\"><a href=\"https:\/\/stalag-moosburg.de\/en\/die-wachmannschaftsbaracke-kann-besichtigt-werden\/\">Die Wachmannschaftsbaracke kann besichtigt werden!<\/a><\/h2><div class=\"fusion-post-content-container\"><p>Die Wachmannschaftsbaracke an der Schlesierstr. 5 kann an folgenden Sonntagen von 14:00 - 17:00 Uhr besichtigt werden...<\/p><\/div><\/div><\/div><div class=\"fusion-clearfix\"><\/div><\/div>\n<\/article>\n<article id=\"blog-1-post-11512\" class=\"fusion-post-grid post-11512 post type-post status-publish format-standard has-post-thumbnail hentry category-aktuelles tag-dokumentationszentrum tag-erhalt tag-machbarkeitsstudie\">\n<div class=\"fusion-post-wrapper\" style=\"background-color:rgba(242,242,242,1);border:1px solid #ebeaea;border-bottom-width:3px;\">\n\n\t\t\t<div class=\"fusion-flexslider flexslider fusion-flexslider-loading fusion-post-slideshow\" style=\"border-color:#ebeaea;\">\n\t\t<ul class=\"slides\">\n\t\t\t\n\t\t\t\t\t\t\t\t\t\t\t\t\t\t<li><div  class=\"fusion-image-wrapper\" aria-haspopup=\"true\">\n\t\t\t\t\t\t\t<a href=\"https:\/\/stalag-moosburg.de\/en\/ein-weiterer-grosser-schritt-fuer-das-stalag-areal-ist-erreicht\/\" aria-label=\"Ein weiterer gro\u00dfer Schritt f\u00fcr das Stalag-Areal ist erreicht\">\n\t\t\t\t\t\t\t<img decoding=\"async\" width=\"1080\" height=\"1350\" src=\"https:\/\/stalag-moosburg.de\/wp-content\/uploads\/2025\/10\/Unbenannt-2.jpg\" class=\"attachment-full size-full wp-post-image\" alt=\"\" srcset=\"https:\/\/stalag-moosburg.de\/wp-content\/uploads\/2025\/10\/Unbenannt-2-200x250.jpg 200w, https:\/\/stalag-moosburg.de\/wp-content\/uploads\/2025\/10\/Unbenannt-2-400x500.jpg 400w, https:\/\/stalag-moosburg.de\/wp-content\/uploads\/2025\/10\/Unbenannt-2-600x750.jpg 600w, https:\/\/stalag-moosburg.de\/wp-content\/uploads\/2025\/10\/Unbenannt-2-800x1000.jpg 800w, https:\/\/stalag-moosburg.de\/wp-content\/uploads\/2025\/10\/Unbenannt-2.jpg 1080w\" sizes=\"(min-width: 2200px) 100vw, (min-width: 732px) 565px, (min-width: 640px) 732px, \" \/>\t\t\t<\/a>\n\t\t\t\t\t\t\t<\/div>\n<\/li>\n\t\t\t\n\t\t\t\n\t\t\t\t\t\t\t\t\t\t\t\t\t\t\t\t\t\t\t\t\t\t\t\t\t\t\t\t\t\t\t\t\t\t\t\t\t\t\t\t\t\t\t\t\t\t\t\t\t\t\t\t\t\t\t\t\t\t\t\t\t\t\t\t\t\t\t\t<\/ul>\n\t<\/div>\n\t<div class=\"fusion-post-content-wrapper\" style=\"padding:30px 25px 20px 25px;\"><div class=\"fusion-post-content post-content\"><h2 class=\"blog-shortcode-post-title\"><a href=\"https:\/\/stalag-moosburg.de\/en\/ein-weiterer-grosser-schritt-fuer-das-stalag-areal-ist-erreicht\/\">Ein weiterer gro\u00dfer Schritt f\u00fcr das Stalag-Areal ist erreicht<\/a><\/h2><div class=\"fusion-post-content-container\"><p>Die Deutsche Stiftung Denkmalschutz und das Bayerische Landesamt f\u00fcr Denkmalpflege stellen 100% F\u00f6rderung f\u00fcr Machbarkeitsstudie in Aussicht.<\/p><\/div><\/div><\/div><div class=\"fusion-clearfix\"><\/div><\/div>\n<\/article>\n<article id=\"blog-1-post-11482\" class=\"fusion-post-grid post-11482 post type-post status-publish format-standard has-post-thumbnail hentry category-aktuelles tag-tag-des-offenen-denkmals\">\n<div class=\"fusion-post-wrapper\" style=\"background-color:rgba(242,242,242,1);border:1px solid #ebeaea;border-bottom-width:3px;\">\n\n\t\t\t<div class=\"fusion-flexslider flexslider fusion-flexslider-loading fusion-post-slideshow\" style=\"border-color:#ebeaea;\">\n\t\t<ul class=\"slides\">\n\t\t\t\n\t\t\t\t\t\t\t\t\t\t\t\t\t\t<li><div  class=\"fusion-image-wrapper\" aria-haspopup=\"true\">\n\t\t\t\t\t\t\t<a href=\"https:\/\/stalag-moosburg.de\/en\/ein-bewegender-und-erfolgreicher-tag-des-offenen-denkmals\/\" aria-label=\"Ein bewegender und erfolgreicher Tag des offenen Denkmals!\">\n\t\t\t\t\t\t\t<img decoding=\"async\" width=\"2000\" height=\"1333\" src=\"https:\/\/stalag-moosburg.de\/wp-content\/uploads\/2025\/10\/Foessmeier_0241_WMB-Eroeffnung_KarenTinaLandrat.jpg\" class=\"attachment-full size-full wp-post-image\" alt=\"\" srcset=\"https:\/\/stalag-moosburg.de\/wp-content\/uploads\/2025\/10\/Foessmeier_0241_WMB-Eroeffnung_KarenTinaLandrat-200x133.jpg 200w, https:\/\/stalag-moosburg.de\/wp-content\/uploads\/2025\/10\/Foessmeier_0241_WMB-Eroeffnung_KarenTinaLandrat-400x267.jpg 400w, https:\/\/stalag-moosburg.de\/wp-content\/uploads\/2025\/10\/Foessmeier_0241_WMB-Eroeffnung_KarenTinaLandrat-600x400.jpg 600w, https:\/\/stalag-moosburg.de\/wp-content\/uploads\/2025\/10\/Foessmeier_0241_WMB-Eroeffnung_KarenTinaLandrat-800x533.jpg 800w, https:\/\/stalag-moosburg.de\/wp-content\/uploads\/2025\/10\/Foessmeier_0241_WMB-Eroeffnung_KarenTinaLandrat-1200x800.jpg 1200w, https:\/\/stalag-moosburg.de\/wp-content\/uploads\/2025\/10\/Foessmeier_0241_WMB-Eroeffnung_KarenTinaLandrat.jpg 2000w\" sizes=\"(min-width: 2200px) 100vw, (min-width: 732px) 565px, (min-width: 640px) 732px, \" \/>\t\t\t<\/a>\n\t\t\t\t\t\t\t<\/div>\n<\/li>\n\t\t\t\n\t\t\t\n\t\t\t\t\t\t\t\t\t\t\t\t\t\t\t\t\t\t\t\t\t\t\t\t\t\t\t\t\t\t\t\t\t\t\t\t\t\t\t\t\t\t\t\t\t\t\t\t\t\t\t\t\t\t\t\t\t\t\t\t\t\t\t\t\t\t\t\t<\/ul>\n\t<\/div>\n\t<div class=\"fusion-post-content-wrapper\" style=\"padding:30px 25px 20px 25px;\"><div class=\"fusion-post-content post-content\"><h2 class=\"blog-shortcode-post-title\"><a href=\"https:\/\/stalag-moosburg.de\/en\/ein-bewegender-und-erfolgreicher-tag-des-offenen-denkmals\/\">Ein bewegender und erfolgreicher Tag des offenen Denkmals!<\/a><\/h2><div class=\"fusion-post-content-container\"><p>Wir freuen uns sehr \u00fcber das gro\u00dfe Interesse an der ge\u00f6ffneten Wachmannschaftsbaracke des ehemaligen Kriegsgefangenenlagers Stalag VII A.<\/p><\/div><\/div><\/div><div class=\"fusion-clearfix\"><\/div><\/div>\n<\/article>\n<article id=\"blog-1-post-11275\" class=\"fusion-post-grid post-11275 post type-post status-publish format-standard has-post-thumbnail hentry category-aktuelles tag-ausstellung\">\n<div class=\"fusion-post-wrapper\" style=\"background-color:rgba(242,242,242,1);border:1px solid #ebeaea;border-bottom-width:3px;\">\n\n\t\t\t<div class=\"fusion-flexslider flexslider fusion-flexslider-loading fusion-post-slideshow\" style=\"border-color:#ebeaea;\">\n\t\t<ul class=\"slides\">\n\t\t\t\n\t\t\t\t\t\t\t\t\t\t\t\t\t\t<li><div  class=\"fusion-image-wrapper\" aria-haspopup=\"true\">\n\t\t\t\t\t\t\t<a href=\"https:\/\/stalag-moosburg.de\/en\/erinnerung-die-bleibt-ueber-3-200-besucher-bei-ausstellung-zum-stalag-vii-a\/\" aria-label=\"Erinnerung, die bleibt \u2013 \u00dcber 3.200 Besucher bei Ausstellung zum Stalag VII A\">\n\t\t\t\t\t\t\t<img decoding=\"async\" width=\"2048\" height=\"2048\" src=\"https:\/\/stalag-moosburg.de\/wp-content\/uploads\/2025\/07\/IMG_7500-scaled.jpg\" class=\"attachment-full size-full wp-post-image\" alt=\"\" srcset=\"https:\/\/stalag-moosburg.de\/wp-content\/uploads\/2025\/07\/IMG_7500-200x200.jpg 200w, https:\/\/stalag-moosburg.de\/wp-content\/uploads\/2025\/07\/IMG_7500-400x400.jpg 400w, https:\/\/stalag-moosburg.de\/wp-content\/uploads\/2025\/07\/IMG_7500-600x600.jpg 600w, https:\/\/stalag-moosburg.de\/wp-content\/uploads\/2025\/07\/IMG_7500-800x800.jpg 800w, https:\/\/stalag-moosburg.de\/wp-content\/uploads\/2025\/07\/IMG_7500-1200x1200.jpg 1200w, https:\/\/stalag-moosburg.de\/wp-content\/uploads\/2025\/07\/IMG_7500-scaled.jpg 2048w\" sizes=\"(min-width: 2200px) 100vw, (min-width: 732px) 565px, (min-width: 640px) 732px, \" \/>\t\t\t<\/a>\n\t\t\t\t\t\t\t<\/div>\n<\/li>\n\t\t\t\n\t\t\t\n\t\t\t\t\t\t\t\t\t\t\t\t\t\t\t\t\t\t\t\t\t\t\t\t\t\t\t\t\t\t\t\t\t\t\t\t\t\t\t\t\t\t\t\t\t\t\t\t\t\t\t\t\t\t\t\t\t\t\t\t\t\t\t\t\t\t\t\t<\/ul>\n\t<\/div>\n\t<div class=\"fusion-post-content-wrapper\" style=\"padding:30px 25px 20px 25px;\"><div class=\"fusion-post-content post-content\"><h2 class=\"blog-shortcode-post-title\"><a href=\"https:\/\/stalag-moosburg.de\/en\/erinnerung-die-bleibt-ueber-3-200-besucher-bei-ausstellung-zum-stalag-vii-a\/\">Erinnerung, die bleibt \u2013 \u00dcber 3.200 Besucher bei Ausstellung zum Stalag VII A<\/a><\/h2><div class=\"fusion-post-content-container\"><p>Die Ausstellung \"vergessen und vorbei?\", die anl\u00e4sslich des 80. Jahrestages der Befreiung des Stalag VII A in Moosburg stattfand, war ein gro\u00dfer Erfolg.<\/p><\/div><\/div><\/div><div class=\"fusion-clearfix\"><\/div><\/div>\n<\/article>\n<div class=\"fusion-clearfix\"><\/div><\/div><div class=\"fusion-infinite-scroll-trigger\"><\/div><div class=\"pagination infinite-scroll clearfix\" style=\"display:none;\"><span class=\"current\">1<\/span><a href=\"https:\/\/stalag-moosburg.de\/en\/wp-json\/wp\/v2\/pages\/1799\/page\/2\/\" class=\"inactive\">2<\/a><a class=\"pagination-next\" rel=\"next\" href=\"https:\/\/stalag-moosburg.de\/en\/wp-json\/wp\/v2\/pages\/1799\/page\/2\/\"><span class=\"page-text\">Next<\/span><span class=\"page-next\"><\/span><\/a><\/div><div class=\"fusion-clearfix\"><\/div><\/div><\/div><\/div><\/div><\/div>","protected":false},"excerpt":{"rendered":"","protected":false},"author":3,"featured_media":0,"parent":0,"menu_order":1,"comment_status":"closed","ping_status":"closed","template":"","meta":{"footnotes":""},"class_list":["post-1799","page","type-page","status-publish","hentry"],"yoast_head":"<!-- This site is optimized with the Yoast SEO plugin v27.4 - https:\/\/yoast.com\/product\/yoast-seo-wordpress\/ -->\n<title>Aktuelles - Stalag Moosburg e.V.<\/title>\n<meta name=\"robots\" content=\"index, follow, max-snippet:-1, max-image-preview:large, max-video-preview:-1\" \/>\n<link rel=\"canonical\" href=\"https:\/\/stalag-moosburg.de\/en\/aktuelles\/\" \/>\n<meta property=\"og:locale\" content=\"en_US\" \/>\n<meta property=\"og:type\" content=\"article\" \/>\n<meta property=\"og:title\" content=\"Aktuelles - Stalag Moosburg e.V.\" \/>\n<meta property=\"og:url\" content=\"https:\/\/stalag-moosburg.de\/en\/aktuelles\/\" \/>\n<meta property=\"og:site_name\" content=\"Stalag Moosburg e.V.\" \/>\n<meta property=\"article:publisher\" content=\"https:\/\/www.facebook.com\/stalag.moosburg\" \/>\n<meta property=\"article:modified_time\" content=\"2023-02-26T11:43:18+00:00\" \/>\n<meta name=\"twitter:card\" content=\"summary_large_image\" \/>\n<meta name=\"twitter:label1\" content=\"Est. reading time\" \/>\n\t<meta name=\"twitter:data1\" content=\"3 minutes\" \/>\n<script type=\"application\/ld+json\" class=\"yoast-schema-graph\">{\"@context\":\"https:\\\/\\\/schema.org\",\"@graph\":[{\"@type\":\"WebPage\",\"@id\":\"https:\\\/\\\/stalag-moosburg.de\\\/aktuelles\\\/\",\"url\":\"https:\\\/\\\/stalag-moosburg.de\\\/aktuelles\\\/\",\"name\":\"Aktuelles - Stalag Moosburg e.V.\",\"isPartOf\":{\"@id\":\"https:\\\/\\\/stalag-moosburg.de\\\/#website\"},\"datePublished\":\"2016-03-01T01:21:41+00:00\",\"dateModified\":\"2023-02-26T11:43:18+00:00\",\"breadcrumb\":{\"@id\":\"https:\\\/\\\/stalag-moosburg.de\\\/aktuelles\\\/#breadcrumb\"},\"inLanguage\":\"en-US\",\"potentialAction\":[{\"@type\":\"ReadAction\",\"target\":[\"https:\\\/\\\/stalag-moosburg.de\\\/aktuelles\\\/\"]}]},{\"@type\":\"BreadcrumbList\",\"@id\":\"https:\\\/\\\/stalag-moosburg.de\\\/aktuelles\\\/#breadcrumb\",\"itemListElement\":[{\"@type\":\"ListItem\",\"position\":1,\"name\":\"Home\",\"item\":\"https:\\\/\\\/stalag-moosburg.de\\\/\"},{\"@type\":\"ListItem\",\"position\":2,\"name\":\"Aktuelles\"}]},{\"@type\":\"WebSite\",\"@id\":\"https:\\\/\\\/stalag-moosburg.de\\\/#website\",\"url\":\"https:\\\/\\\/stalag-moosburg.de\\\/\",\"name\":\"Stalag Moosburg e.V.\",\"description\":\"Verein zur F\u00f6rderung interkultureller Begegnung\",\"publisher\":{\"@id\":\"https:\\\/\\\/stalag-moosburg.de\\\/#organization\"},\"potentialAction\":[{\"@type\":\"SearchAction\",\"target\":{\"@type\":\"EntryPoint\",\"urlTemplate\":\"https:\\\/\\\/stalag-moosburg.de\\\/?s={search_term_string}\"},\"query-input\":{\"@type\":\"PropertyValueSpecification\",\"valueRequired\":true,\"valueName\":\"search_term_string\"}}],\"inLanguage\":\"en-US\"},{\"@type\":\"Organization\",\"@id\":\"https:\\\/\\\/stalag-moosburg.de\\\/#organization\",\"name\":\"Stalag Moosburg e.V.\",\"url\":\"https:\\\/\\\/stalag-moosburg.de\\\/\",\"logo\":{\"@type\":\"ImageObject\",\"inLanguage\":\"en-US\",\"@id\":\"https:\\\/\\\/stalag-moosburg.de\\\/#\\\/schema\\\/logo\\\/image\\\/\",\"url\":\"https:\\\/\\\/stalag-moosburg.de\\\/wp-content\\\/uploads\\\/2021\\\/04\\\/Logo-Stalag-Verein-Rechteck.jpg\",\"contentUrl\":\"https:\\\/\\\/stalag-moosburg.de\\\/wp-content\\\/uploads\\\/2021\\\/04\\\/Logo-Stalag-Verein-Rechteck.jpg\",\"width\":1074,\"height\":960,\"caption\":\"Stalag Moosburg e.V.\"},\"image\":{\"@id\":\"https:\\\/\\\/stalag-moosburg.de\\\/#\\\/schema\\\/logo\\\/image\\\/\"},\"sameAs\":[\"https:\\\/\\\/www.facebook.com\\\/stalag.moosburg\"]}]}<\/script>\n<!-- \/ Yoast SEO plugin. -->","yoast_head_json":{"title":"Aktuelles - Stalag Moosburg e.V.","robots":{"index":"index","follow":"follow","max-snippet":"max-snippet:-1","max-image-preview":"max-image-preview:large","max-video-preview":"max-video-preview:-1"},"canonical":"https:\/\/stalag-moosburg.de\/en\/aktuelles\/","og_locale":"en_US","og_type":"article","og_title":"Aktuelles - Stalag Moosburg e.V.","og_url":"https:\/\/stalag-moosburg.de\/en\/aktuelles\/","og_site_name":"Stalag Moosburg e.V.","article_publisher":"https:\/\/www.facebook.com\/stalag.moosburg","article_modified_time":"2023-02-26T11:43:18+00:00","twitter_card":"summary_large_image","twitter_misc":{"Est. reading time":"3 minutes"},"schema":{"@context":"https:\/\/schema.org","@graph":[{"@type":"WebPage","@id":"https:\/\/stalag-moosburg.de\/aktuelles\/","url":"https:\/\/stalag-moosburg.de\/aktuelles\/","name":"Aktuelles - Stalag Moosburg e.V.","isPartOf":{"@id":"https:\/\/stalag-moosburg.de\/#website"},"datePublished":"2016-03-01T01:21:41+00:00","dateModified":"2023-02-26T11:43:18+00:00","breadcrumb":{"@id":"https:\/\/stalag-moosburg.de\/aktuelles\/#breadcrumb"},"inLanguage":"en-US","potentialAction":[{"@type":"ReadAction","target":["https:\/\/stalag-moosburg.de\/aktuelles\/"]}]},{"@type":"BreadcrumbList","@id":"https:\/\/stalag-moosburg.de\/aktuelles\/#breadcrumb","itemListElement":[{"@type":"ListItem","position":1,"name":"Home","item":"https:\/\/stalag-moosburg.de\/"},{"@type":"ListItem","position":2,"name":"Aktuelles"}]},{"@type":"WebSite","@id":"https:\/\/stalag-moosburg.de\/#website","url":"https:\/\/stalag-moosburg.de\/","name":"Stalag Moosburg e.V.","description":"Verein zur F\u00f6rderung interkultureller Begegnung","publisher":{"@id":"https:\/\/stalag-moosburg.de\/#organization"},"potentialAction":[{"@type":"SearchAction","target":{"@type":"EntryPoint","urlTemplate":"https:\/\/stalag-moosburg.de\/?s={search_term_string}"},"query-input":{"@type":"PropertyValueSpecification","valueRequired":true,"valueName":"search_term_string"}}],"inLanguage":"en-US"},{"@type":"Organization","@id":"https:\/\/stalag-moosburg.de\/#organization","name":"Stalag Moosburg e.V.","url":"https:\/\/stalag-moosburg.de\/","logo":{"@type":"ImageObject","inLanguage":"en-US","@id":"https:\/\/stalag-moosburg.de\/#\/schema\/logo\/image\/","url":"https:\/\/stalag-moosburg.de\/wp-content\/uploads\/2021\/04\/Logo-Stalag-Verein-Rechteck.jpg","contentUrl":"https:\/\/stalag-moosburg.de\/wp-content\/uploads\/2021\/04\/Logo-Stalag-Verein-Rechteck.jpg","width":1074,"height":960,"caption":"Stalag Moosburg e.V."},"image":{"@id":"https:\/\/stalag-moosburg.de\/#\/schema\/logo\/image\/"},"sameAs":["https:\/\/www.facebook.com\/stalag.moosburg"]}]}},"_links":{"self":[{"href":"https:\/\/stalag-moosburg.de\/en\/wp-json\/wp\/v2\/pages\/1799","targetHints":{"allow":["GET"]}}],"collection":[{"href":"https:\/\/stalag-moosburg.de\/en\/wp-json\/wp\/v2\/pages"}],"about":[{"href":"https:\/\/stalag-moosburg.de\/en\/wp-json\/wp\/v2\/types\/page"}],"author":[{"embeddable":true,"href":"https:\/\/stalag-moosburg.de\/en\/wp-json\/wp\/v2\/users\/3"}],"replies":[{"embeddable":true,"href":"https:\/\/stalag-moosburg.de\/en\/wp-json\/wp\/v2\/comments?post=1799"}],"version-history":[{"count":63,"href":"https:\/\/stalag-moosburg.de\/en\/wp-json\/wp\/v2\/pages\/1799\/revisions"}],"predecessor-version":[{"id":9523,"href":"https:\/\/stalag-moosburg.de\/en\/wp-json\/wp\/v2\/pages\/1799\/revisions\/9523"}],"wp:attachment":[{"href":"https:\/\/stalag-moosburg.de\/en\/wp-json\/wp\/v2\/media?parent=1799"}],"curies":[{"name":"wp","href":"https:\/\/api.w.org\/{rel}","templated":true}]}}